{"id":4699,"date":"2021-02-23T20:00:00","date_gmt":"2021-02-23T20:00:00","guid":{"rendered":"https:\/\/www.web-rr.de\/GHS-Buecherei\/?page_id=4699"},"modified":"2021-02-22T23:59:59","modified_gmt":"2021-02-22T23:59:59","slug":"p9783462048599","status":"publish","type":"page","link":"https:\/\/www.web-rr.de\/GHS-Buecherei\/index.php\/p9783462048599\/","title":{"rendered":"Lexika 10"},"content":{"rendered":"<table><tbody><tr><td class='rDTitel' colspan='2'>Der gro\u00dfe Wissenstest f\u00fcr Kinder: Was wei\u00dft du \u00fcber die Welt?<\/td><\/tr><tr><td><span class='rDLabel1'>Status: <\/span><span class='rDText1Gruen'>vorhanden<\/span><\/td><td><span class='rDLabel1'>Antolin: <\/span><span class='rDText1Rot'>Quiz nicht vorhanden.<\/span><\/td><\/tr><tr><td width=50%><img src='https:\/\/www.web-rr.de\/GHS-Buecherei\/wp-content\/uploads\/9783462048599.jpg' alt=''><\/td><td><p class='rDLabel2'>von <span class='rDText2'>Ansbert Kneip und Antonia Bauer<\/span><\/p><p class='rDLabel2'>Verlag: <span class='rDText2'>KiWi-Taschenbuch,  2016,  5.00 \u20ac<\/span><\/p><p class='rDLabel2'>B\u00fccherei-Barcode: <span class='rDText2'>9783462048599<\/span><\/p><p class='rDLabel2'>In der B\u00fccherei erfasst am: <span class='rDText2'>06.08.2018<\/span><\/p><p class='rDLabel2'>Stichw\u00f6rter: <span class='rDText2'>Allgemeinwissen, Fragen, Antworten, Nachdenken, R\u00e4tseln, Herleiten, Weiterdenken, Spielen<\/span><\/p><p class='rDLabel2'>Lesealter ca. <span class='rDText2'>-<\/span><span class='rDLabel2'> Jahre<\/span><\/p><p class='rDLabel2'>Das Buch wurde <span class='rDText2'>0<\/span><span class='rDLabel2'> mal gelesen.<\/span><\/p><\/td><\/tr><tr><td colspan='2'><p class='rDLabel1'>Inhalt:<\/p><span class='rDText2'>Das Weltwissen der Kinder \u2013 der gro\u00dfe Wissenstest f\u00fcr FamilienWas passiert mit einer Cola-Flasche im Eisfach? Wie wird man mit YouTube-Videos reich? Was tun Muslime im Ramadan? Diese Fragen kommen selten in der Schule vor, aber Kinder wissen oft trotzdem die Antworten \u2013 weil sie sich f\u00fcr alles M\u00f6gliche interessieren und \u00fcberall Neues aufschnappen. Der gro\u00dfe \u00bbDein SPIEGEL\u00ab-Wissenstest f\u00fcr Kinder fragt nach Allgemeinwissen \u2013 also nach Dingen, die ein Kind wissen kann, vielleicht sogar wissen sollte, die aber nicht unbedingt im Lehrplan stehen. Ob man gute Noten hat, ist in diesem Test nicht wichtig, ob man sich f\u00fcr die Welt um einen herum interessiert, dagegen schon. 150 Fragen aus allen Wissensgebieten \u2013 von Comics \u00fcber Weltraum bis zu Politik und Sport \u2013 warten auf Antworten: Zum Nachdenken, R\u00e4tseln, Herleiten, Weiterdenken, Spielen und nat\u00fcrlich, um zu zeigen, was man schon wei\u00df. Hinzu kommen spannende Interviews \u2013 u.a. mit der Junioren-Ged\u00e4chtnisweltmeisterin \u2013 und Tipps zum Lernen. Ein gro\u00dfer Wissensspa\u00df f\u00fcr Kinder (ab 8 Jahren) und Eltern!<\/span><\/td><\/tr><tr><td colspan='2'><a href='#' onclick='history.back(); return false'>Zur\u00fcck<\/a><\/td><\/tr><\/tbody><\/table>\n","protected":false},"excerpt":{"rendered":"","protected":false},"author":1,"featured_media":0,"parent":0,"menu_order":0,"comment_status":"closed","ping_status":"closed","template":"","meta":[],"_links":{"self":[{"href":"https:\/\/www.web-rr.de\/GHS-Buecherei\/index.php\/wp-json\/wp\/v2\/pages\/4699"}],"collection":[{"href":"https:\/\/www.web-rr.de\/GHS-Buecherei\/index.php\/wp-json\/wp\/v2\/pages"}],"about":[{"href":"https:\/\/www.web-rr.de\/GHS-Buecherei\/index.php\/wp-json\/wp\/v2\/types\/page"}],"author":[{"embeddable":true,"href":"https:\/\/www.web-rr.de\/GHS-Buecherei\/index.php\/wp-json\/wp\/v2\/users\/1"}],"replies":[{"embeddable":true,"href":"https:\/\/www.web-rr.de\/GHS-Buecherei\/index.php\/wp-json\/wp\/v2\/comments?post=4699"}],"version-history":[{"count":0,"href":"https:\/\/www.web-rr.de\/GHS-Buecherei\/index.php\/wp-json\/wp\/v2\/pages\/4699\/revisions"}],"wp:attachment":[{"href":"https:\/\/www.web-rr.de\/GHS-Buecherei\/index.php\/wp-json\/wp\/v2\/media?parent=4699"}],"curies":[{"name":"wp","href":"https:\/\/api.w.org\/{rel}","templated":true}]}}