{"id":4684,"date":"2021-02-23T20:00:00","date_gmt":"2021-02-23T20:00:00","guid":{"rendered":"https:\/\/www.web-rr.de\/GHS-Buecherei\/?page_id=4684"},"modified":"2021-02-22T23:59:59","modified_gmt":"2021-02-22T23:59:59","slug":"p9783942753012","status":"publish","type":"page","link":"https:\/\/www.web-rr.de\/GHS-Buecherei\/index.php\/p9783942753012\/","title":{"rendered":"L\u00e4nder &#8211; Europa 11"},"content":{"rendered":"<table><tbody><tr><td class='rDTitel' colspan='2'>Lilly & Anton entdecken M\u00fcnchen - Reisewimmelalbum, Lilly & Anton entdecken,  Band 2<\/td><\/tr><tr><td><span class='rDLabel1'>Status: <\/span><span class='rDText1Gruen'>vorhanden<\/span><\/td><td><span class='rDLabel1'>Antolin: <\/span><span class='rDText1Rot'>Quiz nicht vorhanden.<\/span><\/td><\/tr><tr><td width=50%><img src='https:\/\/www.web-rr.de\/GHS-Buecherei\/wp-content\/uploads\/9783942753012.jpg' alt=''><\/td><td><p class='rDLabel2'>von <span class='rDText2'><\/span><\/p><p class='rDLabel2'>Verlag: <span class='rDText2'>Del Medio Verlag,  2011,  14.90 \u20ac<\/span><\/p><p class='rDLabel2'>B\u00fccherei-Barcode: <span class='rDText2'>9783942753012<\/span><\/p><p class='rDLabel2'>In der B\u00fccherei erfasst am: <span class='rDText2'>11.01.2020<\/span><\/p><p class='rDLabel2'>Stichw\u00f6rter: <span class='rDText2'>M\u00fcnchen, Sehensw\u00fcrdigkeiten<\/span><\/p><p class='rDLabel2'>Lesealter ca. <span class='rDText2'>-<\/span><span class='rDLabel2'> Jahre<\/span><\/p><p class='rDLabel2'>Das Buch wurde <span class='rDText2'>0<\/span><span class='rDLabel2'> mal gelesen.<\/span><\/p><\/td><\/tr><tr><td colspan='2'><p class='rDLabel1'>Inhalt:<\/p><span class='rDText2'>Die Buchreihe Lilly und Anton pr\u00e4sentiert Kindern auf spannenden Wegen die reizvollsten Blickwinkel der unterschiedlichen Zielorte, liebevoll getextet von Anne Schr\u00f6der: Wissbegierig durchstreifen die beiden Protagonisten im Alter von 4 und 9 Jahren die sch\u00f6nsten St\u00e4dte und Regionen Europas und halten ihre Erlebnisse mit dem Fotoapparat fest. Ihre zweite Reise f\u00fchrt Lilly und Anton nach M\u00fcnchen. Die bayrische Hauptstadt bietet eine F\u00fclle an Sehensw\u00fcrdigkeiten sowie spektakul\u00e4re kulturelle und wissenschaftliche Einrichtungen, von denen die interessantesten im Reisewimmelalbum vorgestellt werden. Thematisch klar gegliedert entdecken die Leser und Betrachter von Kapitel zu Kapitel die Besonderheiten der Stadt und der Menschen, die dort leben.\n\r\n\rDie Buchreihe \"Lilly und Anton\" pr\u00e4sentiert Kindern auf spannenden Wegen die reizvollsten Blickwinkel der unterschiedlichen Zielorte: Wissbegierig durchstreifen die beiden Protagonisten im Alter von 5 und 8 Jahren die sch\u00f6nsten St\u00e4dte und Regionen Europas und halten ihre Erlebnisse mit dem Fotoapparat fest. Ihre zweite Reise f\u00fchrt Lilly und Anton nach M\u00fcnchen. Die bayrische Hauptstadt bietet eine F\u00fclle an Sehensw\u00fcrdigkeiten sowie spektakul\u00e4re kulturelle und wissenschaftliche Einrichtungen, von denen die interessantesten im Reisewimmelalbum vorgestellt werden. Thematisch klar gegliedert entdecken die Leser und Betrachter von Kapitel zu Kapitel die Besonderheiten der Stadt und der Menschen, die dort leben.\n\r\n\r\u00bbKlappentext\u00ab\n\r  Die Buchreihe \"Lilly und Anton\" pr\u00e4sentiert Kindern auf spannenden Wegen die reizvollsten Blickwinkel der unterschiedlichen Zielorte: Wissbegierig durchstreifen die beiden Protagonisten im Alter von 5 und 8 Jahren die sch\u00f6nsten St\u00e4dte und Regionen Europas und halten ihre Erlebnisse mit dem Fotoapparat fest. Ihre zweite Reise f\u00fchrt Lilly und Anton nach M\u00fcnchen. Die bayrische Hauptstadt bietet eine F\u00fclle an Sehensw\u00fcrdigkeiten sowie spektakul\u00e4re kulturelle und wissenschaftliche Einrichtungen, von denen die inte<\/span><\/td><\/tr><tr><td colspan='2'><a href='#' onclick='history.back(); return false'>Zur\u00fcck<\/a><\/td><\/tr><\/tbody><\/table>\n","protected":false},"excerpt":{"rendered":"","protected":false},"author":1,"featured_media":0,"parent":0,"menu_order":0,"comment_status":"closed","ping_status":"closed","template":"","meta":[],"_links":{"self":[{"href":"https:\/\/www.web-rr.de\/GHS-Buecherei\/index.php\/wp-json\/wp\/v2\/pages\/4684"}],"collection":[{"href":"https:\/\/www.web-rr.de\/GHS-Buecherei\/index.php\/wp-json\/wp\/v2\/pages"}],"about":[{"href":"https:\/\/www.web-rr.de\/GHS-Buecherei\/index.php\/wp-json\/wp\/v2\/types\/page"}],"author":[{"embeddable":true,"href":"https:\/\/www.web-rr.de\/GHS-Buecherei\/index.php\/wp-json\/wp\/v2\/users\/1"}],"replies":[{"embeddable":true,"href":"https:\/\/www.web-rr.de\/GHS-Buecherei\/index.php\/wp-json\/wp\/v2\/comments?post=4684"}],"version-history":[{"count":0,"href":"https:\/\/www.web-rr.de\/GHS-Buecherei\/index.php\/wp-json\/wp\/v2\/pages\/4684\/revisions"}],"wp:attachment":[{"href":"https:\/\/www.web-rr.de\/GHS-Buecherei\/index.php\/wp-json\/wp\/v2\/media?parent=4684"}],"curies":[{"name":"wp","href":"https:\/\/api.w.org\/{rel}","templated":true}]}}