{"id":4683,"date":"2021-02-23T20:00:00","date_gmt":"2021-02-23T20:00:00","guid":{"rendered":"https:\/\/www.web-rr.de\/GHS-Buecherei\/?page_id=4683"},"modified":"2021-02-22T23:59:59","modified_gmt":"2021-02-22T23:59:59","slug":"p9783898768429","status":"publish","type":"page","link":"https:\/\/www.web-rr.de\/GHS-Buecherei\/index.php\/p9783898768429\/","title":{"rendered":"L\u00e4nder &#8211; Europa 10"},"content":{"rendered":"<table><tbody><tr><td class='rDTitel' colspan='2'>Adina und Darius reisen ins Spielzeugland: Eine Geschichte rund um die Spielzeugherstellung im Erzgebirge<\/td><\/tr><tr><td><span class='rDLabel1'>Status: <\/span><span class='rDText1Gruen'>vorhanden<\/span><\/td><td><span class='rDLabel1'>Antolin: <\/span><span class='rDText1Rot'>Quiz nicht vorhanden.<\/span><\/td><\/tr><tr><td width=50%><img src='https:\/\/www.web-rr.de\/GHS-Buecherei\/wp-content\/uploads\/9783898768429.jpg' alt=''><\/td><td><p class='rDLabel2'>von <span class='rDText2'>Egelborg Gerstenberg und Bodo Tiedemann<\/span><\/p><p class='rDLabel2'>Verlag: <span class='rDText2'>Husum Druck- und Verlagsgesellschaft,  2016,  4.95 \u20ac<\/span><\/p><p class='rDLabel2'>B\u00fccherei-Barcode: <span class='rDText2'>9783898768429<\/span><\/p><p class='rDLabel2'>In der B\u00fccherei erfasst am: <span class='rDText2'>11.01.2020<\/span><\/p><p class='rDLabel2'>Stichw\u00f6rter: <span class='rDText2'>Erzgebirge, Holzarbeiten<\/span><\/p><p class='rDLabel2'>Lesealter ca. <span class='rDText2'>7<\/span><span class='rDLabel2'> Jahre<\/span><\/p><p class='rDLabel2'>Das Buch wurde <span class='rDText2'>0<\/span><span class='rDLabel2'> mal gelesen.<\/span><\/p><\/td><\/tr><tr><td colspan='2'><p class='rDLabel1'>Inhalt:<\/p><span class='rDText2'>Um zu sehen, wohin man die St\u00e4mme der B\u00e4ume bringt, die im Wald gef\u00e4llt werden, besuchen die Zwillinge Adina und Darius das Spielzeugland in ihrer erzgebirgischen Heimat. Einen ganzen Tag lang k\u00f6nnen sie dort anschaulich erleben, wie das Holz getrocknet und ges\u00e4gt, zu Figuren und bestimmten Formen gedrechselt oder geschnitzt und schlie\u00dflich per Hand bemalt wird. Schwibb\u00f6gen und Pyramiden, Nussknacker, R\u00e4ucherm\u00e4nner und Weihnachtsengel entstehen dort in detailreicher Handarbeit, die viel Kunstfertigkeit, Geschick und handwerkliche Erfahrung erfordert und wertvolle Unikate erzgebirgischer Volkskunst hervorbringt. Zahlreich bebildert, eignet sich dieses lehrreiche Buch ideal zum Schm\u00f6kern f\u00fcr das j\u00fcngste Lese\u00adpublikum oder auch zum Vorlesen \u2013 und bereitet so auch Eltern und Gro\u00dfeltern Freude.<\/span><\/td><\/tr><tr><td colspan='2'><a href='#' onclick='history.back(); return false'>Zur\u00fcck<\/a><\/td><\/tr><\/tbody><\/table>\n","protected":false},"excerpt":{"rendered":"","protected":false},"author":1,"featured_media":0,"parent":0,"menu_order":0,"comment_status":"closed","ping_status":"closed","template":"","meta":[],"_links":{"self":[{"href":"https:\/\/www.web-rr.de\/GHS-Buecherei\/index.php\/wp-json\/wp\/v2\/pages\/4683"}],"collection":[{"href":"https:\/\/www.web-rr.de\/GHS-Buecherei\/index.php\/wp-json\/wp\/v2\/pages"}],"about":[{"href":"https:\/\/www.web-rr.de\/GHS-Buecherei\/index.php\/wp-json\/wp\/v2\/types\/page"}],"author":[{"embeddable":true,"href":"https:\/\/www.web-rr.de\/GHS-Buecherei\/index.php\/wp-json\/wp\/v2\/users\/1"}],"replies":[{"embeddable":true,"href":"https:\/\/www.web-rr.de\/GHS-Buecherei\/index.php\/wp-json\/wp\/v2\/comments?post=4683"}],"version-history":[{"count":0,"href":"https:\/\/www.web-rr.de\/GHS-Buecherei\/index.php\/wp-json\/wp\/v2\/pages\/4683\/revisions"}],"wp:attachment":[{"href":"https:\/\/www.web-rr.de\/GHS-Buecherei\/index.php\/wp-json\/wp\/v2\/media?parent=4683"}],"curies":[{"name":"wp","href":"https:\/\/api.w.org\/{rel}","templated":true}]}}