{"id":4676,"date":"2021-02-23T20:00:00","date_gmt":"2021-02-23T20:00:00","guid":{"rendered":"https:\/\/www.web-rr.de\/GHS-Buecherei\/?page_id=4676"},"modified":"2021-02-22T23:59:59","modified_gmt":"2021-02-22T23:59:59","slug":"p9783407753366","status":"publish","type":"page","link":"https:\/\/www.web-rr.de\/GHS-Buecherei\/index.php\/p9783407753366\/","title":{"rendered":"L\u00e4nder &#8211; Europa 03"},"content":{"rendered":"<table><tbody><tr><td class='rDTitel' colspan='2'>Mein erster Reisef\u00fchrer - \u00d6sterreich: Tirol, Salzburg, Steiermark, K\u00e4rnten<\/td><\/tr><tr><td><span class='rDLabel1'>Status: <\/span><span class='rDText1Gruen'>vorhanden<\/span><\/td><td><span class='rDLabel1'>Antolin: <\/span><span class='rDText1Rot'>Quiz nicht vorhanden.<\/span><\/td><\/tr><tr><td width=50%><img src='https:\/\/www.web-rr.de\/GHS-Buecherei\/wp-content\/uploads\/9783407753366.jpg' alt=''><\/td><td><p class='rDLabel2'>von <span class='rDText2'>Ilka Sokolowski<\/span><\/p><p class='rDLabel2'>Verlag: <span class='rDText2'>Beltz und Gelberg,  2007,  8.50 \u20ac<\/span><\/p><p class='rDLabel2'>B\u00fccherei-Barcode: <span class='rDText2'>9783407753366<\/span><\/p><p class='rDLabel2'>In der B\u00fccherei erfasst am: <span class='rDText2'>01.04.2014<\/span><\/p><p class='rDLabel2'>Stichw\u00f6rter: <span class='rDText2'>Erdkunde, Reisen, \u00d6sterreich, fremde L\u00e4nder<\/span><\/p><p class='rDLabel2'>Lesealter ca. <span class='rDText2'>-<\/span><span class='rDLabel2'> Jahre<\/span><\/p><p class='rDLabel2'>Das Buch wurde <span class='rDText2'>0<\/span><span class='rDLabel2'> mal gelesen.<\/span><\/p><\/td><\/tr><tr><td colspan='2'><p class='rDLabel1'>Inhalt:<\/p><span class='rDText2'>Egal, ob am Meer, in den Bergen, in der Stadt, in Deutschland oder im Ausland: Die neuen Reisef\u00fchrer von Beltz & Gelberg f\u00fcr Kinder ab 6 Jahren bieten eine F\u00fclle an Tipps, Informationen, Spielen, R\u00e4tseln \u2013 f\u00fcr den ganzen Urlaub.Mein erster Reisef\u00fchrer ist voller Informationen zu allem, was Kinder am Urlaubsort interessiert. Er erz\u00e4hlt von Land und Leuten, schl\u00e4gt Ausfl\u00fcge und Erkundungstouren vor, zeigt, welche Tiere dort leben und wo die interessantesten Museen, aber auch die abenteuerlichsten Spielpl\u00e4tze zu finden sind. Ein W\u00f6rterbuch hilft den Kindern, in jeder Sprache so etwas Wichtiges wie Eis zu kaufen. Mit Fotos, Illustrationen und Karten reich bebildert, erfahren die Kinder viel Wissenswertes, aber auch Ungew\u00f6hnliches, f\u00fcr das herk\u00f6mmliche Reisef\u00fchrer oft keinen Blick haben. Alle Reisef\u00fchrer dieser Serie enthalten au\u00dferdem einen hohen Aktivit\u00e4tsanteil: Spielideen f\u00fcr drinnen drau\u00dfen, Basteltipps f\u00fcr Regentage sowie Seiten f\u00fcr Eintragungen und zum Einkleben besonderer Souvenirs ... Damit die sch\u00f6nste Zeit des Jahres lange in Erinnerung bleibt.<\/span><\/td><\/tr><tr><td colspan='2'><a href='#' onclick='history.back(); return false'>Zur\u00fcck<\/a><\/td><\/tr><\/tbody><\/table>\n","protected":false},"excerpt":{"rendered":"","protected":false},"author":1,"featured_media":0,"parent":0,"menu_order":0,"comment_status":"closed","ping_status":"closed","template":"","meta":[],"_links":{"self":[{"href":"https:\/\/www.web-rr.de\/GHS-Buecherei\/index.php\/wp-json\/wp\/v2\/pages\/4676"}],"collection":[{"href":"https:\/\/www.web-rr.de\/GHS-Buecherei\/index.php\/wp-json\/wp\/v2\/pages"}],"about":[{"href":"https:\/\/www.web-rr.de\/GHS-Buecherei\/index.php\/wp-json\/wp\/v2\/types\/page"}],"author":[{"embeddable":true,"href":"https:\/\/www.web-rr.de\/GHS-Buecherei\/index.php\/wp-json\/wp\/v2\/users\/1"}],"replies":[{"embeddable":true,"href":"https:\/\/www.web-rr.de\/GHS-Buecherei\/index.php\/wp-json\/wp\/v2\/comments?post=4676"}],"version-history":[{"count":0,"href":"https:\/\/www.web-rr.de\/GHS-Buecherei\/index.php\/wp-json\/wp\/v2\/pages\/4676\/revisions"}],"wp:attachment":[{"href":"https:\/\/www.web-rr.de\/GHS-Buecherei\/index.php\/wp-json\/wp\/v2\/media?parent=4676"}],"curies":[{"name":"wp","href":"https:\/\/api.w.org\/{rel}","templated":true}]}}