{"id":4664,"date":"2021-02-23T20:00:00","date_gmt":"2021-02-23T20:00:00","guid":{"rendered":"https:\/\/www.web-rr.de\/GHS-Buecherei\/?page_id=4664"},"modified":"2021-02-22T23:59:59","modified_gmt":"2021-02-22T23:59:59","slug":"p9783860995969","status":"publish","type":"page","link":"https:\/\/www.web-rr.de\/GHS-Buecherei\/index.php\/p9783860995969\/","title":{"rendered":"L\u00e4nder &#8211; Allg. 15"},"content":{"rendered":"<table><tbody><tr><td class='rDTitel' colspan='2'>Kinder Deutschlands<\/td><\/tr><tr><td><span class='rDLabel1'>Status: <\/span><span class='rDText1Gruen'>vorhanden<\/span><\/td><td><span class='rDLabel1'>Antolin: <\/span><span class='rDText1Rot'>Quiz nicht vorhanden.<\/span><\/td><\/tr><tr><td width=50%><img src='https:\/\/www.web-rr.de\/GHS-Buecherei\/wp-content\/uploads\/9783860995969.jpg' alt=''><\/td><td><p class='rDLabel2'>von <span class='rDText2'>Tatjana Leichsering<\/span><\/p><p class='rDLabel2'>Verlag: <span class='rDText2'>Brandes u. Apsel,  2009,  9.90 \u20ac<\/span><\/p><p class='rDLabel2'>B\u00fccherei-Barcode: <span class='rDText2'>9783860995969<\/span><\/p><p class='rDLabel2'>In der B\u00fccherei erfasst am: <span class='rDText2'>01.04.2014<\/span><\/p><p class='rDLabel2'>Stichw\u00f6rter: <span class='rDText2'>Migration, Identit\u00e4t<\/span><\/p><p class='rDLabel2'>Lesealter ca. <span class='rDText2'>-<\/span><span class='rDLabel2'> Jahre<\/span><\/p><p class='rDLabel2'>Das Buch wurde <span class='rDText2'>0<\/span><span class='rDLabel2'> mal gelesen.<\/span><\/p><\/td><\/tr><tr><td colspan='2'><p class='rDLabel1'>Inhalt:<\/p><span class='rDText2'>7 Grundschulkinder unterschiedlicher Herkunft sprechen \u00fcber sich und ihr Aufwachsen in Deutschland. Gro\u00dfformatige Portraitaufnahmen und Interviews stellen ihre Pers\u00f6nlichkeit in den Mittelpunkt. Autorin und Fotografin begegnen den Kindern auf Augenh\u00f6he. Sie nehmen sie ernst. Eine wunderbare Zusammenarbeit.\u00bbMan soll sie lieben, weil jedes von ihnen, jedes dieser Kinder, hervorragend ist, so wunderbar ist. Man muss ja nur in ihre Augen blicken. Man muss jedem von ihnen sagen, dass man es mag. Das ist es. Dieses Buch ist ein gro\u00dfartiges Projekt.\u00ab(Feridun Zaimoglu)Es wird viel diskutiert \u00fcber Kinder mit Migrationsbiografien. Meist stehen dabei Probleme im Vordergrund. Kulturelle Stereotype geraten zu Hindernissen. Dies geschieht im Schulalltag h\u00e4ufig unbewusst, sehr subtil und in den seltensten F\u00e4llen absichtlich.Hier liegt der Fokus auf der Kinderperspektive. Die Sch\u00fclerinnen und Sch\u00fcler sprechen f\u00fcr sich selbst und \u00fcber ihre Lebenswelt. Trotz aller Individualit\u00e4t in den Interviews wird vor allem eines deutlich: dass sie einfach Kinder mit vielen Gemeinsamkeiten sind!<\/span><\/td><\/tr><tr><td colspan='2'><a href='#' onclick='history.back(); return false'>Zur\u00fcck<\/a><\/td><\/tr><\/tbody><\/table>\n","protected":false},"excerpt":{"rendered":"","protected":false},"author":1,"featured_media":0,"parent":0,"menu_order":0,"comment_status":"closed","ping_status":"closed","template":"","meta":[],"_links":{"self":[{"href":"https:\/\/www.web-rr.de\/GHS-Buecherei\/index.php\/wp-json\/wp\/v2\/pages\/4664"}],"collection":[{"href":"https:\/\/www.web-rr.de\/GHS-Buecherei\/index.php\/wp-json\/wp\/v2\/pages"}],"about":[{"href":"https:\/\/www.web-rr.de\/GHS-Buecherei\/index.php\/wp-json\/wp\/v2\/types\/page"}],"author":[{"embeddable":true,"href":"https:\/\/www.web-rr.de\/GHS-Buecherei\/index.php\/wp-json\/wp\/v2\/users\/1"}],"replies":[{"embeddable":true,"href":"https:\/\/www.web-rr.de\/GHS-Buecherei\/index.php\/wp-json\/wp\/v2\/comments?post=4664"}],"version-history":[{"count":0,"href":"https:\/\/www.web-rr.de\/GHS-Buecherei\/index.php\/wp-json\/wp\/v2\/pages\/4664\/revisions"}],"wp:attachment":[{"href":"https:\/\/www.web-rr.de\/GHS-Buecherei\/index.php\/wp-json\/wp\/v2\/media?parent=4664"}],"curies":[{"name":"wp","href":"https:\/\/api.w.org\/{rel}","templated":true}]}}