{"id":4649,"date":"2021-02-23T20:00:00","date_gmt":"2021-02-23T20:00:00","guid":{"rendered":"https:\/\/www.web-rr.de\/GHS-Buecherei\/?page_id=4649"},"modified":"2021-02-22T23:59:59","modified_gmt":"2021-02-22T23:59:59","slug":"p9783946593928","status":"publish","type":"page","link":"https:\/\/www.web-rr.de\/GHS-Buecherei\/index.php\/p9783946593928\/","title":{"rendered":"Kunst 24"},"content":{"rendered":"<table><tbody><tr><td class='rDTitel' colspan='2'>Drinnen - Drau\u00dfen<\/td><\/tr><tr><td><span class='rDLabel1'>Status: <\/span><span class='rDText1Gruen'>vorhanden<\/span><\/td><td><span class='rDLabel1'>Antolin: <\/span><span class='rDText1Rot'>Quiz nicht vorhanden.<\/span><\/td><\/tr><tr><td width=50%><img src='https:\/\/www.web-rr.de\/GHS-Buecherei\/wp-content\/uploads\/9783946593928.jpg' alt=''><\/td><td><p class='rDLabel2'>von <span class='rDText2'>Anne-Margot Ramstein<\/span><\/p><p class='rDLabel2'>Verlag: <span class='rDText2'>Jacoby &amp; Stuart,  2018,  18.00 \u20ac<\/span><\/p><p class='rDLabel2'>B\u00fccherei-Barcode: <span class='rDText2'>9783946593928<\/span><\/p><p class='rDLabel2'>In der B\u00fccherei erfasst am: <span class='rDText2'>25.08.2020<\/span><\/p><p class='rDLabel2'>Stichw\u00f6rter: <span class='rDText2'>Bilderbuch, Perspektive<\/span><\/p><p class='rDLabel2'>Lesealter ca. <span class='rDText2'>6<\/span><span class='rDLabel2'> Jahre<\/span><\/p><p class='rDLabel2'>Das Buch wurde <span class='rDText2'>0<\/span><span class='rDLabel2'> mal gelesen.<\/span><\/p><\/td><\/tr><tr><td colspan='2'><p class='rDLabel1'>Inhalt:<\/p><span class='rDText2'>Jeder Raum ist durch seine \u00e4u\u00dfere H\u00fclle bestimmt. Bist du innerhalb dieser H\u00fclle, bist du drinnen, befindest du dich au\u00dferhalb, bist du drau\u00dfen. Und wer drinnen ist, sieht die Welt mit ganz anderen Augen als derjenige, der drau\u00dfen ist. Etwa wenn der Blick aus dem Fahrerhaus eines LKW auf eine einsame Stra\u00dfe geht (drinnen) und dem gegen\u00fcber die Autoschlange steht, die sich hinter dem LKW aufgebaut hat (drau\u00dfen). Oder die V\u00f6gel, die drau\u00dfen vor dem K\u00e4fig die V\u00f6gel drinnen im K\u00e4fig beobachten ... Die visuellen Kontraste, die auch durch Unterschiede im Ma\u00dfstab unterstrichen werden, erzeugen \u00fcberraschende, oft lustige Effekte, die nicht immer auf den ersten Blick zu erkennen sind.\n\r\n\r<\/span><\/td><\/tr><tr><td colspan='2'><a href='#' onclick='history.back(); return false'>Zur\u00fcck<\/a><\/td><\/tr><\/tbody><\/table>\n","protected":false},"excerpt":{"rendered":"","protected":false},"author":1,"featured_media":0,"parent":0,"menu_order":0,"comment_status":"closed","ping_status":"closed","template":"","meta":[],"_links":{"self":[{"href":"https:\/\/www.web-rr.de\/GHS-Buecherei\/index.php\/wp-json\/wp\/v2\/pages\/4649"}],"collection":[{"href":"https:\/\/www.web-rr.de\/GHS-Buecherei\/index.php\/wp-json\/wp\/v2\/pages"}],"about":[{"href":"https:\/\/www.web-rr.de\/GHS-Buecherei\/index.php\/wp-json\/wp\/v2\/types\/page"}],"author":[{"embeddable":true,"href":"https:\/\/www.web-rr.de\/GHS-Buecherei\/index.php\/wp-json\/wp\/v2\/users\/1"}],"replies":[{"embeddable":true,"href":"https:\/\/www.web-rr.de\/GHS-Buecherei\/index.php\/wp-json\/wp\/v2\/comments?post=4649"}],"version-history":[{"count":0,"href":"https:\/\/www.web-rr.de\/GHS-Buecherei\/index.php\/wp-json\/wp\/v2\/pages\/4649\/revisions"}],"wp:attachment":[{"href":"https:\/\/www.web-rr.de\/GHS-Buecherei\/index.php\/wp-json\/wp\/v2\/media?parent=4649"}],"curies":[{"name":"wp","href":"https:\/\/api.w.org\/{rel}","templated":true}]}}