{"id":4648,"date":"2021-02-23T20:00:00","date_gmt":"2021-02-23T20:00:00","guid":{"rendered":"https:\/\/www.web-rr.de\/GHS-Buecherei\/?page_id=4648"},"modified":"2021-02-22T23:59:59","modified_gmt":"2021-02-22T23:59:59","slug":"p9783314104367","status":"publish","type":"page","link":"https:\/\/www.web-rr.de\/GHS-Buecherei\/index.php\/p9783314104367\/","title":{"rendered":"Kunst 23"},"content":{"rendered":"<table><tbody><tr><td class='rDTitel' colspan='2'>Die Heimkehr der Farben<\/td><\/tr><tr><td><span class='rDLabel1'>Status: <\/span><span class='rDText1Gruen'>vorhanden<\/span><\/td><td><span class='rDLabel1'>Antolin: <\/span><span class='rDText1Gruen'>ja, Empfehlung Klasse 3<\/span><\/td><\/tr><tr><td width=50%><img src='https:\/\/www.web-rr.de\/GHS-Buecherei\/wp-content\/uploads\/9783314104367.jpg' alt=''><\/td><td><p class='rDLabel2'>von <span class='rDText2'>Drew Daywalt<\/span><\/p><p class='rDLabel2'>Verlag: <span class='rDText2'>Nord-S\u00fcd,  2018,  16.00 \u20ac<\/span><\/p><p class='rDLabel2'>B\u00fccherei-Barcode: <span class='rDText2'>9783314104367<\/span><\/p><p class='rDLabel2'>In der B\u00fccherei erfasst am: <span class='rDText2'>25.08.2020<\/span><\/p><p class='rDLabel2'>Stichw\u00f6rter: <span class='rDText2'>Lernen, Lustig<\/span><\/p><p class='rDLabel2'>Lesealter ca. <span class='rDText2'>7<\/span><span class='rDLabel2'> Jahre<\/span><\/p><p class='rDLabel2'>Das Buch wurde <span class='rDText2'>0<\/span><span class='rDLabel2'> mal gelesen.<\/span><\/p><\/td><\/tr><tr><td colspan='2'><p class='rDLabel1'>Inhalt:<\/p><span class='rDText2'>Farben mit Charakter! Duncans Farbstifte haben sich allesamt aus dem Staub gemacht. Sie wurden von Duncan verloren, vergessen, landeten zwischen zwei Sofakissen oder sie genossen ihre Ferien an abenteuerlichen Destinationen. Aber jetzt wollen wieder nach Hause zur\u00fcck! Das neue Meisterwerk um die eigenwilligen Farbstifte von Oliver Jeffers.\n\r\n\rDuncans Farbstifte sind weg! Einer landete zerbrochen zwischen zwei Sofakissen, ein anderer verbrachte seine Ferien im Regenwald und ein dritter wollte die Welt sehen. Insgesamt erh\u00e4lt Duncan 14 Postkarten. Doch jetzt ist genug! Die Farbstifte sollen nach Hause zur\u00fcckkehren. Und Duncan hat auch einen Plan, was er tun will, damit seine Farbstifte wieder gl\u00fccklich sind. Sie erhalten alle miteinander eine neue selbstgebastelte Farbstiftbox. Dem preisgekr\u00f6nten Illustrator Oliver Jeffers gelingt es mittels raffinierter Techniken, eine ausdrucksstarke Bildwelt zu schaffen. Seine einfachen Zeichnungen sind gepr\u00e4gt von umwerfendem Humor. Mit \"Die Heimkehr der Farben\" schlie\u00dft er direkt an den Erfolg von \"Der Streik der Farben\" an.\n\r\n\r<\/span><\/td><\/tr><tr><td colspan='2'><a href='#' onclick='history.back(); return false'>Zur\u00fcck<\/a><\/td><\/tr><\/tbody><\/table>\n","protected":false},"excerpt":{"rendered":"","protected":false},"author":1,"featured_media":0,"parent":0,"menu_order":0,"comment_status":"closed","ping_status":"closed","template":"","meta":[],"_links":{"self":[{"href":"https:\/\/www.web-rr.de\/GHS-Buecherei\/index.php\/wp-json\/wp\/v2\/pages\/4648"}],"collection":[{"href":"https:\/\/www.web-rr.de\/GHS-Buecherei\/index.php\/wp-json\/wp\/v2\/pages"}],"about":[{"href":"https:\/\/www.web-rr.de\/GHS-Buecherei\/index.php\/wp-json\/wp\/v2\/types\/page"}],"author":[{"embeddable":true,"href":"https:\/\/www.web-rr.de\/GHS-Buecherei\/index.php\/wp-json\/wp\/v2\/users\/1"}],"replies":[{"embeddable":true,"href":"https:\/\/www.web-rr.de\/GHS-Buecherei\/index.php\/wp-json\/wp\/v2\/comments?post=4648"}],"version-history":[{"count":0,"href":"https:\/\/www.web-rr.de\/GHS-Buecherei\/index.php\/wp-json\/wp\/v2\/pages\/4648\/revisions"}],"wp:attachment":[{"href":"https:\/\/www.web-rr.de\/GHS-Buecherei\/index.php\/wp-json\/wp\/v2\/media?parent=4648"}],"curies":[{"name":"wp","href":"https:\/\/api.w.org\/{rel}","templated":true}]}}