{"id":4642,"date":"2021-02-23T20:00:00","date_gmt":"2021-02-23T20:00:00","guid":{"rendered":"https:\/\/www.web-rr.de\/GHS-Buecherei\/?page_id=4642"},"modified":"2021-02-22T23:59:59","modified_gmt":"2021-02-22T23:59:59","slug":"p9783934029279","status":"publish","type":"page","link":"https:\/\/www.web-rr.de\/GHS-Buecherei\/index.php\/p9783934029279\/","title":{"rendered":"Kunst 17"},"content":{"rendered":"<table><tbody><tr><td class='rDTitel' colspan='2'>Wer ist eigentlich dieser Picasso? (Kinder entdecken Kunst)<\/td><\/tr><tr><td><span class='rDLabel1'>Status: <\/span><span class='rDText1Gruen'>vorhanden<\/span><\/td><td><span class='rDLabel1'>Antolin: <\/span><span class='rDText1Gruen'>ja, Empfehlung Klasse 4<\/span><\/td><\/tr><tr><td width=50%><img src='https:\/\/www.web-rr.de\/GHS-Buecherei\/wp-content\/uploads\/9783934029279.jpg' alt=''><\/td><td><p class='rDLabel2'>von <span class='rDText2'>Britta Benke<\/span><\/p><p class='rDLabel2'>Verlag: <span class='rDText2'>Kindermann Verlag,  2007,  16.90 \u20ac<\/span><\/p><p class='rDLabel2'>B\u00fccherei-Barcode: <span class='rDText2'>9783934029279<\/span><\/p><p class='rDLabel2'>In der B\u00fccherei erfasst am: <span class='rDText2'>30.10.2018<\/span><\/p><p class='rDLabel2'>Stichw\u00f6rter: <span class='rDText2'>Maler, K\u00fcnstler, Gestalten<\/span><\/p><p class='rDLabel2'>Lesealter ca. <span class='rDText2'>8<\/span><span class='rDLabel2'> Jahre<\/span><\/p><p class='rDLabel2'>Das Buch wurde <span class='rDText2'>0<\/span><span class='rDLabel2'> mal gelesen.<\/span><\/p><\/td><\/tr><tr><td colspan='2'><p class='rDLabel1'>Inhalt:<\/p><span class='rDText2'>Woran erkennt man eigentlich einen \u00bbPicasso\u00ab? Was sind das f\u00fcr Dreiecke, Vierecke und andere geometrische Formen in seinen Bildern? Welche Farben verwendete der spanische Maler besonders gerne f\u00fcr Harlekine und Zirkusakrobaten? Womit hat er noch gearbeitet au\u00dfer mit \u00d6lfarben und Pinsel? Und was hei\u00dft eigentlich \u00bbkubistisch\u00ab?Kunstp\u00e4dagogin Britta Benke begibt sich in ihrem Picasso Kinderbuch auf eine vielschichtige Entdeckungsreise durch das Leben und Werk des au\u00dfergew\u00f6hnlichen K\u00fcnstlers. In der Begegnung mit Picassos Bildern und Skulpturen erleben Kinder ab 6 Jahren das k\u00fcnstlerische Zusammenspiel verschiedenster Materialien, geometrischer Formen und Farben. Angeleitet durch weiterf\u00fchrende Fragen werden Kinder zur aktiven Teilnahme und kreativen Auseinandersetzung mit Picassos Bilderwelt inspiriert.<\/span><\/td><\/tr><tr><td colspan='2'><a href='#' onclick='history.back(); return false'>Zur\u00fcck<\/a><\/td><\/tr><\/tbody><\/table>\n","protected":false},"excerpt":{"rendered":"","protected":false},"author":1,"featured_media":0,"parent":0,"menu_order":0,"comment_status":"closed","ping_status":"closed","template":"","meta":[],"_links":{"self":[{"href":"https:\/\/www.web-rr.de\/GHS-Buecherei\/index.php\/wp-json\/wp\/v2\/pages\/4642"}],"collection":[{"href":"https:\/\/www.web-rr.de\/GHS-Buecherei\/index.php\/wp-json\/wp\/v2\/pages"}],"about":[{"href":"https:\/\/www.web-rr.de\/GHS-Buecherei\/index.php\/wp-json\/wp\/v2\/types\/page"}],"author":[{"embeddable":true,"href":"https:\/\/www.web-rr.de\/GHS-Buecherei\/index.php\/wp-json\/wp\/v2\/users\/1"}],"replies":[{"embeddable":true,"href":"https:\/\/www.web-rr.de\/GHS-Buecherei\/index.php\/wp-json\/wp\/v2\/comments?post=4642"}],"version-history":[{"count":0,"href":"https:\/\/www.web-rr.de\/GHS-Buecherei\/index.php\/wp-json\/wp\/v2\/pages\/4642\/revisions"}],"wp:attachment":[{"href":"https:\/\/www.web-rr.de\/GHS-Buecherei\/index.php\/wp-json\/wp\/v2\/media?parent=4642"}],"curies":[{"name":"wp","href":"https:\/\/api.w.org\/{rel}","templated":true}]}}