{"id":4641,"date":"2021-02-23T20:00:00","date_gmt":"2021-02-23T20:00:00","guid":{"rendered":"https:\/\/www.web-rr.de\/GHS-Buecherei\/?page_id=4641"},"modified":"2021-02-22T23:59:59","modified_gmt":"2021-02-22T23:59:59","slug":"p9783791372051","status":"publish","type":"page","link":"https:\/\/www.web-rr.de\/GHS-Buecherei\/index.php\/p9783791372051\/","title":{"rendered":"Kunst 16"},"content":{"rendered":"<table><tbody><tr><td class='rDTitel' colspan='2'>Monet und seine Freunde. 13 Impressionisten, die du kennen solltest: Kunst f\u00fcr Kids<\/td><\/tr><tr><td><span class='rDLabel1'>Status: <\/span><span class='rDText1Gruen'>vorhanden<\/span><\/td><td><span class='rDLabel1'>Antolin: <\/span><span class='rDText1Gruen'>ja, Empfehlung Klasse 6<\/span><\/td><\/tr><tr><td width=50%><img src='https:\/\/www.web-rr.de\/GHS-Buecherei\/wp-content\/uploads\/9783791372051.jpg' alt=''><\/td><td><p class='rDLabel2'>von <span class='rDText2'>Florian Heine<\/span><\/p><p class='rDLabel2'>Verlag: <span class='rDText2'>Prestel Verlag,  2015,  12.99 \u20ac<\/span><\/p><p class='rDLabel2'>B\u00fccherei-Barcode: <span class='rDText2'>9783791372051<\/span><\/p><p class='rDLabel2'>In der B\u00fccherei erfasst am: <span class='rDText2'>30.10.2018<\/span><\/p><p class='rDLabel2'>Stichw\u00f6rter: <span class='rDText2'>Monet, Degas, Manet, Renoir, Impressionisten,<\/span><\/p><p class='rDLabel2'>Lesealter ca. <span class='rDText2'>10<\/span><span class='rDLabel2'> Jahre<\/span><\/p><p class='rDLabel2'>Das Buch wurde <span class='rDText2'>0<\/span><span class='rDLabel2'> mal gelesen.<\/span><\/p><\/td><\/tr><tr><td colspan='2'><p class='rDLabel1'>Inhalt:<\/p><span class='rDText2'>Monet, Renoir und die Meister des LichtsEinst schockierten sie ihre Zeitgenossen mit dem radikalen Bruch des Malstils und der Bildauffassung, heute sind die Impressionisten und ihre Motive im Alltag allgegenw\u00e4rtig \u2013 viele Kinder kennen sie, ohne etwas \u00fcber sie zu wissen.Anhand von ber\u00fchmten Meisterwerken von Monet, Degas, Manet, Renoir und ihren Weggef\u00e4hrten werden ihre Bilder, Maltechniken und ihre jeweiligen Besonderheiten erkl\u00e4rt. Die K\u00fcnstler werden mit ihren Biografien im Rahmen ihrer Zeit portr\u00e4tiert. Ausf\u00fchrliche Bildlegenden und verst\u00e4ndliche Erkl\u00e4rungen, die mit spielerischen Elementen und weiterf\u00fchrenden Tipps aufgelockert sind, er\u00f6ffnen einen altersgerechten Zugang zu den K\u00fcnstlern und ihrer Kunstperiode.<\/span><\/td><\/tr><tr><td colspan='2'><a href='#' onclick='history.back(); return false'>Zur\u00fcck<\/a><\/td><\/tr><\/tbody><\/table>\n","protected":false},"excerpt":{"rendered":"","protected":false},"author":1,"featured_media":0,"parent":0,"menu_order":0,"comment_status":"closed","ping_status":"closed","template":"","meta":[],"_links":{"self":[{"href":"https:\/\/www.web-rr.de\/GHS-Buecherei\/index.php\/wp-json\/wp\/v2\/pages\/4641"}],"collection":[{"href":"https:\/\/www.web-rr.de\/GHS-Buecherei\/index.php\/wp-json\/wp\/v2\/pages"}],"about":[{"href":"https:\/\/www.web-rr.de\/GHS-Buecherei\/index.php\/wp-json\/wp\/v2\/types\/page"}],"author":[{"embeddable":true,"href":"https:\/\/www.web-rr.de\/GHS-Buecherei\/index.php\/wp-json\/wp\/v2\/users\/1"}],"replies":[{"embeddable":true,"href":"https:\/\/www.web-rr.de\/GHS-Buecherei\/index.php\/wp-json\/wp\/v2\/comments?post=4641"}],"version-history":[{"count":0,"href":"https:\/\/www.web-rr.de\/GHS-Buecherei\/index.php\/wp-json\/wp\/v2\/pages\/4641\/revisions"}],"wp:attachment":[{"href":"https:\/\/www.web-rr.de\/GHS-Buecherei\/index.php\/wp-json\/wp\/v2\/media?parent=4641"}],"curies":[{"name":"wp","href":"https:\/\/api.w.org\/{rel}","templated":true}]}}