{"id":4637,"date":"2021-02-23T20:00:00","date_gmt":"2021-02-23T20:00:00","guid":{"rendered":"https:\/\/www.web-rr.de\/GHS-Buecherei\/?page_id=4637"},"modified":"2021-02-22T23:59:59","modified_gmt":"2021-02-22T23:59:59","slug":"p9783943616354","status":"publish","type":"page","link":"https:\/\/www.web-rr.de\/GHS-Buecherei\/index.php\/p9783943616354\/","title":{"rendered":"Kunst 12"},"content":{"rendered":"<table><tbody><tr><td class='rDTitel' colspan='2'>Die Blauen Reiter: Wild, frei, gegen den Wind<\/td><\/tr><tr><td><span class='rDLabel1'>Status: <\/span><span class='rDText1Gruen'>vorhanden<\/span><\/td><td><span class='rDLabel1'>Antolin: <\/span><span class='rDText1Rot'>Quiz nicht vorhanden.<\/span><\/td><\/tr><tr><td width=50%><img src='https:\/\/www.web-rr.de\/GHS-Buecherei\/wp-content\/uploads\/9783943616354.jpg' alt=''><\/td><td><p class='rDLabel2'>von <span class='rDText2'>Anne Funck<\/span><\/p><p class='rDLabel2'>Verlag: <span class='rDText2'>Klinkhardt & Biermann,  2016,  15.90 \u20ac<\/span><\/p><p class='rDLabel2'>B\u00fccherei-Barcode: <span class='rDText2'>9783943616354<\/span><\/p><p class='rDLabel2'>In der B\u00fccherei erfasst am: <span class='rDText2'>06.08.2018<\/span><\/p><p class='rDLabel2'>Stichw\u00f6rter: <span class='rDText2'>Kandinsky, Jawlensky, Werefkin, Marc, Macke, Campendonk, Kubin, Klee<\/span><\/p><p class='rDLabel2'>Lesealter ca. <span class='rDText2'>-<\/span><span class='rDLabel2'> Jahre<\/span><\/p><p class='rDLabel2'>Das Buch wurde <span class='rDText2'>0<\/span><span class='rDLabel2'> mal gelesen.<\/span><\/p><\/td><\/tr><tr><td colspan='2'><p class='rDLabel1'>Inhalt:<\/p><span class='rDText2'>Wassily Kandinsky mag die Farbe Blau, Franz Marc liebt Pferde und August Macke greift zur Gie\u00dfkanne, um ein Pfl\u00e4nzchen gedeihen zu lassen, das einen Namen tr\u00e4gt: Es ist die neue Kunst der Blauen Reiter, die aus dem Gef\u00fchl entsteht, in leuchtenden Farben, wild, frei und revolution\u00e4r. Georg, der Sohn des Murnauer Schreinermeisters, trifft Wassily Kandinsky und Gabriele M\u00fcnter in ihrem \u00bbRussenhaus\u00ab, als die K\u00fcnstlergemeinschaft noch in den Kinderschuhen steckt. Bald lernt er Alexej Jawlensky, Marianne von Werefkin, Franz und Maria Marc, August Macke, Heinrich Campendonk, Alfred Kubin und Paul Klee kennen, ist mit dabei, wenn Almanach und Ausstellung entstehen und macht sich auf den Weg zum \u00bb\u00c4hndl\u00ab, dem Kirchlein von Ramsach, in dem die Geschichte ihren Anfang nimmt.<\/span><\/td><\/tr><tr><td colspan='2'><a href='#' onclick='history.back(); return false'>Zur\u00fcck<\/a><\/td><\/tr><\/tbody><\/table>\n","protected":false},"excerpt":{"rendered":"","protected":false},"author":1,"featured_media":0,"parent":0,"menu_order":0,"comment_status":"closed","ping_status":"closed","template":"","meta":[],"_links":{"self":[{"href":"https:\/\/www.web-rr.de\/GHS-Buecherei\/index.php\/wp-json\/wp\/v2\/pages\/4637"}],"collection":[{"href":"https:\/\/www.web-rr.de\/GHS-Buecherei\/index.php\/wp-json\/wp\/v2\/pages"}],"about":[{"href":"https:\/\/www.web-rr.de\/GHS-Buecherei\/index.php\/wp-json\/wp\/v2\/types\/page"}],"author":[{"embeddable":true,"href":"https:\/\/www.web-rr.de\/GHS-Buecherei\/index.php\/wp-json\/wp\/v2\/users\/1"}],"replies":[{"embeddable":true,"href":"https:\/\/www.web-rr.de\/GHS-Buecherei\/index.php\/wp-json\/wp\/v2\/comments?post=4637"}],"version-history":[{"count":0,"href":"https:\/\/www.web-rr.de\/GHS-Buecherei\/index.php\/wp-json\/wp\/v2\/pages\/4637\/revisions"}],"wp:attachment":[{"href":"https:\/\/www.web-rr.de\/GHS-Buecherei\/index.php\/wp-json\/wp\/v2\/media?parent=4637"}],"curies":[{"name":"wp","href":"https:\/\/api.w.org\/{rel}","templated":true}]}}