{"id":4628,"date":"2021-02-23T20:00:00","date_gmt":"2021-02-23T20:00:00","guid":{"rendered":"https:\/\/www.web-rr.de\/GHS-Buecherei\/?page_id=4628"},"modified":"2021-02-22T23:59:59","modified_gmt":"2021-02-22T23:59:59","slug":"p9783934029323","status":"publish","type":"page","link":"https:\/\/www.web-rr.de\/GHS-Buecherei\/index.php\/p9783934029323\/","title":{"rendered":"Kunst 03"},"content":{"rendered":"<table><tbody><tr><td class='rDTitel' colspan='2'>Wer ist eigentlich dieser Kandinsky?: Kinder entdecken Kunst<\/td><\/tr><tr><td><span class='rDLabel1'>Status: <\/span><span class='rDText1Gruen'>vorhanden<\/span><\/td><td><span class='rDLabel1'>Antolin: <\/span><span class='rDText1Gruen'>ja, Empfehlung Klasse 4<\/span><\/td><\/tr><tr><td width=50%><img src='https:\/\/www.web-rr.de\/GHS-Buecherei\/wp-content\/uploads\/9783934029323.jpg' alt=''><\/td><td><p class='rDLabel2'>von <span class='rDText2'>Britta Benke<\/span><\/p><p class='rDLabel2'>Verlag: <span class='rDText2'>Kindermann,  2008,  15.50 \u20ac<\/span><\/p><p class='rDLabel2'>B\u00fccherei-Barcode: <span class='rDText2'>9783934029323<\/span><\/p><p class='rDLabel2'>In der B\u00fccherei erfasst am: <span class='rDText2'>01.04.2014<\/span><\/p><p class='rDLabel2'>Stichw\u00f6rter: <span class='rDText2'>K\u00fcnstler, Maler, Kandinsky<\/span><\/p><p class='rDLabel2'>Lesealter ca. <span class='rDText2'>8<\/span><span class='rDLabel2'> Jahre<\/span><\/p><p class='rDLabel2'>Das Buch wurde <span class='rDText2'>0<\/span><span class='rDLabel2'> mal gelesen.<\/span><\/p><\/td><\/tr><tr><td colspan='2'><p class='rDLabel1'>Inhalt:<\/p><span class='rDText2'>Auch im vierten Band der Reihe Kinder entdecken Kunst begibt sich die Kunstp\u00e4dagogin Britta Benke auf eine spannende Entdeckungsreise \u2013 diesmal durch Leben und Werk des russischen K\u00fcnstlers Wassily Kandinsky. Sie entf\u00fchrt kleine Leser ab 6 Jahren in die fantastische Welt seiner vielschichtigen Arbeiten und erkl\u00e4rt, wie Farben, Formen und Musik in den Werken Kandinskys zusammenh\u00e4ngen: blaue Kreise, rote Quadrate und gelbe Dreiecke \u2013 und jedes Element klingt auf seine Weise! Anhand zahlreicher Bilder und Fotos werden viele Fragen rund um Kandinskys Schaffen kindgerecht und anschaulich beantwortet. Ein Kreativ-Workshop regt dazu an, auf den Spuren Kandinskys selbst t\u00e4tig zu werden.<\/span><\/td><\/tr><tr><td colspan='2'><a href='#' onclick='history.back(); return false'>Zur\u00fcck<\/a><\/td><\/tr><\/tbody><\/table>\n","protected":false},"excerpt":{"rendered":"","protected":false},"author":1,"featured_media":0,"parent":0,"menu_order":0,"comment_status":"closed","ping_status":"closed","template":"","meta":[],"_links":{"self":[{"href":"https:\/\/www.web-rr.de\/GHS-Buecherei\/index.php\/wp-json\/wp\/v2\/pages\/4628"}],"collection":[{"href":"https:\/\/www.web-rr.de\/GHS-Buecherei\/index.php\/wp-json\/wp\/v2\/pages"}],"about":[{"href":"https:\/\/www.web-rr.de\/GHS-Buecherei\/index.php\/wp-json\/wp\/v2\/types\/page"}],"author":[{"embeddable":true,"href":"https:\/\/www.web-rr.de\/GHS-Buecherei\/index.php\/wp-json\/wp\/v2\/users\/1"}],"replies":[{"embeddable":true,"href":"https:\/\/www.web-rr.de\/GHS-Buecherei\/index.php\/wp-json\/wp\/v2\/comments?post=4628"}],"version-history":[{"count":0,"href":"https:\/\/www.web-rr.de\/GHS-Buecherei\/index.php\/wp-json\/wp\/v2\/pages\/4628\/revisions"}],"wp:attachment":[{"href":"https:\/\/www.web-rr.de\/GHS-Buecherei\/index.php\/wp-json\/wp\/v2\/media?parent=4628"}],"curies":[{"name":"wp","href":"https:\/\/api.w.org\/{rel}","templated":true}]}}