{"id":4627,"date":"2021-02-23T20:00:00","date_gmt":"2021-02-23T20:00:00","guid":{"rendered":"https:\/\/www.web-rr.de\/GHS-Buecherei\/?page_id=4627"},"modified":"2021-02-22T23:59:59","modified_gmt":"2021-02-22T23:59:59","slug":"p9783000208249","status":"publish","type":"page","link":"https:\/\/www.web-rr.de\/GHS-Buecherei\/index.php\/p9783000208249\/","title":{"rendered":"Kunst 02"},"content":{"rendered":"<table><tbody><tr><td class='rDTitel' colspan='2'>Die Verwandlungen der Vier: Eine Ideensammlung mit gezeichneten 4- Versuchen<\/td><\/tr><tr><td><span class='rDLabel1'>Status: <\/span><span class='rDText1Gruen'>vorhanden<\/span><\/td><td><span class='rDLabel1'>Antolin: <\/span><span class='rDText1Rot'>Quiz nicht vorhanden.<\/span><\/td><\/tr><tr><td width=50%><img src='https:\/\/www.web-rr.de\/GHS-Buecherei\/wp-content\/uploads\/9783000208249.jpg' alt=''><\/td><td><p class='rDLabel2'>von <span class='rDText2'>Erhard Sch\u00fcmmelfeder<\/span><\/p><p class='rDLabel2'>Verlag: <span class='rDText2'>Erhard Sch\u00fcmmelfeder,  2007,  8.00 \u20ac<\/span><\/p><p class='rDLabel2'>B\u00fccherei-Barcode: <span class='rDText2'>9783000208249<\/span><\/p><p class='rDLabel2'>In der B\u00fccherei erfasst am: <span class='rDText2'>01.04.2014<\/span><\/p><p class='rDLabel2'>Stichw\u00f6rter: <span class='rDText2'>Zeichnen, Strichzeichnungen<\/span><\/p><p class='rDLabel2'>Lesealter ca. <span class='rDText2'>-<\/span><span class='rDLabel2'> Jahre<\/span><\/p><p class='rDLabel2'>Das Buch wurde <span class='rDText2'>0<\/span><span class='rDLabel2'> mal gelesen.<\/span><\/p><\/td><\/tr><tr><td colspan='2'><p class='rDLabel1'>Inhalt:<\/p><span class='rDText2'>Das Buch \"Die Verwandlungen der Vier\" ist eine Ideensammlung, die sich ausschlie\u00dflich der Zahl 4 widmet. Der Autor Erhard Sch\u00fcmmelfeder hat in diesem Buch seine Einf\u00e4lle zur zeichnerischen Gestaltung der 4 zu Papier gebracht. Die 4 ist eine Verwandlungsk\u00fcnstlerin, die es versteht, sich in immer neuen und \u00fcberraschenden Verkleidungen zu pr\u00e4sentieren. Eine Maus l\u00e4sst sich ebenso leicht aus ihr formen wie ein Elefant, ein Flugzeug oder gar ein zugefrorener Waldsee. Wie man mit wenigen Strichen Menschen, Gesichter, Tiere und tausenderlei Dinge des Lebens aus einer 4 entwickeln kann, wird in diesem Buch anschaulich demonstriert. Spielerisch und fantasieanregend wird die Wahrnehmung des Betrachters sensibilisiert f\u00fcr die Formenvielfalt in unserer Lebensumwelt. Auf 110 Seiten liefert der Autor Anregungen f\u00fcr die eigene kreative Bet\u00e4tigung mit dem Zeichenstift.<\/span><\/td><\/tr><tr><td colspan='2'><a href='#' onclick='history.back(); return false'>Zur\u00fcck<\/a><\/td><\/tr><\/tbody><\/table>\n","protected":false},"excerpt":{"rendered":"","protected":false},"author":1,"featured_media":0,"parent":0,"menu_order":0,"comment_status":"closed","ping_status":"closed","template":"","meta":[],"_links":{"self":[{"href":"https:\/\/www.web-rr.de\/GHS-Buecherei\/index.php\/wp-json\/wp\/v2\/pages\/4627"}],"collection":[{"href":"https:\/\/www.web-rr.de\/GHS-Buecherei\/index.php\/wp-json\/wp\/v2\/pages"}],"about":[{"href":"https:\/\/www.web-rr.de\/GHS-Buecherei\/index.php\/wp-json\/wp\/v2\/types\/page"}],"author":[{"embeddable":true,"href":"https:\/\/www.web-rr.de\/GHS-Buecherei\/index.php\/wp-json\/wp\/v2\/users\/1"}],"replies":[{"embeddable":true,"href":"https:\/\/www.web-rr.de\/GHS-Buecherei\/index.php\/wp-json\/wp\/v2\/comments?post=4627"}],"version-history":[{"count":0,"href":"https:\/\/www.web-rr.de\/GHS-Buecherei\/index.php\/wp-json\/wp\/v2\/pages\/4627\/revisions"}],"wp:attachment":[{"href":"https:\/\/www.web-rr.de\/GHS-Buecherei\/index.php\/wp-json\/wp\/v2\/media?parent=4627"}],"curies":[{"name":"wp","href":"https:\/\/api.w.org\/{rel}","templated":true}]}}