{"id":4623,"date":"2021-02-23T20:00:00","date_gmt":"2021-02-23T20:00:00","guid":{"rendered":"https:\/\/www.web-rr.de\/GHS-Buecherei\/?page_id=4623"},"modified":"2021-02-22T23:59:59","modified_gmt":"2021-02-22T23:59:59","slug":"p9783505136337","status":"publish","type":"page","link":"https:\/\/www.web-rr.de\/GHS-Buecherei\/index.php\/p9783505136337\/","title":{"rendered":"Krimi 34"},"content":{"rendered":"<table><tbody><tr><td class='rDTitel' colspan='2'>Kommissar Kugelblitz - Kugelblitz in Berlin<\/td><\/tr><tr><td><span class='rDLabel1'>Status: <\/span><span class='rDText1Gruen'>vorhanden<\/span><\/td><td><span class='rDLabel1'>Antolin: <\/span><span class='rDText1Gruen'>ja, Empfehlung Klasse 4<\/span><\/td><\/tr><tr><td width=50%><img src='https:\/\/www.web-rr.de\/GHS-Buecherei\/wp-content\/uploads\/9783505136337.jpg' alt=''><\/td><td><p class='rDLabel2'>von <span class='rDText2'>Ursel Scheffler<\/span><\/p><p class='rDLabel2'>Verlag: <span class='rDText2'>Egmont Schneiderbuch,  2015,  8.99 \u20ac<\/span><\/p><p class='rDLabel2'>B\u00fccherei-Barcode: <span class='rDText2'>9783505136337<\/span><\/p><p class='rDLabel2'>In der B\u00fccherei erfasst am: <span class='rDText2'>25.10.2018<\/span><\/p><p class='rDLabel2'>Stichw\u00f6rter: <span class='rDText2'>Drogenszene, Rocker, Verbrechen<\/span><\/p><p class='rDLabel2'>Lesealter ca. <span class='rDText2'>8<\/span><span class='rDLabel2'> Jahre<\/span><\/p><p class='rDLabel2'>Das Buch wurde <span class='rDText2'>0<\/span><span class='rDLabel2'> mal gelesen.<\/span><\/p><\/td><\/tr><tr><td colspan='2'><p class='rDLabel1'>Inhalt:<\/p><span class='rDText2'>Als Kommissar Kugelblitz aus Berlin um Hilfe gebeten wird, ahnt er schon: Es muss um etwas sehr Wichtiges gehen. Die SOKO \u201eKristall\u201c trifft sich in der deutschen Hauptstadt, weil sich in ganz Deutschland Verbrechen in der Drogenszene h\u00e4ufen. Und es gibt den Verdacht, dass selbst h\u00f6chste Regierungskreise ihre Finger im Spiel haben. Da braucht es einen gemeinsamen Einsatz: Ermittler aus allen Bundesl\u00e4ndern werden zusammenarbeiten. Zur selben Zeit ist KKs Neffe Martin auf Klassenreise in Berlin. Ein unsanfter Zusammensto\u00df mit einer Rockergruppe in der U-Bahn ist allerdings nicht das, was er sich unter Gro\u00dfstadtabenteuer vorgestellt hat. Zudem sind die Rocker f\u00fcr Kugelblitz keine Unbekannten, und er f\u00fcrchtet um Martins Sicherheit \u2026<\/span><\/td><\/tr><tr><td colspan='2'><a href='#' onclick='history.back(); return false'>Zur\u00fcck<\/a><\/td><\/tr><\/tbody><\/table>\n","protected":false},"excerpt":{"rendered":"","protected":false},"author":1,"featured_media":0,"parent":0,"menu_order":0,"comment_status":"closed","ping_status":"closed","template":"","meta":[],"_links":{"self":[{"href":"https:\/\/www.web-rr.de\/GHS-Buecherei\/index.php\/wp-json\/wp\/v2\/pages\/4623"}],"collection":[{"href":"https:\/\/www.web-rr.de\/GHS-Buecherei\/index.php\/wp-json\/wp\/v2\/pages"}],"about":[{"href":"https:\/\/www.web-rr.de\/GHS-Buecherei\/index.php\/wp-json\/wp\/v2\/types\/page"}],"author":[{"embeddable":true,"href":"https:\/\/www.web-rr.de\/GHS-Buecherei\/index.php\/wp-json\/wp\/v2\/users\/1"}],"replies":[{"embeddable":true,"href":"https:\/\/www.web-rr.de\/GHS-Buecherei\/index.php\/wp-json\/wp\/v2\/comments?post=4623"}],"version-history":[{"count":0,"href":"https:\/\/www.web-rr.de\/GHS-Buecherei\/index.php\/wp-json\/wp\/v2\/pages\/4623\/revisions"}],"wp:attachment":[{"href":"https:\/\/www.web-rr.de\/GHS-Buecherei\/index.php\/wp-json\/wp\/v2\/media?parent=4623"}],"curies":[{"name":"wp","href":"https:\/\/api.w.org\/{rel}","templated":true}]}}