{"id":4621,"date":"2021-02-23T20:00:00","date_gmt":"2021-02-23T20:00:00","guid":{"rendered":"https:\/\/www.web-rr.de\/GHS-Buecherei\/?page_id=4621"},"modified":"2021-02-22T23:59:59","modified_gmt":"2021-02-22T23:59:59","slug":"p9783942428767","status":"publish","type":"page","link":"https:\/\/www.web-rr.de\/GHS-Buecherei\/index.php\/p9783942428767\/","title":{"rendered":"Krimi 32"},"content":{"rendered":"<table><tbody><tr><td class='rDTitel' colspan='2'>Geheimnis um die Rauhn\u00e4chte: und weitere Abenteuer in Oberbayern<\/td><\/tr><tr><td><span class='rDLabel1'>Status: <\/span><span class='rDText1Gruen'>vorhanden<\/span><\/td><td><span class='rDLabel1'>Antolin: <\/span><span class='rDText1Gruen'>ja, Empfehlung Klasse 3<\/span><\/td><\/tr><tr><td width=50%><img src='https:\/\/www.web-rr.de\/GHS-Buecherei\/wp-content\/uploads\/9783942428767.jpg' alt=''><\/td><td><p class='rDLabel2'>von <span class='rDText2'>Alexandra Benke<\/span><\/p><p class='rDLabel2'>Verlag: <span class='rDText2'>Biber & Butzemann,  2015,  9.95 \u20ac<\/span><\/p><p class='rDLabel2'>B\u00fccherei-Barcode: <span class='rDText2'>9783942428767<\/span><\/p><p class='rDLabel2'>In der B\u00fccherei erfasst am: <span class='rDText2'>01.05.2016<\/span><\/p><p class='rDLabel2'>Stichw\u00f6rter: <span class='rDText2'>Detektiv, Abenteuer<\/span><\/p><p class='rDLabel2'>Lesealter ca. <span class='rDText2'>7<\/span><span class='rDLabel2'> Jahre<\/span><\/p><p class='rDLabel2'>Das Buch wurde <span class='rDText2'>0<\/span><span class='rDLabel2'> mal gelesen.<\/span><\/p><\/td><\/tr><tr><td colspan='2'><p class='rDLabel1'>Inhalt:<\/p><span class='rDText2'>Das Ferienhaus in Oberbayern ist f\u00fcr die Geschwister Tim und Rosalie ein magischer Ort. Egal zu welcher Jahreszeit sie mit ihren Eltern an den Ammersee fahren \u2013 das n\u00e4chste Abenteuer scheint bereits auf sie zu warten. In ihren Sommerferien versuchen Tim und Rosalie mit ihren Freunden Lotta und Xaver herauszufinden, ob in dem geheimnisvollen Haus am Rand des Ortes tats\u00e4chlich eine echte Hexe wohnt. Nach einem Herbststurm gehen sie einem schaurigen Ger\u00e4usch nach und retten zwei verletzte Tiere. W\u00e4hrend des Jahreswechsels erfahren die Kinder von Xavers Gro\u00dfmutter, was es mit den geheimnisvollen Rauhn\u00e4chten auf sich hat und entdecken ein vergessenes Zimmer mit einer besonderen \u00dcberraschung. In den Osterferien erproben die vier Sp\u00fcrnasen ihre detektivischen F\u00e4higkeiten und versuchen, eine versteckte Botschaft zu entschl\u00fcsseln.<\/span><\/td><\/tr><tr><td colspan='2'><a href='#' onclick='history.back(); return false'>Zur\u00fcck<\/a><\/td><\/tr><\/tbody><\/table>\n","protected":false},"excerpt":{"rendered":"","protected":false},"author":1,"featured_media":0,"parent":0,"menu_order":0,"comment_status":"closed","ping_status":"closed","template":"","meta":[],"_links":{"self":[{"href":"https:\/\/www.web-rr.de\/GHS-Buecherei\/index.php\/wp-json\/wp\/v2\/pages\/4621"}],"collection":[{"href":"https:\/\/www.web-rr.de\/GHS-Buecherei\/index.php\/wp-json\/wp\/v2\/pages"}],"about":[{"href":"https:\/\/www.web-rr.de\/GHS-Buecherei\/index.php\/wp-json\/wp\/v2\/types\/page"}],"author":[{"embeddable":true,"href":"https:\/\/www.web-rr.de\/GHS-Buecherei\/index.php\/wp-json\/wp\/v2\/users\/1"}],"replies":[{"embeddable":true,"href":"https:\/\/www.web-rr.de\/GHS-Buecherei\/index.php\/wp-json\/wp\/v2\/comments?post=4621"}],"version-history":[{"count":0,"href":"https:\/\/www.web-rr.de\/GHS-Buecherei\/index.php\/wp-json\/wp\/v2\/pages\/4621\/revisions"}],"wp:attachment":[{"href":"https:\/\/www.web-rr.de\/GHS-Buecherei\/index.php\/wp-json\/wp\/v2\/media?parent=4621"}],"curies":[{"name":"wp","href":"https:\/\/api.w.org\/{rel}","templated":true}]}}