{"id":4620,"date":"2021-02-23T20:00:00","date_gmt":"2021-02-23T20:00:00","guid":{"rendered":"https:\/\/www.web-rr.de\/GHS-Buecherei\/?page_id=4620"},"modified":"2021-02-22T23:59:59","modified_gmt":"2021-02-22T23:59:59","slug":"p9783867601702","status":"publish","type":"page","link":"https:\/\/www.web-rr.de\/GHS-Buecherei\/index.php\/p9783867601702\/","title":{"rendered":"Krimi 31"},"content":{"rendered":"<table><tbody><tr><td class='rDTitel' colspan='2'>Jojo und das geklaute Handy: Schulausgabe<\/td><\/tr><tr><td><span class='rDLabel1'>Status: <\/span><span class='rDText1Gruen'>vorhanden<\/span><\/td><td><span class='rDLabel1'>Antolin: <\/span><span class='rDText1Gruen'>ja, Empfehlung Klasse 4<\/span><\/td><\/tr><tr><td width=50%><img src='https:\/\/www.web-rr.de\/GHS-Buecherei\/wp-content\/uploads\/9783867601702.jpg' alt=''><\/td><td><p class='rDLabel2'>von <span class='rDText2'>Ulrike Gerold<\/span><\/p><p class='rDLabel2'>Verlag: <span class='rDText2'>Hase und Igel Verlag,  2014,  5.95 \u20ac<\/span><\/p><p class='rDLabel2'>B\u00fccherei-Barcode: <span class='rDText2'>9783867601702<\/span><\/p><p class='rDLabel2'>In der B\u00fccherei erfasst am: <span class='rDText2'>01.05.2016<\/span><\/p><p class='rDLabel2'>Stichw\u00f6rter: <span class='rDText2'>Detektiv, Abenteuer<\/span><\/p><p class='rDLabel2'>Lesealter ca. <span class='rDText2'>8<\/span><span class='rDLabel2'> Jahre<\/span><\/p><p class='rDLabel2'>Das Buch wurde <span class='rDText2'>2<\/span><span class='rDLabel2'> mal gelesen.<\/span><\/p><\/td><\/tr><tr><td colspan='2'><p class='rDLabel1'>Inhalt:<\/p><span class='rDText2'>Braucht man wirklich ein Handy, um \u201din\u201c zu sein? Jojo ist davon \u00fcberzeugt. Dann aber zeigt sich: Einen verzwickten Fall wie diesen l\u00f6st man vor allem mit Grips, einem guten Freund \u2013 und einem genialen Jo-Jo-Trick \u2026Nach einem Streit mit seinen Eltern, die ihm \u2013 dem Privatdetektiv! \u2013 kein Handy kaufen wollen, fl\u00fcchtet Jojo ins Geheimversteck seiner Bande. Dort kommt ein spannender Fall ins Rollen: Jojo belauscht ein paar Jugendliche und findet ein Handy, das er ohne nachzudenken einsteckt. Wenig sp\u00e4ter stellt sich heraus, dass das Handy geklaut worden ist, und Jojo wei\u00df nun gar nicht mehr, was er tun soll. Er m\u00f6chte das Handy ja seiner Besitzerin zur\u00fcckgeben, aber steht er dann nicht als Dieb da? Zum Gl\u00fcck hat Jojo Jannis. Die beiden Detektive finden eine fast perfekte L\u00f6sung f\u00fcr ihr Problem und schrecken auch nicht davor zur\u00fcck, den jugendlichen Handydieben auf den Fersen zu bleiben \u2026<\/span><\/td><\/tr><tr><td colspan='2'><a href='#' onclick='history.back(); return false'>Zur\u00fcck<\/a><\/td><\/tr><\/tbody><\/table>\n","protected":false},"excerpt":{"rendered":"","protected":false},"author":1,"featured_media":0,"parent":0,"menu_order":0,"comment_status":"closed","ping_status":"closed","template":"","meta":[],"_links":{"self":[{"href":"https:\/\/www.web-rr.de\/GHS-Buecherei\/index.php\/wp-json\/wp\/v2\/pages\/4620"}],"collection":[{"href":"https:\/\/www.web-rr.de\/GHS-Buecherei\/index.php\/wp-json\/wp\/v2\/pages"}],"about":[{"href":"https:\/\/www.web-rr.de\/GHS-Buecherei\/index.php\/wp-json\/wp\/v2\/types\/page"}],"author":[{"embeddable":true,"href":"https:\/\/www.web-rr.de\/GHS-Buecherei\/index.php\/wp-json\/wp\/v2\/users\/1"}],"replies":[{"embeddable":true,"href":"https:\/\/www.web-rr.de\/GHS-Buecherei\/index.php\/wp-json\/wp\/v2\/comments?post=4620"}],"version-history":[{"count":0,"href":"https:\/\/www.web-rr.de\/GHS-Buecherei\/index.php\/wp-json\/wp\/v2\/pages\/4620\/revisions"}],"wp:attachment":[{"href":"https:\/\/www.web-rr.de\/GHS-Buecherei\/index.php\/wp-json\/wp\/v2\/media?parent=4620"}],"curies":[{"name":"wp","href":"https:\/\/api.w.org\/{rel}","templated":true}]}}