{"id":4587,"date":"2021-02-23T20:00:00","date_gmt":"2021-02-23T20:00:00","guid":{"rendered":"https:\/\/www.web-rr.de\/GHS-Buecherei\/?page_id=4587"},"modified":"2021-02-22T23:59:59","modified_gmt":"2021-02-22T23:59:59","slug":"p9783785556788","status":"publish","type":"page","link":"https:\/\/www.web-rr.de\/GHS-Buecherei\/index.php\/p9783785556788\/","title":{"rendered":"Kl-Verschiedene 44"},"content":{"rendered":"<table><tbody><tr><td class='rDTitel' colspan='2'>Lola und die einzige Zeugin, Band 9<\/td><\/tr><tr><td><span class='rDLabel1'>Status: <\/span><span class='rDText1Gruen'>vorhanden<\/span><\/td><td><span class='rDLabel1'>Antolin: <\/span><span class='rDText1Gruen'>ja, Empfehlung Klasse 5<\/span><\/td><\/tr><tr><td width=50%><img src='https:\/\/www.web-rr.de\/GHS-Buecherei\/wp-content\/uploads\/9783785556788.jpg' alt=''><\/td><td><p class='rDLabel2'>von <span class='rDText2'>Isabel Abedi<\/span><\/p><p class='rDLabel2'>Verlag: <span class='rDText2'>Loewe,  2014,  12.95 \u20ac<\/span><\/p><p class='rDLabel2'>B\u00fccherei-Barcode: <span class='rDText2'>9783785556788<\/span><\/p><p class='rDLabel2'>In der B\u00fccherei erfasst am: <span class='rDText2'>26.10.2018<\/span><\/p><p class='rDLabel2'>Stichw\u00f6rter: <span class='rDText2'>Feriengeschichte, Schriftsteller, Nachbarn, Abenteuer, Krimi<\/span><\/p><p class='rDLabel2'>Lesealter ca. <span class='rDText2'>9<\/span><span class='rDLabel2'> Jahre<\/span><\/p><p class='rDLabel2'>Das Buch wurde <span class='rDText2'>0<\/span><span class='rDLabel2'> mal gelesen.<\/span><\/p><\/td><\/tr><tr><td colspan='2'><p class='rDLabel1'>Inhalt:<\/p><span class='rDText2'>Wie wird aus einer vollen Windel, einem gebrochenen Bein, einem verschollenen Vater, einer Ratte im Klo und einem unheimlichen Nachbarn eine aufregende Feriengeschichte? Auf die Antwort w\u00e4re Lola nicht mal in ihren k\u00fchnsten Tr\u00e4umen gekommen \u2013 obwohl sie gerade dort an ihrer Schriftstellerkarriere arbeitet. Zumal das gebrochene Bein ihr geh\u00f6rt und damit all die spannenden Ferienpl\u00e4ne flachfallen, die sie sich mit Alex, Flo, Enzo und Sol vorgenommen hat. W\u00e4hrend Flo im Hinterhof ihre neue Wohnung einrichtet und Enzo seinen steinreichen Vater sucht, hockt Lola auf ihrem Zimmer und beobachtet aus lauter Langeweile die anderen Mieter. Doch was sie dabei an verd\u00e4chtigen Aktionen hinter dem Fenster ihres Nachbarn entdeckt, ist Stoff f\u00fcr einen ganzen Roman. Oder wie Tante Lisbeth sagen w\u00fcrde: f\u00fcr einen fulminant guten Krimi.Isabel Abedis warmherzig und humorvoll erz\u00e4hlte Spiegel-Bestseller-Reihe f\u00fcr M\u00e4dchen. Tags\u00fcber erlebt Lola in Hamburg spannende Abenteuer rund um Schule, Freundschaft und erste Liebe, nachts probiert sie in ihrer Fantasie Traumberufe aus. Ihre zweite Heimat ist Brasilien, wo die Familie ihres Vaters lebt.<\/span><\/td><\/tr><tr><td colspan='2'><a href='#' onclick='history.back(); return false'>Zur\u00fcck<\/a><\/td><\/tr><\/tbody><\/table>\n","protected":false},"excerpt":{"rendered":"","protected":false},"author":1,"featured_media":0,"parent":0,"menu_order":0,"comment_status":"closed","ping_status":"closed","template":"","meta":[],"_links":{"self":[{"href":"https:\/\/www.web-rr.de\/GHS-Buecherei\/index.php\/wp-json\/wp\/v2\/pages\/4587"}],"collection":[{"href":"https:\/\/www.web-rr.de\/GHS-Buecherei\/index.php\/wp-json\/wp\/v2\/pages"}],"about":[{"href":"https:\/\/www.web-rr.de\/GHS-Buecherei\/index.php\/wp-json\/wp\/v2\/types\/page"}],"author":[{"embeddable":true,"href":"https:\/\/www.web-rr.de\/GHS-Buecherei\/index.php\/wp-json\/wp\/v2\/users\/1"}],"replies":[{"embeddable":true,"href":"https:\/\/www.web-rr.de\/GHS-Buecherei\/index.php\/wp-json\/wp\/v2\/comments?post=4587"}],"version-history":[{"count":0,"href":"https:\/\/www.web-rr.de\/GHS-Buecherei\/index.php\/wp-json\/wp\/v2\/pages\/4587\/revisions"}],"wp:attachment":[{"href":"https:\/\/www.web-rr.de\/GHS-Buecherei\/index.php\/wp-json\/wp\/v2\/media?parent=4587"}],"curies":[{"name":"wp","href":"https:\/\/api.w.org\/{rel}","templated":true}]}}