{"id":4586,"date":"2021-02-23T20:00:00","date_gmt":"2021-02-23T20:00:00","guid":{"rendered":"https:\/\/www.web-rr.de\/GHS-Buecherei\/?page_id=4586"},"modified":"2021-02-22T23:59:59","modified_gmt":"2021-02-22T23:59:59","slug":"p9783785556771","status":"publish","type":"page","link":"https:\/\/www.web-rr.de\/GHS-Buecherei\/index.php\/p9783785556771\/","title":{"rendered":"Kl-Verschiedene 43"},"content":{"rendered":"<table><tbody><tr><td class='rDTitel' colspan='2'>5 Sterne f\u00fcr Lola, Band 8<\/td><\/tr><tr><td><span class='rDLabel1'>Status: <\/span><span class='rDText1Gruen'>vorhanden<\/span><\/td><td><span class='rDLabel1'>Antolin: <\/span><span class='rDText1Gruen'>ja, Empfehlung Klasse 5<\/span><\/td><\/tr><tr><td width=50%><img src='https:\/\/www.web-rr.de\/GHS-Buecherei\/wp-content\/uploads\/9783785556771.jpg' alt=''><\/td><td><p class='rDLabel2'>von <span class='rDText2'>Isabel Abedi<\/span><\/p><p class='rDLabel2'>Verlag: <span class='rDText2'>Loewe,  2012,  12.95 \u20ac<\/span><\/p><p class='rDLabel2'>B\u00fccherei-Barcode: <span class='rDText2'>9783785556771<\/span><\/p><p class='rDLabel2'>In der B\u00fccherei erfasst am: <span class='rDText2'>26.10.2018<\/span><\/p><p class='rDLabel2'>Stichw\u00f6rter: <span class='rDText2'>Krise, Identit\u00e4tskrise, Essen<\/span><\/p><p class='rDLabel2'>Lesealter ca. <span class='rDText2'>9<\/span><span class='rDLabel2'> Jahre<\/span><\/p><p class='rDLabel2'>Das Buch wurde <span class='rDText2'>0<\/span><span class='rDLabel2'> mal gelesen.<\/span><\/p><\/td><\/tr><tr><td colspan='2'><p class='rDLabel1'>Inhalt:<\/p><span class='rDText2'>In Lolas Leben wimmelt es vor Krisen. Mama hat eine Baby-Krise. Tante Lisbeth hat eine Verlobungs-Krise. Und Lolas beste Freundin Flo hat eine Enzo-Krise. (Das ist eine Krise, die man bekommt, wenn ein Pflegebruder einzieht, f\u00fcr den die Bezeichnung \"schwer erziehbar\" noch harmlos ist.) Aber die gef\u00e4hrlichste Krise von allen hat Lola selbst: eine Identit\u00e4tskrise. Sie wei\u00df einfach nicht, was sie nachts werden soll! Nachdem sie sich als Nonne (zu langweilig) und Totengr\u00e4berin (zu traurig) versucht hat, bringt ihr der Schulalltag die rettende Idee. \"Das perfekte Dinner\" - so hei\u00dft das Projekt, f\u00fcr das sich Lola begeistert anmeldet. Ab sofort sind ihre N\u00e4chte gerettet, denn als ber\u00fchmte Sternek\u00f6chin Cocada Delicada macht sie mit ihren magischen Gerichten die Welt gl\u00fccklicher. Ob Lolas Leben in der Wirklichkeit aber auch krisensicher bleibt, das muss sich erst noch zeigen.<\/span><\/td><\/tr><tr><td colspan='2'><a href='#' onclick='history.back(); return false'>Zur\u00fcck<\/a><\/td><\/tr><\/tbody><\/table>\n","protected":false},"excerpt":{"rendered":"","protected":false},"author":1,"featured_media":0,"parent":0,"menu_order":0,"comment_status":"closed","ping_status":"closed","template":"","meta":[],"_links":{"self":[{"href":"https:\/\/www.web-rr.de\/GHS-Buecherei\/index.php\/wp-json\/wp\/v2\/pages\/4586"}],"collection":[{"href":"https:\/\/www.web-rr.de\/GHS-Buecherei\/index.php\/wp-json\/wp\/v2\/pages"}],"about":[{"href":"https:\/\/www.web-rr.de\/GHS-Buecherei\/index.php\/wp-json\/wp\/v2\/types\/page"}],"author":[{"embeddable":true,"href":"https:\/\/www.web-rr.de\/GHS-Buecherei\/index.php\/wp-json\/wp\/v2\/users\/1"}],"replies":[{"embeddable":true,"href":"https:\/\/www.web-rr.de\/GHS-Buecherei\/index.php\/wp-json\/wp\/v2\/comments?post=4586"}],"version-history":[{"count":0,"href":"https:\/\/www.web-rr.de\/GHS-Buecherei\/index.php\/wp-json\/wp\/v2\/pages\/4586\/revisions"}],"wp:attachment":[{"href":"https:\/\/www.web-rr.de\/GHS-Buecherei\/index.php\/wp-json\/wp\/v2\/media?parent=4586"}],"curies":[{"name":"wp","href":"https:\/\/api.w.org\/{rel}","templated":true}]}}