{"id":4568,"date":"2021-02-23T20:00:00","date_gmt":"2021-02-23T20:00:00","guid":{"rendered":"https:\/\/www.web-rr.de\/GHS-Buecherei\/?page_id=4568"},"modified":"2021-02-22T23:59:59","modified_gmt":"2021-02-22T23:59:59","slug":"p9783879822713","status":"publish","type":"page","link":"https:\/\/www.web-rr.de\/GHS-Buecherei\/index.php\/p9783879822713\/","title":{"rendered":"Kl-Verschiedene 26"},"content":{"rendered":"<table><tbody><tr><td class='rDTitel' colspan='2'>Der Schlunz<\/td><\/tr><tr><td><span class='rDLabel1'>Status: <\/span><span class='rDText1Gruen'>vorhanden<\/span><\/td><td><span class='rDLabel1'>Antolin: <\/span><span class='rDText1Gruen'>ja, Empfehlung Klasse 4<\/span><\/td><\/tr><tr><td width=50%><img src='https:\/\/www.web-rr.de\/GHS-Buecherei\/wp-content\/uploads\/9783879822713.jpg' alt=''><\/td><td><p class='rDLabel2'>von <span class='rDText2'>Harry Vo\u00df<\/span><\/p><p class='rDLabel2'>Verlag: <span class='rDText2'>Bibellesebund,  2007,  9.95 \u20ac<\/span><\/p><p class='rDLabel2'>B\u00fccherei-Barcode: <span class='rDText2'>9783879822713<\/span><\/p><p class='rDLabel2'>In der B\u00fccherei erfasst am: <span class='rDText2'>01.04.2014<\/span><\/p><p class='rDLabel2'>Stichw\u00f6rter: <span class='rDText2'>Christentum, Religion, Familie<\/span><\/p><p class='rDLabel2'>Lesealter ca. <span class='rDText2'>8<\/span><span class='rDLabel2'> Jahre<\/span><\/p><p class='rDLabel2'>Das Buch wurde <span class='rDText2'>1<\/span><span class='rDLabel2'> mal gelesen.<\/span><\/p><\/td><\/tr><tr><td colspan='2'><p class='rDLabel1'>Inhalt:<\/p><span class='rDText2'>Eigentlich sollte es ein wundersch\u00f6ner Familiensonntag werden. Der zehnj\u00e4hrige Lukas und seine Familie hatten nach dem Gottesdienst ein Picknick au\u00dferhalb der Stadt geplant. Doch das gem\u00fctliche Beisammensein auf der gr\u00fcnen Wiese erf\u00e4hrt ein j\u00e4hes Ende, als aus dem Wald ein fremdes Kind auftaucht: verwahrlost, verwirrt und einsam. Der Schlunz. Da niemand wei\u00df, wohin der Schlunz geh\u00f6rt, bleibt er erst einmal bei Lukas' Familie wohnen. Doch das fremde Kind bringt mit seinem Temperament und seinen unbequemen Fragen viel Wirbel in den Alltag der ganz normalen Christenmenschen. Und Lukas beginnt Abschied zu nehmen von seinem Wunsch, der brave Junge zu sein, und erforscht mit Schlunz zusammen die Geheimnisse der Familiengeschichte...<\/span><\/td><\/tr><tr><td colspan='2'><a href='#' onclick='history.back(); return false'>Zur\u00fcck<\/a><\/td><\/tr><\/tbody><\/table>\n","protected":false},"excerpt":{"rendered":"","protected":false},"author":1,"featured_media":0,"parent":0,"menu_order":0,"comment_status":"closed","ping_status":"closed","template":"","meta":[],"_links":{"self":[{"href":"https:\/\/www.web-rr.de\/GHS-Buecherei\/index.php\/wp-json\/wp\/v2\/pages\/4568"}],"collection":[{"href":"https:\/\/www.web-rr.de\/GHS-Buecherei\/index.php\/wp-json\/wp\/v2\/pages"}],"about":[{"href":"https:\/\/www.web-rr.de\/GHS-Buecherei\/index.php\/wp-json\/wp\/v2\/types\/page"}],"author":[{"embeddable":true,"href":"https:\/\/www.web-rr.de\/GHS-Buecherei\/index.php\/wp-json\/wp\/v2\/users\/1"}],"replies":[{"embeddable":true,"href":"https:\/\/www.web-rr.de\/GHS-Buecherei\/index.php\/wp-json\/wp\/v2\/comments?post=4568"}],"version-history":[{"count":0,"href":"https:\/\/www.web-rr.de\/GHS-Buecherei\/index.php\/wp-json\/wp\/v2\/pages\/4568\/revisions"}],"wp:attachment":[{"href":"https:\/\/www.web-rr.de\/GHS-Buecherei\/index.php\/wp-json\/wp\/v2\/media?parent=4568"}],"curies":[{"name":"wp","href":"https:\/\/api.w.org\/{rel}","templated":true}]}}