{"id":4537,"date":"2021-02-23T20:00:00","date_gmt":"2021-02-23T20:00:00","guid":{"rendered":"https:\/\/www.web-rr.de\/GHS-Buecherei\/?page_id=4537"},"modified":"2021-02-22T23:59:59","modified_gmt":"2021-02-22T23:59:59","slug":"p9783791530130","status":"publish","type":"page","link":"https:\/\/www.web-rr.de\/GHS-Buecherei\/index.php\/p9783791530130\/","title":{"rendered":"K\u00e4stner 02"},"content":{"rendered":"<table><tbody><tr><td class='rDTitel' colspan='2'>Emil und die drei Zwillinge.<\/td><\/tr><tr><td><span class='rDLabel1'>Status: <\/span><span class='rDText1Gruen'>vorhanden<\/span><\/td><td><span class='rDLabel1'>Antolin: <\/span><span class='rDText1Gruen'>ja, Empfehlung Klasse 4<\/span><\/td><\/tr><tr><td width=50%><img src='https:\/\/www.web-rr.de\/GHS-Buecherei\/wp-content\/uploads\/9783791530130.jpg' alt=''><\/td><td><p class='rDLabel2'>von <span class='rDText2'>Erich K\u00e4stner<\/span><\/p><p class='rDLabel2'>Verlag: <span class='rDText2'>Dressler Verlag,  2006,  12.00 \u20ac<\/span><\/p><p class='rDLabel2'>B\u00fccherei-Barcode: <span class='rDText2'>9783791530130<\/span><\/p><p class='rDLabel2'>In der B\u00fccherei erfasst am: <span class='rDText2'>01.04.2013<\/span><\/p><p class='rDLabel2'>Stichw\u00f6rter: <span class='rDText2'>Abenteuer, Detektive, Kriminalgeschichte<\/span><\/p><p class='rDLabel2'>Lesealter ca. <span class='rDText2'>8<\/span><span class='rDLabel2'> Jahre<\/span><\/p><p class='rDLabel2'>Das Buch wurde <span class='rDText2'>3<\/span><span class='rDLabel2'> mal gelesen.<\/span><\/p><\/td><\/tr><tr><td colspan='2'><p class='rDLabel1'>Inhalt:<\/p><span class='rDText2'>Vielleicht wei\u00df nicht jeder gleich, wer Emil Tischbein ist. Aber wenn von Emil und den Detektiven die Rede ist, dann ist ganz klar, dass der Emil gemeint ist, dem auf seiner ersten Reise nach Berlin das ganze Geld gestohlen wurde. Und die Detektive, das sind Gustav mit der Hupe, Pony H\u00fctchen, der Professor und der kleine Dienstag. Sie haben Emil geholfen, den Dieb zu stellen. Die aufregende Kriminalgeschichte, in die die Freunde verwickelt waren, wird bald darauf verfilmt. Emil und die Detektive sind nat\u00fcrlich begeistert, aber noch mehr freuen sie sich dar\u00fcber, dass sie sich endlich einmal wiedersehen. Der Professor hat ein Haus an der Ostsee geerbt und l\u00e4dt Emil und die Detektive, inklusive Pony H\u00fctchens Gro\u00dfmutter, f\u00fcr die Sommerferien ein. F\u00fcr alle ist das ein Riesenspa\u00df, und als die Freunde die akrobatischen Byron-Zwillinge kennenlernen, sind sie schon mittendrin in einem neuen Abenteuer.<\/span><\/td><\/tr><tr><td colspan='2'><a href='#' onclick='history.back(); return false'>Zur\u00fcck<\/a><\/td><\/tr><\/tbody><\/table>\n","protected":false},"excerpt":{"rendered":"","protected":false},"author":1,"featured_media":0,"parent":0,"menu_order":0,"comment_status":"closed","ping_status":"closed","template":"","meta":[],"_links":{"self":[{"href":"https:\/\/www.web-rr.de\/GHS-Buecherei\/index.php\/wp-json\/wp\/v2\/pages\/4537"}],"collection":[{"href":"https:\/\/www.web-rr.de\/GHS-Buecherei\/index.php\/wp-json\/wp\/v2\/pages"}],"about":[{"href":"https:\/\/www.web-rr.de\/GHS-Buecherei\/index.php\/wp-json\/wp\/v2\/types\/page"}],"author":[{"embeddable":true,"href":"https:\/\/www.web-rr.de\/GHS-Buecherei\/index.php\/wp-json\/wp\/v2\/users\/1"}],"replies":[{"embeddable":true,"href":"https:\/\/www.web-rr.de\/GHS-Buecherei\/index.php\/wp-json\/wp\/v2\/comments?post=4537"}],"version-history":[{"count":0,"href":"https:\/\/www.web-rr.de\/GHS-Buecherei\/index.php\/wp-json\/wp\/v2\/pages\/4537\/revisions"}],"wp:attachment":[{"href":"https:\/\/www.web-rr.de\/GHS-Buecherei\/index.php\/wp-json\/wp\/v2\/media?parent=4537"}],"curies":[{"name":"wp","href":"https:\/\/api.w.org\/{rel}","templated":true}]}}