{"id":4535,"date":"2021-02-23T20:00:00","date_gmt":"2021-02-23T20:00:00","guid":{"rendered":"https:\/\/www.web-rr.de\/GHS-Buecherei\/?page_id=4535"},"modified":"2021-02-22T23:59:59","modified_gmt":"2021-02-22T23:59:59","slug":"p9783961857517","status":"publish","type":"page","link":"https:\/\/www.web-rr.de\/GHS-Buecherei\/index.php\/p9783961857517\/","title":{"rendered":"Jungen 32"},"content":{"rendered":"<table><tbody><tr><td class='rDTitel' colspan='2'>Beakys L\u00fcgentagebuch - Nichts als die Wahrheit<\/td><\/tr><tr><td><span class='rDLabel1'>Status: <\/span><span class='rDText1Gruen'>vorhanden<\/span><\/td><td><span class='rDLabel1'>Antolin: <\/span><span class='rDText1Rot'>Quiz nicht vorhanden.<\/span><\/td><\/tr><tr><td width=50%><img src='https:\/\/www.web-rr.de\/GHS-Buecherei\/wp-content\/uploads\/9783961857517.jpg' alt=''><\/td><td><p class='rDLabel2'>von <span class='rDText2'>Barry Hutchison, Katie Abey, Christina Pfeiffer<\/span><\/p><p class='rDLabel2'>Verlag: <span class='rDText2'>360 Grad Verlag,  2017,  12.90 \u20ac<\/span><\/p><p class='rDLabel2'>B\u00fccherei-Barcode: <span class='rDText2'>9783961857517<\/span><\/p><p class='rDLabel2'>In der B\u00fccherei erfasst am: <span class='rDText2'>13.01.2020<\/span><\/p><p class='rDLabel2'>Stichw\u00f6rter: <span class='rDText2'>Humor, L\u00fcgen, Wahrheitsmaschine, Notl\u00fcgen<\/span><\/p><p class='rDLabel2'>Lesealter ca. <span class='rDText2'>-<\/span><span class='rDLabel2'> Jahre<\/span><\/p><p class='rDLabel2'>Das Buch wurde <span class='rDText2'>1<\/span><span class='rDLabel2'> mal gelesen.<\/span><\/p><\/td><\/tr><tr><td colspan='2'><p class='rDLabel1'>Inhalt:<\/p><span class='rDText2'>Dylan Malone, kurz Beaky genannt, hat die Angewohnheit, immer und \u00fcberall L\u00fcgengeschichten zu erz\u00e4hlen. Egal wo und wann er den Mund aufmacht, es kommen L\u00fcgen raus. Oft ist es sehr lustig, aber manchmal auch einfach nur peinlich. Als seine Schwester ihm die L\u00fcgerei mit einer Wahrheits-Maschine austreiben will, l\u00e4uft die Sache aus dem Ruder. Denn Beaky kann pl\u00f6tzlich nicht mehr l\u00fcgen, nicht mal die kleinste Notl\u00fcge kommt \u00fcber seine Lippen ... Puh, ein Beaky, der immer nur die Wahrheit sagt, ist noch viel schlimmer als Beaky, der l\u00fcgt. Humorvolles, sehr lustiges Kinderbuch mit Comic-Strips und Doodles.<\/span><\/td><\/tr><tr><td colspan='2'><a href='#' onclick='history.back(); return false'>Zur\u00fcck<\/a><\/td><\/tr><\/tbody><\/table>\n","protected":false},"excerpt":{"rendered":"","protected":false},"author":1,"featured_media":0,"parent":0,"menu_order":0,"comment_status":"closed","ping_status":"closed","template":"","meta":[],"_links":{"self":[{"href":"https:\/\/www.web-rr.de\/GHS-Buecherei\/index.php\/wp-json\/wp\/v2\/pages\/4535"}],"collection":[{"href":"https:\/\/www.web-rr.de\/GHS-Buecherei\/index.php\/wp-json\/wp\/v2\/pages"}],"about":[{"href":"https:\/\/www.web-rr.de\/GHS-Buecherei\/index.php\/wp-json\/wp\/v2\/types\/page"}],"author":[{"embeddable":true,"href":"https:\/\/www.web-rr.de\/GHS-Buecherei\/index.php\/wp-json\/wp\/v2\/users\/1"}],"replies":[{"embeddable":true,"href":"https:\/\/www.web-rr.de\/GHS-Buecherei\/index.php\/wp-json\/wp\/v2\/comments?post=4535"}],"version-history":[{"count":0,"href":"https:\/\/www.web-rr.de\/GHS-Buecherei\/index.php\/wp-json\/wp\/v2\/pages\/4535\/revisions"}],"wp:attachment":[{"href":"https:\/\/www.web-rr.de\/GHS-Buecherei\/index.php\/wp-json\/wp\/v2\/media?parent=4535"}],"curies":[{"name":"wp","href":"https:\/\/api.w.org\/{rel}","templated":true}]}}