{"id":4533,"date":"2021-02-23T20:00:00","date_gmt":"2021-02-23T20:00:00","guid":{"rendered":"https:\/\/www.web-rr.de\/GHS-Buecherei\/?page_id=4533"},"modified":"2021-02-22T23:59:59","modified_gmt":"2021-02-22T23:59:59","slug":"p9783407798220","status":"publish","type":"page","link":"https:\/\/www.web-rr.de\/GHS-Buecherei\/index.php\/p9783407798220\/","title":{"rendered":"Jungen 30"},"content":{"rendered":"<table><tbody><tr><td class='rDTitel' colspan='2'>Die Stadt der Diebe<\/td><\/tr><tr><td><span class='rDLabel1'>Status: <\/span><span class='rDText1Gruen'>vorhanden<\/span><\/td><td><span class='rDLabel1'>Antolin: <\/span><span class='rDText1Gruen'>ja, Empfehlung Klasse 4<\/span><\/td><\/tr><tr><td width=50%><img src='https:\/\/www.web-rr.de\/GHS-Buecherei\/wp-content\/uploads\/9783407798220.jpg' alt=''><\/td><td><p class='rDLabel2'>von <span class='rDText2'>Klaus Kordon<\/span><\/p><p class='rDLabel2'>Verlag: <span class='rDText2'>Beltz und Gelberg,  2001,  12.40 \u20ac<\/span><\/p><p class='rDLabel2'>B\u00fccherei-Barcode: <span class='rDText2'>9783407798220<\/span><\/p><p class='rDLabel2'>In der B\u00fccherei erfasst am: <span class='rDText2'>01.04.2013<\/span><\/p><p class='rDLabel2'>Stichw\u00f6rter: <span class='rDText2'>Orient, Morgenland, Zauber, Armut, Reichtum<\/span><\/p><p class='rDLabel2'>Lesealter ca. <span class='rDText2'>8<\/span><span class='rDLabel2'> Jahre<\/span><\/p><p class='rDLabel2'>Das Buch wurde <span class='rDText2'>0<\/span><span class='rDLabel2'> mal gelesen.<\/span><\/p><\/td><\/tr><tr><td colspan='2'><p class='rDLabel1'>Inhalt:<\/p><span class='rDText2'>Von der Familie des Sultans und den Kaufleuten abgesehen, sind alle arm in der Stadt der Diebe, die ihren Namen nicht von ungef\u00e4hr hat. Aber der \u00c4rmste von allen ist Muheddin, den seine Bettlereltern losgeschickt haben, damit er f\u00fcr sich selber sorgen soll. Und ausgerechnet Muheddin begegnet der alten Schlange Ka, die den Menschen W\u00fcnsche erf\u00fcllen kann. Sie braucht daf\u00fcr nicht einmal einen Grund; bei Muheddin tut sie es nur, weil sie sein ewiges Gejammer abends am Teich, in dem sie wohnt, nicht mehr ertragen kann.Doch was soll Muheddin sich w\u00fcnschen? Einen Berg von k\u00f6stlichen Gerichten? Neue, richtige Kleider? Muheddin wei\u00df es nicht, doch sein Freund, der Eseltreiber Nagib, wei\u00df Rat: Den goldenen Turban soll er sich w\u00fcnschen, von dem es hei\u00dft, dass er es immer neue Goldst\u00fccke regnen lassen kann. Nagib ahnt nicht, dass ein uralter Fluch auf dem Turban liegt ...<\/span><\/td><\/tr><tr><td colspan='2'><a href='#' onclick='history.back(); return false'>Zur\u00fcck<\/a><\/td><\/tr><\/tbody><\/table>\n","protected":false},"excerpt":{"rendered":"","protected":false},"author":1,"featured_media":0,"parent":0,"menu_order":0,"comment_status":"closed","ping_status":"closed","template":"","meta":[],"_links":{"self":[{"href":"https:\/\/www.web-rr.de\/GHS-Buecherei\/index.php\/wp-json\/wp\/v2\/pages\/4533"}],"collection":[{"href":"https:\/\/www.web-rr.de\/GHS-Buecherei\/index.php\/wp-json\/wp\/v2\/pages"}],"about":[{"href":"https:\/\/www.web-rr.de\/GHS-Buecherei\/index.php\/wp-json\/wp\/v2\/types\/page"}],"author":[{"embeddable":true,"href":"https:\/\/www.web-rr.de\/GHS-Buecherei\/index.php\/wp-json\/wp\/v2\/users\/1"}],"replies":[{"embeddable":true,"href":"https:\/\/www.web-rr.de\/GHS-Buecherei\/index.php\/wp-json\/wp\/v2\/comments?post=4533"}],"version-history":[{"count":0,"href":"https:\/\/www.web-rr.de\/GHS-Buecherei\/index.php\/wp-json\/wp\/v2\/pages\/4533\/revisions"}],"wp:attachment":[{"href":"https:\/\/www.web-rr.de\/GHS-Buecherei\/index.php\/wp-json\/wp\/v2\/media?parent=4533"}],"curies":[{"name":"wp","href":"https:\/\/api.w.org\/{rel}","templated":true}]}}