{"id":4524,"date":"2021-02-23T20:00:00","date_gmt":"2021-02-23T20:00:00","guid":{"rendered":"https:\/\/www.web-rr.de\/GHS-Buecherei\/?page_id=4524"},"modified":"2021-02-22T23:59:59","modified_gmt":"2021-02-22T23:59:59","slug":"p9783836957113","status":"publish","type":"page","link":"https:\/\/www.web-rr.de\/GHS-Buecherei\/index.php\/p9783836957113\/","title":{"rendered":"Jungen 21"},"content":{"rendered":"<table><tbody><tr><td class='rDTitel' colspan='2'>Ferdinands klitzekleine Superkr\u00e4fte<\/td><\/tr><tr><td><span class='rDLabel1'>Status: <\/span><span class='rDText1Gruen'>vorhanden<\/span><\/td><td><span class='rDLabel1'>Antolin: <\/span><span class='rDText1Gruen'>ja, Empfehlung Klasse 4<\/span><\/td><\/tr><tr><td width=50%><img src='https:\/\/www.web-rr.de\/GHS-Buecherei\/wp-content\/uploads\/9783836957113.jpg' alt=''><\/td><td><p class='rDLabel2'>von <span class='rDText2'>H\u00e9l\u00e8na Villovitch<\/span><\/p><p class='rDLabel2'>Verlag: <span class='rDText2'>Gerstenberg Verlag,  2013,  12.95 \u20ac<\/span><\/p><p class='rDLabel2'>B\u00fccherei-Barcode: <span class='rDText2'>9783836957113<\/span><\/p><p class='rDLabel2'>In der B\u00fccherei erfasst am: <span class='rDText2'>01.03.2015<\/span><\/p><p class='rDLabel2'>Stichw\u00f6rter: <span class='rDText2'>anders sein, Freundschaft<\/span><\/p><p class='rDLabel2'>Lesealter ca. <span class='rDText2'>8<\/span><span class='rDLabel2'> Jahre<\/span><\/p><p class='rDLabel2'>Das Buch wurde <span class='rDText2'>2<\/span><span class='rDLabel2'> mal gelesen.<\/span><\/p><\/td><\/tr><tr><td colspan='2'><p class='rDLabel1'>Inhalt:<\/p><span class='rDText2'>Ferdinand hat es wirklich gut getroffen - die neue Schule ist super, die Lehrerin total nett und er hat auch schon zwei Freunde gefunden: Babouche, der immer aus heiterem Himmel die merkw\u00fcrdigsten W\u00f6rter herausbr\u00fcllt, und die kleine Gaufrette, die zwar keinen Ton sagt, Ferdinand daf\u00fcr aber ganz lieb anstrahlt. Auch die anderen Sch\u00fcler in der Klasse sind ein wenig besonders, was immer wieder f\u00fcr Chaos sorgt. Eines Tages wird es der Direktorin zu bunt; sie droht damit, die Klasse aufzul\u00f6sen. Ferdinand muss das um jeden Preis verhindern. Ein Gl\u00fcck, dass er \u00fcber Superkr\u00e4fte verf\u00fcgt, auch wenn sie nur klitzeklein sind. Und vielleicht kann er damit sogar die bezaubernde Zobeline beeindrucken... Eine vergn\u00fcgliche Alltagsgeschichte voller Situationskomik und mit einer Prise Magie! Villovitch erz\u00e4hlt warmherzig und augenzwinkernd \u00fcber das Anderssein und den Wert der Freundschaft.<\/span><\/td><\/tr><tr><td colspan='2'><a href='#' onclick='history.back(); return false'>Zur\u00fcck<\/a><\/td><\/tr><\/tbody><\/table>\n","protected":false},"excerpt":{"rendered":"","protected":false},"author":1,"featured_media":0,"parent":0,"menu_order":0,"comment_status":"closed","ping_status":"closed","template":"","meta":[],"_links":{"self":[{"href":"https:\/\/www.web-rr.de\/GHS-Buecherei\/index.php\/wp-json\/wp\/v2\/pages\/4524"}],"collection":[{"href":"https:\/\/www.web-rr.de\/GHS-Buecherei\/index.php\/wp-json\/wp\/v2\/pages"}],"about":[{"href":"https:\/\/www.web-rr.de\/GHS-Buecherei\/index.php\/wp-json\/wp\/v2\/types\/page"}],"author":[{"embeddable":true,"href":"https:\/\/www.web-rr.de\/GHS-Buecherei\/index.php\/wp-json\/wp\/v2\/users\/1"}],"replies":[{"embeddable":true,"href":"https:\/\/www.web-rr.de\/GHS-Buecherei\/index.php\/wp-json\/wp\/v2\/comments?post=4524"}],"version-history":[{"count":0,"href":"https:\/\/www.web-rr.de\/GHS-Buecherei\/index.php\/wp-json\/wp\/v2\/pages\/4524\/revisions"}],"wp:attachment":[{"href":"https:\/\/www.web-rr.de\/GHS-Buecherei\/index.php\/wp-json\/wp\/v2\/media?parent=4524"}],"curies":[{"name":"wp","href":"https:\/\/api.w.org\/{rel}","templated":true}]}}