{"id":4514,"date":"2021-02-23T20:00:00","date_gmt":"2021-02-23T20:00:00","guid":{"rendered":"https:\/\/www.web-rr.de\/GHS-Buecherei\/?page_id=4514"},"modified":"2021-02-22T23:59:59","modified_gmt":"2021-02-22T23:59:59","slug":"p9783423624794","status":"publish","type":"page","link":"https:\/\/www.web-rr.de\/GHS-Buecherei\/index.php\/p9783423624794\/","title":{"rendered":"Jungen 11"},"content":{"rendered":"<table><tbody><tr><td class='rDTitel' colspan='2'>Robert und die Ritter 1 Das Zauberschwert<\/td><\/tr><tr><td><span class='rDLabel1'>Status: <\/span><span class='rDText1Gruen'>vorhanden<\/span><\/td><td><span class='rDLabel1'>Antolin: <\/span><span class='rDText1Gruen'>ja, Empfehlung Klasse 4<\/span><\/td><\/tr><tr><td width=50%><img src='https:\/\/www.web-rr.de\/GHS-Buecherei\/wp-content\/uploads\/9783423624794.jpg' alt=''><\/td><td><p class='rDLabel2'>von <span class='rDText2'>Anu Stohner<\/span><\/p><p class='rDLabel2'>Verlag: <span class='rDText2'>Deutscher Taschenbuch Verlag,  2011,  12.95 \u20ac<\/span><\/p><p class='rDLabel2'>B\u00fccherei-Barcode: <span class='rDText2'>9783423624794<\/span><\/p><p class='rDLabel2'>In der B\u00fccherei erfasst am: <span class='rDText2'>01.04.2014<\/span><\/p><p class='rDLabel2'>Stichw\u00f6rter: <span class='rDText2'>Ritter, Mittelalter<\/span><\/p><p class='rDLabel2'>Lesealter ca. <span class='rDText2'>8<\/span><span class='rDLabel2'> Jahre<\/span><\/p><p class='rDLabel2'>Das Buch wurde <span class='rDText2'>3<\/span><span class='rDLabel2'> mal gelesen.<\/span><\/p><\/td><\/tr><tr><td colspan='2'><p class='rDLabel1'>Inhalt:<\/p><span class='rDText2'>Vorw\u00e4rts, Ritter von der Wackerburg!Nat\u00fcrlich w\u00e4re es zu alldem nicht gekommen, wenn Robert von seinem Onkel nicht ein Zauberschwert geschenkt bekommen h\u00e4tte, mit dem man Zeitreisen machen kann. So landen Robert und sein Freund Tim im Mittelalter, auf der Wackerburg. Dort leben die kleinen Ritter mit den kleinen Raubrittern von der Burg Wolfeck in einer Dauerfehde. Kann ja Robert nicht wissen. Aber wo Robert ist, da ist auch Chaos. Und tats\u00e4chlich, kaum stehen Tim und Robert auf dem Burghof, kommt ein Handschuh \u00fcber die Mauer geflogen. Und eh man es begreift, hat ihn Robert schon in der Hand, den Fehdehandschuh.Die wilden W\u00f6lfe haben endlich ihr Ziel erreicht. Endlich gibt es Keile f\u00fcr die Wackerburger! Oje! M\u00fcssen die netten kleinen Ritter gegen die \u00dcbermacht der Raufritter k\u00e4mpfen? Und wenn ja, wie sehen sie hinterher aus? Robert und Tim wollen helfen. Aber wie?<\/span><\/td><\/tr><tr><td colspan='2'><a href='#' onclick='history.back(); return false'>Zur\u00fcck<\/a><\/td><\/tr><\/tbody><\/table>\n","protected":false},"excerpt":{"rendered":"","protected":false},"author":1,"featured_media":0,"parent":0,"menu_order":0,"comment_status":"closed","ping_status":"closed","template":"","meta":[],"_links":{"self":[{"href":"https:\/\/www.web-rr.de\/GHS-Buecherei\/index.php\/wp-json\/wp\/v2\/pages\/4514"}],"collection":[{"href":"https:\/\/www.web-rr.de\/GHS-Buecherei\/index.php\/wp-json\/wp\/v2\/pages"}],"about":[{"href":"https:\/\/www.web-rr.de\/GHS-Buecherei\/index.php\/wp-json\/wp\/v2\/types\/page"}],"author":[{"embeddable":true,"href":"https:\/\/www.web-rr.de\/GHS-Buecherei\/index.php\/wp-json\/wp\/v2\/users\/1"}],"replies":[{"embeddable":true,"href":"https:\/\/www.web-rr.de\/GHS-Buecherei\/index.php\/wp-json\/wp\/v2\/comments?post=4514"}],"version-history":[{"count":0,"href":"https:\/\/www.web-rr.de\/GHS-Buecherei\/index.php\/wp-json\/wp\/v2\/pages\/4514\/revisions"}],"wp:attachment":[{"href":"https:\/\/www.web-rr.de\/GHS-Buecherei\/index.php\/wp-json\/wp\/v2\/media?parent=4514"}],"curies":[{"name":"wp","href":"https:\/\/api.w.org\/{rel}","templated":true}]}}