{"id":4512,"date":"2021-02-23T20:00:00","date_gmt":"2021-02-23T20:00:00","guid":{"rendered":"https:\/\/www.web-rr.de\/GHS-Buecherei\/?page_id=4512"},"modified":"2021-02-22T23:59:59","modified_gmt":"2021-02-22T23:59:59","slug":"p9783865391070","status":"publish","type":"page","link":"https:\/\/www.web-rr.de\/GHS-Buecherei\/index.php\/p9783865391070\/","title":{"rendered":"Jungen 08"},"content":{"rendered":"<table><tbody><tr><td class='rDTitel' colspan='2'>Wie die Schuhe fliegen lernten und andere Schelmengeschichten<\/td><\/tr><tr><td><span class='rDLabel1'>Status: <\/span><span class='rDText1Gruen'>vorhanden<\/span><\/td><td><span class='rDLabel1'>Antolin: <\/span><span class='rDText1Rot'>Quiz nicht vorhanden.<\/span><\/td><\/tr><tr><td width=50%><img src='https:\/\/www.web-rr.de\/GHS-Buecherei\/wp-content\/uploads\/9783865391070.jpg' alt=''><\/td><td><p class='rDLabel2'>von <span class='rDText2'>Max Kruse<\/span><\/p><p class='rDLabel2'>Verlag: <span class='rDText2'>Marixverlag,  2006,  3.95 \u20ac<\/span><\/p><p class='rDLabel2'>B\u00fccherei-Barcode: <span class='rDText2'>9783865391070<\/span><\/p><p class='rDLabel2'>In der B\u00fccherei erfasst am: <span class='rDText2'>01.04.2014<\/span><\/p><p class='rDLabel2'>Stichw\u00f6rter: <span class='rDText2'>Till Eulenspiegel, Baron M\u00fcnchhausen, Schildb\u00fcrgern, Schelm<\/span><\/p><p class='rDLabel2'>Lesealter ca. <span class='rDText2'>-<\/span><span class='rDLabel2'> Jahre<\/span><\/p><p class='rDLabel2'>Das Buch wurde <span class='rDText2'>0<\/span><span class='rDLabel2'> mal gelesen.<\/span><\/p><\/td><\/tr><tr><td colspan='2'><p class='rDLabel1'>Inhalt:<\/p><span class='rDText2'>Der Schelm bringt die Menschen zum Lachen und er versetzt sie in Staunen. Denn er ist klug, auch wenn er sich manchmal dumm stellt. Taucht der Schelm auf, dann hei\u00dft es aufgepasst! Denn seine Streiche ergeben sich meist daraus, dass er eine bildliche Redewendung w\u00f6rtlich nimmt und diese dazu verwendet, die Unzul\u00e4nglichkeiten seiner Mitmenschen blo\u00dfzustellen und die Missst\u00e4nde seiner Zeit aufzudecken. Aber weil er fast immer die Reichen und M\u00e4chtigen \u00e4rgert, ist der Schelm gerade bei den einfachen Menschen im Volk sehr beliebt. Schlie\u00dflich steht er ja auf ihrer Seite! Max Kruse erz\u00e4hlt in diesem Buch vom bekanntesten deutschen Schelm Till Eulenspiegel, aber auch vom Baron M\u00fcnchhausen und den Schildb\u00fcrgern.<\/span><\/td><\/tr><tr><td colspan='2'><a href='#' onclick='history.back(); return false'>Zur\u00fcck<\/a><\/td><\/tr><\/tbody><\/table>\n","protected":false},"excerpt":{"rendered":"","protected":false},"author":1,"featured_media":0,"parent":0,"menu_order":0,"comment_status":"closed","ping_status":"closed","template":"","meta":[],"_links":{"self":[{"href":"https:\/\/www.web-rr.de\/GHS-Buecherei\/index.php\/wp-json\/wp\/v2\/pages\/4512"}],"collection":[{"href":"https:\/\/www.web-rr.de\/GHS-Buecherei\/index.php\/wp-json\/wp\/v2\/pages"}],"about":[{"href":"https:\/\/www.web-rr.de\/GHS-Buecherei\/index.php\/wp-json\/wp\/v2\/types\/page"}],"author":[{"embeddable":true,"href":"https:\/\/www.web-rr.de\/GHS-Buecherei\/index.php\/wp-json\/wp\/v2\/users\/1"}],"replies":[{"embeddable":true,"href":"https:\/\/www.web-rr.de\/GHS-Buecherei\/index.php\/wp-json\/wp\/v2\/comments?post=4512"}],"version-history":[{"count":0,"href":"https:\/\/www.web-rr.de\/GHS-Buecherei\/index.php\/wp-json\/wp\/v2\/pages\/4512\/revisions"}],"wp:attachment":[{"href":"https:\/\/www.web-rr.de\/GHS-Buecherei\/index.php\/wp-json\/wp\/v2\/media?parent=4512"}],"curies":[{"name":"wp","href":"https:\/\/api.w.org\/{rel}","templated":true}]}}