{"id":4500,"date":"2021-02-23T20:00:00","date_gmt":"2021-02-23T20:00:00","guid":{"rendered":"https:\/\/www.web-rr.de\/GHS-Buecherei\/?page_id=4500"},"modified":"2021-02-22T23:59:59","modified_gmt":"2021-02-22T23:59:59","slug":"p9783925169434","status":"publish","type":"page","link":"https:\/\/www.web-rr.de\/GHS-Buecherei\/index.php\/p9783925169434\/","title":{"rendered":"Indianer 06"},"content":{"rendered":"<table><tbody><tr><td class='rDTitel' colspan='2'>Oxmox ox Mollox. Kinder spielen Indianer (Kinder spielen Geschichte)<\/td><\/tr><tr><td><span class='rDLabel1'>Status: <\/span><span class='rDText1Gruen'>vorhanden<\/span><\/td><td><span class='rDLabel1'>Antolin: <\/span><span class='rDText1Rot'>Quiz nicht vorhanden.<\/span><\/td><\/tr><tr><td width=50%><img src='https:\/\/www.web-rr.de\/GHS-Buecherei\/wp-content\/uploads\/9783925169434.jpg' alt=''><\/td><td><p class='rDLabel2'>von <span class='rDText2'>J\u00f6rg Sommer<\/span><\/p><p class='rDLabel2'>Verlag: <span class='rDText2'>\u00d6kotopia Verlag,  2007<\/span><\/p><p class='rDLabel2'>B\u00fccherei-Barcode: <span class='rDText2'>9783925169434<\/span><\/p><p class='rDLabel2'>In der B\u00fccherei erfasst am: <span class='rDText2'>01.05.2016<\/span><\/p><p class='rDLabel2'>Stichw\u00f6rter: <span class='rDText2'>Leben, Alltag, Rezepte, Kinder, Feste<\/span><\/p><p class='rDLabel2'>Lesealter ca. <span class='rDText2'>-<\/span><span class='rDLabel2'> Jahre<\/span><\/p><p class='rDLabel2'>Das Buch wurde <span class='rDText2'>0<\/span><span class='rDLabel2'> mal gelesen.<\/span><\/p><\/td><\/tr><tr><td colspan='2'><p class='rDLabel1'>Inhalt:<\/p><span class='rDText2'>Nach wie vor wird das Leben der Indianer in vielen Filmen und B\u00fccher idealisiert und oberfl\u00e4chlich dargestellt. Dabei k\u00f6nnte eine Besch\u00e4ftigung mit dem realen Leben der Indianer gestern und heute viele w\u00fcnschenswerte Verhaltensweisen unterst\u00fctzen: Toleranz gegen\u00fcber Fremdem, soziales Verhalten und bewu\u00dften Umgang mit der Natur und ihren Ressourcen. Nach einer ausf\u00fchrlichen inhaltlichen Einleitung werden jeweils in einem eigenen Kapitel unterschiedliche Lebensbereiche der Indianer werden vorgestellt und mit einer bisher einmaligen F\u00fclle konkreter Spiel- und Bastelideen f\u00fcr jede Altersstufe verbunden. Viele davon sind historisch \u00fcberlieferte Spiele der Indianerkinder. Auch viele urspr\u00fcngliche indianische Rezepte, die von oder mit Kindern zubereitet werden k\u00f6nnen, sind enthalten. Dar\u00fcber hinaus finden sich komplette Programme f\u00fcr vielerlei Aktionen: f\u00fcr Projekttage in der Schule, Indianerfeste im Kindergarten, Tagesveranstaltungen f\u00fcr Jugendh\u00e4user, Kindergeburtstage, sogar f\u00fcr Indianerwochenenden oder als H\u00f6hepunkt einer kompletten Indianer-Freizeit f\u00fcr kleine Abenteurer! Erg\u00e4nzt wird es durch einen ausf\u00fchrlichen Anhang mit einer Liste empfehlenswerter Medien sowie mit Adressen von Museen und Initiativen. Ein Lexikon indianischer Begriffe rundet das Ganze ab.<\/span><\/td><\/tr><tr><td colspan='2'><a href='#' onclick='history.back(); return false'>Zur\u00fcck<\/a><\/td><\/tr><\/tbody><\/table>\n","protected":false},"excerpt":{"rendered":"","protected":false},"author":1,"featured_media":0,"parent":0,"menu_order":0,"comment_status":"closed","ping_status":"closed","template":"","meta":[],"_links":{"self":[{"href":"https:\/\/www.web-rr.de\/GHS-Buecherei\/index.php\/wp-json\/wp\/v2\/pages\/4500"}],"collection":[{"href":"https:\/\/www.web-rr.de\/GHS-Buecherei\/index.php\/wp-json\/wp\/v2\/pages"}],"about":[{"href":"https:\/\/www.web-rr.de\/GHS-Buecherei\/index.php\/wp-json\/wp\/v2\/types\/page"}],"author":[{"embeddable":true,"href":"https:\/\/www.web-rr.de\/GHS-Buecherei\/index.php\/wp-json\/wp\/v2\/users\/1"}],"replies":[{"embeddable":true,"href":"https:\/\/www.web-rr.de\/GHS-Buecherei\/index.php\/wp-json\/wp\/v2\/comments?post=4500"}],"version-history":[{"count":0,"href":"https:\/\/www.web-rr.de\/GHS-Buecherei\/index.php\/wp-json\/wp\/v2\/pages\/4500\/revisions"}],"wp:attachment":[{"href":"https:\/\/www.web-rr.de\/GHS-Buecherei\/index.php\/wp-json\/wp\/v2\/media?parent=4500"}],"curies":[{"name":"wp","href":"https:\/\/api.w.org\/{rel}","templated":true}]}}