{"id":4493,"date":"2021-02-23T20:00:00","date_gmt":"2021-02-23T20:00:00","guid":{"rendered":"https:\/\/www.web-rr.de\/GHS-Buecherei\/?page_id=4493"},"modified":"2021-02-22T23:59:59","modified_gmt":"2021-02-22T23:59:59","slug":"p9783407810977","status":"publish","type":"page","link":"https:\/\/www.web-rr.de\/GHS-Buecherei\/index.php\/p9783407810977\/","title":{"rendered":"Hunter 21"},"content":{"rendered":"<table><tbody><tr><td class='rDTitel' colspan='2'>Warrior Cats. Die Welt der Clans: Das Gesetz der Krieger<\/td><\/tr><tr><td><span class='rDLabel1'>Status: <\/span><span class='rDText1Gruen'>vorhanden<\/span><\/td><td><span class='rDLabel1'>Antolin: <\/span><span class='rDText1Gruen'>ja, Empfehlung Klasse 6<\/span><\/td><\/tr><tr><td width=50%><img src='https:\/\/www.web-rr.de\/GHS-Buecherei\/wp-content\/uploads\/9783407810977.jpg' alt=''><\/td><td><p class='rDLabel2'>von <span class='rDText2'>Erin Hunter<\/span><\/p><p class='rDLabel2'>Verlag: <span class='rDText2'>Beltz & Gelberg,  2018,  7.95 \u20ac<\/span><\/p><p class='rDLabel2'>B\u00fccherei-Barcode: <span class='rDText2'>9783407810977<\/span><\/p><p class='rDLabel2'>In der B\u00fccherei erfasst am: <span class='rDText2'>06.08.2018<\/span><\/p><p class='rDLabel2'>Stichw\u00f6rter: <span class='rDText2'>Fantasie, Abenteuer<\/span><\/p><p class='rDLabel2'>Lesealter ca. <span class='rDText2'>10<\/span><span class='rDLabel2'> Jahre<\/span><\/p><p class='rDLabel2'>Das Buch wurde <span class='rDText2'>7<\/span><span class='rDLabel2'> mal gelesen.<\/span><\/p><\/td><\/tr><tr><td colspan='2'><p class='rDLabel1'>Inhalt:<\/p><span class='rDText2'>Eine junge Heiler-Katze enth\u00fcllt zum ersten Mal die Geheimnisse und Legenden, die sich hinter dem Gesetz der Krieger verbergen ...Seit ewigen Zeiten richten die Katzen des Waldes ihr Leben nach dem Gesetz der Krieger aus. Aber woher kommt eigentlich die Tradition der Gro\u00dfen Versammlung? Wozu m\u00fcssen junge Clan-Katzen bei ihrer Ernennung zum Krieger eine Nacht lang schweigend Wache halten? Und wie ist das Gesetz der Krieger \u00fcberhaupt entstanden? Blattsee, die junge Heilerin aus dem DonnerClan, nimmt den Leser mit auf eine Reise zu den Urspr\u00fcngen der vier WaldClans. 15 spannende, abenteuerliche und tragische Legenden erz\u00e4hlen, wie die Gesetze der Waldkatzen einst entstanden sind. Mit vielen opulenten Bildtafeln ein besonderer Leckerbissen f\u00fcr Fans und Neueinsteiger.<\/span><\/td><\/tr><tr><td colspan='2'><a href='#' onclick='history.back(); return false'>Zur\u00fcck<\/a><\/td><\/tr><\/tbody><\/table>\n","protected":false},"excerpt":{"rendered":"","protected":false},"author":1,"featured_media":0,"parent":0,"menu_order":0,"comment_status":"closed","ping_status":"closed","template":"","meta":[],"_links":{"self":[{"href":"https:\/\/www.web-rr.de\/GHS-Buecherei\/index.php\/wp-json\/wp\/v2\/pages\/4493"}],"collection":[{"href":"https:\/\/www.web-rr.de\/GHS-Buecherei\/index.php\/wp-json\/wp\/v2\/pages"}],"about":[{"href":"https:\/\/www.web-rr.de\/GHS-Buecherei\/index.php\/wp-json\/wp\/v2\/types\/page"}],"author":[{"embeddable":true,"href":"https:\/\/www.web-rr.de\/GHS-Buecherei\/index.php\/wp-json\/wp\/v2\/users\/1"}],"replies":[{"embeddable":true,"href":"https:\/\/www.web-rr.de\/GHS-Buecherei\/index.php\/wp-json\/wp\/v2\/comments?post=4493"}],"version-history":[{"count":0,"href":"https:\/\/www.web-rr.de\/GHS-Buecherei\/index.php\/wp-json\/wp\/v2\/pages\/4493\/revisions"}],"wp:attachment":[{"href":"https:\/\/www.web-rr.de\/GHS-Buecherei\/index.php\/wp-json\/wp\/v2\/media?parent=4493"}],"curies":[{"name":"wp","href":"https:\/\/api.w.org\/{rel}","templated":true}]}}