{"id":4487,"date":"2021-02-23T20:00:00","date_gmt":"2021-02-23T20:00:00","guid":{"rendered":"https:\/\/www.web-rr.de\/GHS-Buecherei\/?page_id=4487"},"modified":"2021-02-22T23:59:59","modified_gmt":"2021-02-22T23:59:59","slug":"p9783407811349","status":"publish","type":"page","link":"https:\/\/www.web-rr.de\/GHS-Buecherei\/index.php\/p9783407811349\/","title":{"rendered":"Hunter 15"},"content":{"rendered":"<table><tbody><tr><td class='rDTitel' colspan='2'>Warrior Cats - Die Macht der drei, Verbannt<\/td><\/tr><tr><td><span class='rDLabel1'>Status: <\/span><span class='rDText1Gruen'>vorhanden<\/span><\/td><td><span class='rDLabel1'>Antolin: <\/span><span class='rDText1Gruen'>ja, Empfehlung Klasse 6<\/span><\/td><\/tr><tr><td width=50%><img src='https:\/\/www.web-rr.de\/GHS-Buecherei\/wp-content\/uploads\/9783407811349.jpg' alt=''><\/td><td><p class='rDLabel2'>von <span class='rDText2'>Erin Hunter<\/span><\/p><p class='rDLabel2'>Verlag: <span class='rDText2'>Beltz & Gelberg,  2013,  14.95 \u20ac<\/span><\/p><p class='rDLabel2'>B\u00fccherei-Barcode: <span class='rDText2'>9783407811349<\/span><\/p><p class='rDLabel2'>In der B\u00fccherei erfasst am: <span class='rDText2'>06.08.2018<\/span><\/p><p class='rDLabel2'>Stichw\u00f6rter: <span class='rDText2'>Fantasie, Abenteuer<\/span><\/p><p class='rDLabel2'>Lesealter ca. <span class='rDText2'>10<\/span><span class='rDLabel2'> Jahre<\/span><\/p><p class='rDLabel2'>Das Buch wurde <span class='rDText2'>0<\/span><span class='rDLabel2'> mal gelesen.<\/span><\/p><\/td><\/tr><tr><td colspan='2'><p class='rDLabel1'>Inhalt:<\/p><span class='rDText2'>Teil III, Band 3\u00bbWir h\u00f6rten, dass du kommen w\u00fcrdest\u00ab, murmelte der Alte. Seine Stimme klang ged\u00e4mpft, als w\u00fcrde er durch unendlich viele Blattwechsel voller Staub sprechen. \u00bbAber wir hatten dich nicht so bald erwartet.\u00abH\u00e4herpfote h\u00fctet sein Wissen um die geheimnisvolle Prophezeiung wie einen Schatz. Er ist \u00fcberzeugt, dass der Schl\u00fcssel zur Macht der Sterne in der Vergangenheit, bei den Vorfahren der Waldkatzen liegt, die ihm in seinen Tr\u00e4umen erscheinen. Aber die Pfade der Ahnen sind verschlungen und reichen bis in die Gegenwart. Als H\u00e4herpfote zusammen mit L\u00f6wenpfote, Distelpfote und anderen Kriegern des DonnerClans zu einer Reise zum Stamm des eilenden Wassers aufbricht, stehen ihm \u00fcberraschende Entdeckungen bevor \u2013 und das bisher gr\u00f6\u00dfte Abenteuer seines Lebens.<\/span><\/td><\/tr><tr><td colspan='2'><a href='#' onclick='history.back(); return false'>Zur\u00fcck<\/a><\/td><\/tr><\/tbody><\/table>\n","protected":false},"excerpt":{"rendered":"","protected":false},"author":1,"featured_media":0,"parent":0,"menu_order":0,"comment_status":"closed","ping_status":"closed","template":"","meta":[],"_links":{"self":[{"href":"https:\/\/www.web-rr.de\/GHS-Buecherei\/index.php\/wp-json\/wp\/v2\/pages\/4487"}],"collection":[{"href":"https:\/\/www.web-rr.de\/GHS-Buecherei\/index.php\/wp-json\/wp\/v2\/pages"}],"about":[{"href":"https:\/\/www.web-rr.de\/GHS-Buecherei\/index.php\/wp-json\/wp\/v2\/types\/page"}],"author":[{"embeddable":true,"href":"https:\/\/www.web-rr.de\/GHS-Buecherei\/index.php\/wp-json\/wp\/v2\/users\/1"}],"replies":[{"embeddable":true,"href":"https:\/\/www.web-rr.de\/GHS-Buecherei\/index.php\/wp-json\/wp\/v2\/comments?post=4487"}],"version-history":[{"count":0,"href":"https:\/\/www.web-rr.de\/GHS-Buecherei\/index.php\/wp-json\/wp\/v2\/pages\/4487\/revisions"}],"wp:attachment":[{"href":"https:\/\/www.web-rr.de\/GHS-Buecherei\/index.php\/wp-json\/wp\/v2\/media?parent=4487"}],"curies":[{"name":"wp","href":"https:\/\/api.w.org\/{rel}","templated":true}]}}