{"id":4481,"date":"2021-02-23T20:00:00","date_gmt":"2021-02-23T20:00:00","guid":{"rendered":"https:\/\/www.web-rr.de\/GHS-Buecherei\/?page_id=4481"},"modified":"2021-02-22T23:59:59","modified_gmt":"2021-02-22T23:59:59","slug":"p9783407810939","status":"publish","type":"page","link":"https:\/\/www.web-rr.de\/GHS-Buecherei\/index.php\/p9783407810939\/","title":{"rendered":"Hunter 09"},"content":{"rendered":"<table><tbody><tr><td class='rDTitel' colspan='2'>Warrior Cats - Die neue Prophezeiung. Morgenr\u00f6te<\/td><\/tr><tr><td><span class='rDLabel1'>Status: <\/span><span class='rDText1Gruen'>vorhanden<\/span><\/td><td><span class='rDLabel1'>Antolin: <\/span><span class='rDText1Gruen'>ja, Empfehlung Klasse 6<\/span><\/td><\/tr><tr><td width=50%><img src='https:\/\/www.web-rr.de\/GHS-Buecherei\/wp-content\/uploads\/9783407810939.jpg' alt=''><\/td><td><p class='rDLabel2'>von <span class='rDText2'>Erin Hunter<\/span><\/p><p class='rDLabel2'>Verlag: <span class='rDText2'>Beltz & Gelberg,  2016,  14.95 \u20ac<\/span><\/p><p class='rDLabel2'>B\u00fccherei-Barcode: <span class='rDText2'>9783407810939<\/span><\/p><p class='rDLabel2'>In der B\u00fccherei erfasst am: <span class='rDText2'>06.08.2018<\/span><\/p><p class='rDLabel2'>Stichw\u00f6rter: <span class='rDText2'>Fantasie, Abenteuer<\/span><\/p><p class='rDLabel2'>Lesealter ca. <span class='rDText2'>10<\/span><span class='rDLabel2'> Jahre<\/span><\/p><p class='rDLabel2'>Das Buch wurde <span class='rDText2'>1<\/span><span class='rDLabel2'> mal gelesen.<\/span><\/p><\/td><\/tr><tr><td colspan='2'><p class='rDLabel1'>Inhalt:<\/p><span class='rDText2'>Teil II, Band 3Die gro\u00dfe Eiche neigte sich, zun\u00e4chst langsam, dann immer schneller. bis sie krachend zu Boden fiel. \u00bbDer Wald ist tot\u00ab, murmelte Sandsturm. \u00bbF\u00fcr keinen von uns besteht noch Hoffnung.\u00abDie Zweibeiner zerst\u00f6ren den Wald: Das Lager des DonnerClans ist dem Erdboden gleichgemacht worden, das Baumgeviert, der rituelle Versammlungsort der vier Clans, gef\u00e4llt. Alle Katzen hungern erb\u00e4rmlich. Es scheint unvermeindlich: Die Katzen m\u00fcssen den Wald verlassen, wenn sie nicht sterben wollen! Doch wohin sollen sie gehen, wo sollen sie in Zukunft leben? Und wie kann unter solchen Bedingungen Frieden zwischen den vier Clans herrschen? Ausgerechnet jetzt h\u00fcllt der SternenClan sich in Schweigen. Als die Katzen endlich aufbrechen, wei\u00df keine, wohin ihre Reise sie f\u00fchren wird ...<\/span><\/td><\/tr><tr><td colspan='2'><a href='#' onclick='history.back(); return false'>Zur\u00fcck<\/a><\/td><\/tr><\/tbody><\/table>\n","protected":false},"excerpt":{"rendered":"","protected":false},"author":1,"featured_media":0,"parent":0,"menu_order":0,"comment_status":"closed","ping_status":"closed","template":"","meta":[],"_links":{"self":[{"href":"https:\/\/www.web-rr.de\/GHS-Buecherei\/index.php\/wp-json\/wp\/v2\/pages\/4481"}],"collection":[{"href":"https:\/\/www.web-rr.de\/GHS-Buecherei\/index.php\/wp-json\/wp\/v2\/pages"}],"about":[{"href":"https:\/\/www.web-rr.de\/GHS-Buecherei\/index.php\/wp-json\/wp\/v2\/types\/page"}],"author":[{"embeddable":true,"href":"https:\/\/www.web-rr.de\/GHS-Buecherei\/index.php\/wp-json\/wp\/v2\/users\/1"}],"replies":[{"embeddable":true,"href":"https:\/\/www.web-rr.de\/GHS-Buecherei\/index.php\/wp-json\/wp\/v2\/comments?post=4481"}],"version-history":[{"count":0,"href":"https:\/\/www.web-rr.de\/GHS-Buecherei\/index.php\/wp-json\/wp\/v2\/pages\/4481\/revisions"}],"wp:attachment":[{"href":"https:\/\/www.web-rr.de\/GHS-Buecherei\/index.php\/wp-json\/wp\/v2\/media?parent=4481"}],"curies":[{"name":"wp","href":"https:\/\/api.w.org\/{rel}","templated":true}]}}