{"id":4332,"date":"2021-02-23T20:00:00","date_gmt":"2021-02-23T20:00:00","guid":{"rendered":"https:\/\/www.web-rr.de\/GHS-Buecherei\/?page_id=4332"},"modified":"2021-02-22T23:59:59","modified_gmt":"2021-02-22T23:59:59","slug":"p9783833930843","status":"publish","type":"page","link":"https:\/\/www.web-rr.de\/GHS-Buecherei\/index.php\/p9783833930843\/","title":{"rendered":"Fu\u00dfball 22"},"content":{"rendered":"<table><tbody><tr><td class='rDTitel' colspan='2'>DWK Doppelband 5: Bd. 9 Joschka \/Bd. 10 Marlon<\/td><\/tr><tr><td><span class='rDLabel1'>Status: <\/span><span class='rDText1Gruen'>vorhanden<\/span><\/td><td><span class='rDLabel1'>Antolin: <\/span><span class='rDText1Gruen'>ja, Empfehlung Klasse 6<\/span><\/td><\/tr><tr><td width=50%><img src='https:\/\/www.web-rr.de\/GHS-Buecherei\/wp-content\/uploads\/9783833930843.jpg' alt=''><\/td><td><p class='rDLabel2'>von <span class='rDText2'>Joachim Masannek<\/span><\/p><p class='rDLabel2'>Verlag: <span class='rDText2'>Baumhaus Verlag GmbH,  2008,  12.00 \u20ac<\/span><\/p><p class='rDLabel2'>B\u00fccherei-Barcode: <span class='rDText2'>9783833930843<\/span><\/p><p class='rDLabel2'>In der B\u00fccherei erfasst am: <span class='rDText2'>01.04.2014<\/span><\/p><p class='rDLabel2'>Stichw\u00f6rter: <span class='rDText2'>Bande, klein sein, Die wilden Fu\u00dfballkerle, Wilde Fu\u00dfballkerleStreit, Vers\u00f6hnung<\/span><\/p><p class='rDLabel2'>Lesealter ca. <span class='rDText2'>10<\/span><span class='rDLabel2'> Jahre<\/span><\/p><p class='rDLabel2'>Das Buch wurde <span class='rDText2'>8<\/span><span class='rDLabel2'> mal gelesen.<\/span><\/p><\/td><\/tr><tr><td colspan='2'><p class='rDLabel1'>Inhalt:<\/p><span class='rDText2'>Band 9: Ausgerechnet Joschka, der kleinste der Wilden Fu\u00dfballkerle, legt sich mit den gef\u00fcrchteten Flammenm\u00fctzen aus der Nebelburg an. Angef\u00fchrt von Gonzo, dem blassen Vampir, verlangt die Skatergang nun die alleinige Herrschaft \u00fcber die Stadt. Sie stehlen den Wilden Kerlen den Schwarzen Ball, klauen die nachtschwarzen Trikots und belagern den Teufelstopf. Die Wilden Fu\u00dfballkerle sind ratlos. Sie sollen vernichtet werden. Doch da hat ihr Trainer Willi einen Plan. Und nur Joschka, die siebte Kavallerie, kann die Wilden Kerle noch retten ...Band 10: Sie k\u00f6nnten es schaffen: Die Wilden Fu\u00dfballkerle bew\u00e4hren sich in der Hallen-Stadtmeisterschaft und k\u00f6nnen sich zus\u00e4tzlich f\u00fcr die Kinder-Weltmeisterschaft qualifizieren! Da geschieht ein schlimmer Unfall: Marlon verungl\u00fcckt beim Kartfahren und sein bester Freund, Rocce, ist an diesem Unfall schuld. Marlon darf sechs Wochen nicht mehr spielen und nach seiner Auszeit ist er komplett au\u00dfer Form. Er zieht sich von allen zur\u00fcck und spricht nicht mehr mit Rocce. Aber gerade der braucht ihn: Sein Vater, der brasilianische Fu\u00dfballprofi Giacomo Ribaldo, soll vom FC Bayern verkauft werden. Dann m\u00fcsste Rocce mitgehen.Wird Marlon zu den Wilden Kerlen zur\u00fcckfinden und wie k\u00f6nnen sie Ribaldo neu motivieren?<\/span><\/td><\/tr><tr><td colspan='2'><a href='#' onclick='history.back(); return false'>Zur\u00fcck<\/a><\/td><\/tr><\/tbody><\/table>\n","protected":false},"excerpt":{"rendered":"","protected":false},"author":1,"featured_media":0,"parent":0,"menu_order":0,"comment_status":"closed","ping_status":"closed","template":"","meta":[],"_links":{"self":[{"href":"https:\/\/www.web-rr.de\/GHS-Buecherei\/index.php\/wp-json\/wp\/v2\/pages\/4332"}],"collection":[{"href":"https:\/\/www.web-rr.de\/GHS-Buecherei\/index.php\/wp-json\/wp\/v2\/pages"}],"about":[{"href":"https:\/\/www.web-rr.de\/GHS-Buecherei\/index.php\/wp-json\/wp\/v2\/types\/page"}],"author":[{"embeddable":true,"href":"https:\/\/www.web-rr.de\/GHS-Buecherei\/index.php\/wp-json\/wp\/v2\/users\/1"}],"replies":[{"embeddable":true,"href":"https:\/\/www.web-rr.de\/GHS-Buecherei\/index.php\/wp-json\/wp\/v2\/comments?post=4332"}],"version-history":[{"count":0,"href":"https:\/\/www.web-rr.de\/GHS-Buecherei\/index.php\/wp-json\/wp\/v2\/pages\/4332\/revisions"}],"wp:attachment":[{"href":"https:\/\/www.web-rr.de\/GHS-Buecherei\/index.php\/wp-json\/wp\/v2\/media?parent=4332"}],"curies":[{"name":"wp","href":"https:\/\/api.w.org\/{rel}","templated":true}]}}