{"id":4331,"date":"2021-02-23T20:00:00","date_gmt":"2021-02-23T20:00:00","guid":{"rendered":"https:\/\/www.web-rr.de\/GHS-Buecherei\/?page_id=4331"},"modified":"2021-02-22T23:59:59","modified_gmt":"2021-02-22T23:59:59","slug":"p9783831505036","status":"publish","type":"page","link":"https:\/\/www.web-rr.de\/GHS-Buecherei\/index.php\/p9783831505036\/","title":{"rendered":"Fu\u00dfball 21"},"content":{"rendered":"<table><tbody><tr><td class='rDTitel' colspan='2'>Die wilden Fussballkerle - Buchausgabe \/ Rocce, der Zauberer: BD 12<\/td><\/tr><tr><td><span class='rDLabel1'>Status: <\/span><span class='rDText1Gruen'>vorhanden<\/span><\/td><td><span class='rDLabel1'>Antolin: <\/span><span class='rDText1Gruen'>ja, Empfehlung Klasse 6<\/span><\/td><\/tr><tr><td width=50%><img src='https:\/\/www.web-rr.de\/GHS-Buecherei\/wp-content\/uploads\/9783831505036.jpg' alt=''><\/td><td><p class='rDLabel2'>von <span class='rDText2'>Joachim Masannek<\/span><\/p><p class='rDLabel2'>Verlag: <span class='rDText2'>Baumhaus Verlag GmbH,  2004,  8.90 \u20ac<\/span><\/p><p class='rDLabel2'>B\u00fccherei-Barcode: <span class='rDText2'>9783831505036<\/span><\/p><p class='rDLabel2'>In der B\u00fccherei erfasst am: <span class='rDText2'>01.04.2014<\/span><\/p><p class='rDLabel2'>Stichw\u00f6rter: <span class='rDText2'>Bande, starke Frauen<\/span><\/p><p class='rDLabel2'>Lesealter ca. <span class='rDText2'>10<\/span><span class='rDLabel2'> Jahre<\/span><\/p><p class='rDLabel2'>Das Buch wurde <span class='rDText2'>4<\/span><span class='rDLabel2'> mal gelesen.<\/span><\/p><\/td><\/tr><tr><td colspan='2'><p class='rDLabel1'>Inhalt:<\/p><span class='rDText2'>Die Wilden Fu\u00dfballkerle sind Meister geworden und leben im siebten Fu\u00dfballhimmel. Da taucht Annika auf. Sie trainiert eines Tages ganz allein im Teufelstopf und ihre Spielkunst verzaubert die Jungs. Keiner gibt es zu, aber alle tr\u00e4umen davon, dass Annika zu ihnen in die Mannschaft kommt. Heimlich fragt Rocce das eigenwillige M\u00e4dchen, ob sie bei den Wilden Kerlen mitspielen will. Doch sie schl\u00e4gt dieses ph\u00e4nomenale Angebot aus! Rocce ist so fassungslos, dass er es den anderen erz\u00e4hlt. Selbst Vanessa hat alles daf\u00fcr gegeben, um bei den nachtschwarzen Kickern zu spielen. Jetzt aber wollen die Wilden Fu\u00dfballkerle sich r\u00e4chen und versuchen, Annikas Aufmerksamkeit zu gewinnen, um sie dann auflaufen zu lassen. Sie schrecken nicht davor zur\u00fcck, in ihrer Ballettschule aufzutauchen und lassen sich sogar von ihr im Kickboxstudio verhauen. Kein Wunder, dass Vanessa vor Eifersucht tobt! Die Mannschaft steht vor einer ernsten Zerrei\u00dfprobe. Doch wenn sie im n\u00e4chsten Jahr in der D-Gruppe spielenwollen, brauchen sie dringend Verst\u00e4rkung!<\/span><\/td><\/tr><tr><td colspan='2'><a href='#' onclick='history.back(); return false'>Zur\u00fcck<\/a><\/td><\/tr><\/tbody><\/table>\n","protected":false},"excerpt":{"rendered":"","protected":false},"author":1,"featured_media":0,"parent":0,"menu_order":0,"comment_status":"closed","ping_status":"closed","template":"","meta":[],"_links":{"self":[{"href":"https:\/\/www.web-rr.de\/GHS-Buecherei\/index.php\/wp-json\/wp\/v2\/pages\/4331"}],"collection":[{"href":"https:\/\/www.web-rr.de\/GHS-Buecherei\/index.php\/wp-json\/wp\/v2\/pages"}],"about":[{"href":"https:\/\/www.web-rr.de\/GHS-Buecherei\/index.php\/wp-json\/wp\/v2\/types\/page"}],"author":[{"embeddable":true,"href":"https:\/\/www.web-rr.de\/GHS-Buecherei\/index.php\/wp-json\/wp\/v2\/users\/1"}],"replies":[{"embeddable":true,"href":"https:\/\/www.web-rr.de\/GHS-Buecherei\/index.php\/wp-json\/wp\/v2\/comments?post=4331"}],"version-history":[{"count":0,"href":"https:\/\/www.web-rr.de\/GHS-Buecherei\/index.php\/wp-json\/wp\/v2\/pages\/4331\/revisions"}],"wp:attachment":[{"href":"https:\/\/www.web-rr.de\/GHS-Buecherei\/index.php\/wp-json\/wp\/v2\/media?parent=4331"}],"curies":[{"name":"wp","href":"https:\/\/api.w.org\/{rel}","templated":true}]}}