{"id":4329,"date":"2021-02-23T20:00:00","date_gmt":"2021-02-23T20:00:00","guid":{"rendered":"https:\/\/www.web-rr.de\/GHS-Buecherei\/?page_id=4329"},"modified":"2021-02-22T23:59:59","modified_gmt":"2021-02-22T23:59:59","slug":"p9783743202764","status":"publish","type":"page","link":"https:\/\/www.web-rr.de\/GHS-Buecherei\/index.php\/p9783743202764\/","title":{"rendered":"Fu\u00dfball 19"},"content":{"rendered":"<table><tbody><tr><td class='rDTitel' colspan='2'>Der Wunderst\u00fcrmer 1 - Hilfe, ich habe einen Fu\u00dfballstar gekauft! - Nominiert f\u00fcr den Lese-Kicker 2020<\/td><\/tr><tr><td><span class='rDLabel1'>Status: <\/span><span class='rDText1Gruen'>vorhanden<\/span><\/td><td><span class='rDLabel1'>Antolin: <\/span><span class='rDText1Gruen'>ja, Empfehlung Klasse 4<\/span><\/td><\/tr><tr><td width=50%><img src='https:\/\/www.web-rr.de\/GHS-Buecherei\/wp-content\/uploads\/9783743202764.jpg' alt=''><\/td><td><p class='rDLabel2'>von <span class='rDText2'>Ocke Bandixen<\/span><\/p><p class='rDLabel2'>Verlag: <span class='rDText2'>Loewe,  2019,  9.95 \u20ac<\/span><\/p><p class='rDLabel2'>B\u00fccherei-Barcode: <span class='rDText2'>9783743202764<\/span><\/p><p class='rDLabel2'>In der B\u00fccherei erfasst am: <span class='rDText2'>24.08.2020<\/span><\/p><p class='rDLabel2'>Stichw\u00f6rter: <span class='rDText2'>Jungen, Freunde, Star<\/span><\/p><p class='rDLabel2'>Lesealter ca. <span class='rDText2'>8<\/span><span class='rDLabel2'> Jahre<\/span><\/p><p class='rDLabel2'>Das Buch wurde <span class='rDText2'>1<\/span><span class='rDLabel2'> mal gelesen.<\/span><\/p><\/td><\/tr><tr><td colspan='2'><p class='rDLabel1'>Inhalt:<\/p><span class='rDText2'>Nominiert f\u00fcr den Lese-Kicker 2020! Die neue Kinderbuchreihe f\u00fcr Jungs ab 9 Jahren: Tim liebt Fu\u00dfball \u00fcber alles! Leider ist er nicht gerade der beste Spieler, deswegen zockt er lieber Ball im Netz auf seinem Handy. Bis pl\u00f6tzlich ein echter Fu\u00dfballstar vor seiner Haust\u00fcr steht. Aber den hat er doch blo\u00df im Internet gekauft ... oder? Was bleibt Tim anderes \u00fcbrig, als Sergio Mavalli zu trainieren - jetzt, wo er sowieso da ist. Denn mal ehrlich: Der FC Hegenwald kann die Profi-Unterst\u00fctzung wirklich gut gebrauchen ... K\u00f6nnen Tim und sein Team ihren neuen Freund \u00fcberreden, zu bleiben? Der Titel ist auf Antolin.de gelistet.\n\r\n\rIch kann es Fu\u00dfballfans nur empfehlen. Zeit leo Lustige Geschichte ums runde Leder mit Teamgeist-Botschaft. Westf\u00e4lische Nachrichten Ein St\u00fcck unterhaltsame Kinderliteratur f\u00fcr Leseanf\u00e4nger ab 7 Jahren, die Interesse an Fu\u00dfball-Lekt\u00fcren haben. Kirsten Kumschlies, KinderundJugendmedien.de\n\r\n\r<\/span><\/td><\/tr><tr><td colspan='2'><a href='#' onclick='history.back(); return false'>Zur\u00fcck<\/a><\/td><\/tr><\/tbody><\/table>\n","protected":false},"excerpt":{"rendered":"","protected":false},"author":1,"featured_media":0,"parent":0,"menu_order":0,"comment_status":"closed","ping_status":"closed","template":"","meta":[],"_links":{"self":[{"href":"https:\/\/www.web-rr.de\/GHS-Buecherei\/index.php\/wp-json\/wp\/v2\/pages\/4329"}],"collection":[{"href":"https:\/\/www.web-rr.de\/GHS-Buecherei\/index.php\/wp-json\/wp\/v2\/pages"}],"about":[{"href":"https:\/\/www.web-rr.de\/GHS-Buecherei\/index.php\/wp-json\/wp\/v2\/types\/page"}],"author":[{"embeddable":true,"href":"https:\/\/www.web-rr.de\/GHS-Buecherei\/index.php\/wp-json\/wp\/v2\/users\/1"}],"replies":[{"embeddable":true,"href":"https:\/\/www.web-rr.de\/GHS-Buecherei\/index.php\/wp-json\/wp\/v2\/comments?post=4329"}],"version-history":[{"count":0,"href":"https:\/\/www.web-rr.de\/GHS-Buecherei\/index.php\/wp-json\/wp\/v2\/pages\/4329\/revisions"}],"wp:attachment":[{"href":"https:\/\/www.web-rr.de\/GHS-Buecherei\/index.php\/wp-json\/wp\/v2\/media?parent=4329"}],"curies":[{"name":"wp","href":"https:\/\/api.w.org\/{rel}","templated":true}]}}