{"id":4324,"date":"2021-02-23T20:00:00","date_gmt":"2021-02-23T20:00:00","guid":{"rendered":"https:\/\/www.web-rr.de\/GHS-Buecherei\/?page_id=4324"},"modified":"2021-02-22T23:59:59","modified_gmt":"2021-02-22T23:59:59","slug":"p9783833930102","status":"publish","type":"page","link":"https:\/\/www.web-rr.de\/GHS-Buecherei\/index.php\/p9783833930102\/","title":{"rendered":"Fu\u00dfball 14"},"content":{"rendered":"<table><tbody><tr><td class='rDTitel' colspan='2'>Wilde Kerle Bd. 10: Marlon die Nummer 10<\/td><\/tr><tr><td><span class='rDLabel1'>Status: <\/span><span class='rDText1Gruen'>vorhanden<\/span><\/td><td><span class='rDLabel1'>Antolin: <\/span><span class='rDText1Gruen'>ja, Empfehlung Klasse 6<\/span><\/td><\/tr><tr><td width=50%><img src='https:\/\/www.web-rr.de\/GHS-Buecherei\/wp-content\/uploads\/9783833930102.jpg' alt=''><\/td><td><p class='rDLabel2'>von <span class='rDText2'>Joachim Masannek<\/span><\/p><p class='rDLabel2'>Verlag: <span class='rDText2'>Baumhaus Verlag GmbH,  2003,  8.90 \u20ac<\/span><\/p><p class='rDLabel2'>B\u00fccherei-Barcode: <span class='rDText2'>9783833930102<\/span><\/p><p class='rDLabel2'>In der B\u00fccherei erfasst am: <span class='rDText2'>01.04.2014<\/span><\/p><p class='rDLabel2'>Stichw\u00f6rter: <span class='rDText2'>Freundschaft<\/span><\/p><p class='rDLabel2'>Lesealter ca. <span class='rDText2'>10<\/span><span class='rDLabel2'> Jahre<\/span><\/p><p class='rDLabel2'>Das Buch wurde <span class='rDText2'>15<\/span><span class='rDLabel2'> mal gelesen.<\/span><\/p><\/td><\/tr><tr><td colspan='2'><p class='rDLabel1'>Inhalt:<\/p><span class='rDText2'>Die Meisterschaft hat begonnen und Willi \u00fcberrascht die Wilden Fu\u00dfballkerle mit der tollen Nachricht, dass sie sich f\u00fcr die Kinder-Weltmeisterschaft qualifizieren k\u00f6nnen. Da passiert ein schlimmer Unfall: Marlon, die Nummer 10, bricht sich das Bein, und sein bester Freund, Rocce, der Zauberer, ist daran schuld.Marlon ist nach seiner \"Auszeit\" komplett au\u00dfer Form und glaubt, er habe das Fu\u00dfballspielen total verlernt. Deshalb zieht er sich zur\u00fcck und will von Fu\u00dfball, den Wilden Kerlen und selbst von Rocce nichts mehr wissen. Doch gerade der braucht seine Hilfe: Rocces Vater Giacomo Ribaldo, der brasilianische Fu\u00dfballprofi, war verletzt und ist jetzt derart au\u00dfer Form, dass ihn der FC Bayern verkaufen will. Dann m\u00fcsste Rocce mitgehen - und ohne Marlon und ihn k\u00f6nnen die Fu\u00dfballkerle die Meisterschaft vergessen. Ihre einzige Chance ist, dass Rocces Vater gemeinsam mit Marlon trainiert und ihm zeigt, dass man nie aufgeben darf! Altersempfehlung: ab 8 Jahren<\/span><\/td><\/tr><tr><td colspan='2'><a href='#' onclick='history.back(); return false'>Zur\u00fcck<\/a><\/td><\/tr><\/tbody><\/table>\n","protected":false},"excerpt":{"rendered":"","protected":false},"author":1,"featured_media":0,"parent":0,"menu_order":0,"comment_status":"closed","ping_status":"closed","template":"","meta":[],"_links":{"self":[{"href":"https:\/\/www.web-rr.de\/GHS-Buecherei\/index.php\/wp-json\/wp\/v2\/pages\/4324"}],"collection":[{"href":"https:\/\/www.web-rr.de\/GHS-Buecherei\/index.php\/wp-json\/wp\/v2\/pages"}],"about":[{"href":"https:\/\/www.web-rr.de\/GHS-Buecherei\/index.php\/wp-json\/wp\/v2\/types\/page"}],"author":[{"embeddable":true,"href":"https:\/\/www.web-rr.de\/GHS-Buecherei\/index.php\/wp-json\/wp\/v2\/users\/1"}],"replies":[{"embeddable":true,"href":"https:\/\/www.web-rr.de\/GHS-Buecherei\/index.php\/wp-json\/wp\/v2\/comments?post=4324"}],"version-history":[{"count":0,"href":"https:\/\/www.web-rr.de\/GHS-Buecherei\/index.php\/wp-json\/wp\/v2\/pages\/4324\/revisions"}],"wp:attachment":[{"href":"https:\/\/www.web-rr.de\/GHS-Buecherei\/index.php\/wp-json\/wp\/v2\/media?parent=4324"}],"curies":[{"name":"wp","href":"https:\/\/api.w.org\/{rel}","templated":true}]}}