{"id":4317,"date":"2021-02-23T20:00:00","date_gmt":"2021-02-23T20:00:00","guid":{"rendered":"https:\/\/www.web-rr.de\/GHS-Buecherei\/?page_id=4317"},"modified":"2021-02-22T23:59:59","modified_gmt":"2021-02-22T23:59:59","slug":"p2000001020593","status":"publish","type":"page","link":"https:\/\/www.web-rr.de\/GHS-Buecherei\/index.php\/p2000001020593\/","title":{"rendered":"Fu\u00dfball 07"},"content":{"rendered":"<table><tbody><tr><td class='rDTitel' colspan='2'>Die wilden Fu\u00dfball Kerle Vanessa und Juli<\/td><\/tr><tr><td><span class='rDLabel1'>Status: <\/span><span class='rDText1Gruen'>vorhanden<\/span><\/td><td><span class='rDLabel1'>Antolin: <\/span><span class='rDText1Gruen'>ja, Empfehlung Klasse 6<\/span><\/td><\/tr><tr><td width=50%><img src='https:\/\/www.web-rr.de\/GHS-Buecherei\/wp-content\/uploads\/2000001020593.jpg' alt=''><\/td><td><p class='rDLabel2'>von <span class='rDText2'>Klaus Kordon<\/span><\/p><p class='rDLabel2'>Verlag: <span class='rDText2'>-,  2003<\/span><\/p><p class='rDLabel2'>B\u00fccherei-Barcode: <span class='rDText2'>2000001020593<\/span><\/p><p class='rDLabel2'>In der B\u00fccherei erfasst am: <span class='rDText2'>01.04.2013<\/span><\/p><p class='rDLabel2'>Stichw\u00f6rter: <span class='rDText2'>starke Frauen, Geschlechterrollen<\/span><\/p><p class='rDLabel2'>Lesealter ca. <span class='rDText2'>10<\/span><span class='rDLabel2'> Jahre<\/span><\/p><p class='rDLabel2'>Das Buch wurde <span class='rDText2'>16<\/span><span class='rDLabel2'> mal gelesen.<\/span><\/p><\/td><\/tr><tr><td colspan='2'><p class='rDLabel1'>Inhalt:<\/p><span class='rDText2'>Band 3: Vanessa ist Fu\u00dfballfreak: Sie will die erste Frau sein, die in der M\u00e4nner-Nationalmann\u00adschaft spielen wird. Ihre M\u00e4dchen-Fu\u00dfballmannschaft geht ihr auf den Keks, mit denen wird sie nie gewinnen. Als sie mit ihrem Vater nach M\u00fcnchen umziehen muss, meldet er sie in einer Jungs-Mannschaft zum Trainieren an - bei den Wilden Fu\u00dfballkerlen. Doch die sind gar nicht begeistert. Vanessa kriegt keinen Ball zugespielt und die P\u00e4sse kommen so scharf, dass sie passen muss. Frustriert gibt sie auf. Ihr Vater organisiert ein Geburtstags-Fu\u00dfballturnier, zu dem auch die Wilden Fu\u00dfball\u00adkerle eingeladen sind. Deren Geschenk, ein Paar roter Lackschuhe, wird Vanessa je\u00addoch anders benutzen als vorgesehen: Damit verwandelt sie den Turnier entscheiden\u00adden Elfmeter zum Sieg! Die ungeplante Aufnahmepr\u00fcfung ins Team der Wilden Fu\u00df\u00adballkerle hat sie hiermit gl\u00e4nzend bestanden -Band 4: Drei \u00dcberraschungen warten nach den Ferien auf die Wilden Fu\u00dfballkerle. Erstens: Ihr Bolzplatz ist kein Bolzplatz mehr, sondern ein richtiges Stadion. Zweitens: Trainer Willi hat sogar eine Flutlichtanlage daf\u00fcr gebaut! Und drittens spielen die Wil\u00adden Kerle jetzt in einer eigenen Liga, in der Gruppe Acht der E-Jugend-Mannschaften ... Nat\u00fcrlich sind alle absolut stolz darauf. Juli will seinem Vater die Neuigkeit am liebsten sofort erz\u00e4hlen, aber der lebt nicht mehr zu Hause bei seinem Sohn - und Juli wei\u00df nicht einmal, wo sein Vater jetzt wohnt. Auf der Suche nach ihm landet Juli in den Mietskasernen, in denen auch der Dicke Michi und seine Gang zu Hause sind. Sie fan\u00adgen Juli ab und versuchen, ihn zu erpressen. Klar, dass seine Freunde ihm beistehen und den Dicken Michi ein weiteres Mal zum Kampf herausfordern: In der wilden \"Schlacht um Camelot\" geht es um alles oder nichts!<\/span><\/td><\/tr><tr><td colspan='2'><a href='#' onclick='history.back(); return false'>Zur\u00fcck<\/a><\/td><\/tr><\/tbody><\/table>\n","protected":false},"excerpt":{"rendered":"","protected":false},"author":1,"featured_media":0,"parent":0,"menu_order":0,"comment_status":"closed","ping_status":"closed","template":"","meta":[],"_links":{"self":[{"href":"https:\/\/www.web-rr.de\/GHS-Buecherei\/index.php\/wp-json\/wp\/v2\/pages\/4317"}],"collection":[{"href":"https:\/\/www.web-rr.de\/GHS-Buecherei\/index.php\/wp-json\/wp\/v2\/pages"}],"about":[{"href":"https:\/\/www.web-rr.de\/GHS-Buecherei\/index.php\/wp-json\/wp\/v2\/types\/page"}],"author":[{"embeddable":true,"href":"https:\/\/www.web-rr.de\/GHS-Buecherei\/index.php\/wp-json\/wp\/v2\/users\/1"}],"replies":[{"embeddable":true,"href":"https:\/\/www.web-rr.de\/GHS-Buecherei\/index.php\/wp-json\/wp\/v2\/comments?post=4317"}],"version-history":[{"count":0,"href":"https:\/\/www.web-rr.de\/GHS-Buecherei\/index.php\/wp-json\/wp\/v2\/pages\/4317\/revisions"}],"wp:attachment":[{"href":"https:\/\/www.web-rr.de\/GHS-Buecherei\/index.php\/wp-json\/wp\/v2\/media?parent=4317"}],"curies":[{"name":"wp","href":"https:\/\/api.w.org\/{rel}","templated":true}]}}