{"id":4306,"date":"2021-02-23T20:00:00","date_gmt":"2021-02-23T20:00:00","guid":{"rendered":"https:\/\/www.web-rr.de\/GHS-Buecherei\/?page_id=4306"},"modified":"2021-02-22T23:59:59","modified_gmt":"2021-02-22T23:59:59","slug":"p9783791504582","status":"publish","type":"page","link":"https:\/\/www.web-rr.de\/GHS-Buecherei\/index.php\/p9783791504582\/","title":{"rendered":"Funke 17"},"content":{"rendered":"<table><tbody><tr><td class='rDTitel' colspan='2'>Das Piratenschwein<\/td><\/tr><tr><td><span class='rDLabel1'>Status: <\/span><span class='rDText1Gruen'>vorhanden<\/span><\/td><td><span class='rDLabel1'>Antolin: <\/span><span class='rDText1Gruen'>ja, Empfehlung Klasse 2<\/span><\/td><\/tr><tr><td width=50%><img src='https:\/\/www.web-rr.de\/GHS-Buecherei\/wp-content\/uploads\/9783791504582.jpg' alt=''><\/td><td><p class='rDLabel2'>von <span class='rDText2'>Cornelia Funke<\/span><\/p><p class='rDLabel2'>Verlag: <span class='rDText2'>Dressler Verlag,  1999,  10.00 \u20ac<\/span><\/p><p class='rDLabel2'>B\u00fccherei-Barcode: <span class='rDText2'>9783791504582<\/span><\/p><p class='rDLabel2'>In der B\u00fccherei erfasst am: <span class='rDText2'>26.10.2018<\/span><\/p><p class='rDLabel2'>Stichw\u00f6rter: <span class='rDText2'>Klasse 2, Seeb\u00e4ren, Piraten, Schatz<\/span><\/p><p class='rDLabel2'>Lesealter ca. <span class='rDText2'>6<\/span><span class='rDLabel2'> Jahre<\/span><\/p><p class='rDLabel2'>Das Buch wurde <span class='rDText2'>2<\/span><span class='rDLabel2'> mal gelesen.<\/span><\/p><\/td><\/tr><tr><td colspan='2'><p class='rDLabel1'>Inhalt:<\/p><span class='rDText2'>Von gutm\u00fctigen Seeb\u00e4ren, hinterlistigen Piraten und unglaublichen Sch\u00e4tzen handelt diese - f\u00fcr gro\u00dfe und kleine Kinder gleicherma\u00dfen geeignete - turbulente Geschichte der Bestsellerautorin Cornelia Funke. Durchgehend farbig illustriert von Kerstin Meyer. \"Buntbarsch und Buckellachs!\" Der Dicke Sven und sein Schiffsjunge Pit trauen ihren Augen nicht, als ihnen eines Abends am Strand ein Fass vor die F\u00fc\u00dfe gesp\u00fclt wird und ihnen daraus ein kleines Schwein freundlich entgegengrunzt. Kein gew\u00f6hnliches Schwein allerdings! Jules Lieblingsspeise sind Strandw\u00fcrmer mit Seegras und sie hat die wunderbare Eigenschaft, Sch\u00e4tze zu finden. Jule ist ein Piratenschwein! Das bleibt nat\u00fcrlich nicht lange geheim. Und als Jule entf\u00fchrt wird, m\u00fcssen Pit und Sven sich mit einer Bande wilder Piraten anlegen, um ihr Schwein zur\u00fcckzubekommen. Cornelia Funkes PIRATENSCHWEIN mit den witzigen Bildern von Kerstin Meyer ist ein Riesenspa\u00df f\u00fcr die ganze Familie.<\/span><\/td><\/tr><tr><td colspan='2'><a href='#' onclick='history.back(); return false'>Zur\u00fcck<\/a><\/td><\/tr><\/tbody><\/table>\n","protected":false},"excerpt":{"rendered":"","protected":false},"author":1,"featured_media":0,"parent":0,"menu_order":0,"comment_status":"closed","ping_status":"closed","template":"","meta":[],"_links":{"self":[{"href":"https:\/\/www.web-rr.de\/GHS-Buecherei\/index.php\/wp-json\/wp\/v2\/pages\/4306"}],"collection":[{"href":"https:\/\/www.web-rr.de\/GHS-Buecherei\/index.php\/wp-json\/wp\/v2\/pages"}],"about":[{"href":"https:\/\/www.web-rr.de\/GHS-Buecherei\/index.php\/wp-json\/wp\/v2\/types\/page"}],"author":[{"embeddable":true,"href":"https:\/\/www.web-rr.de\/GHS-Buecherei\/index.php\/wp-json\/wp\/v2\/users\/1"}],"replies":[{"embeddable":true,"href":"https:\/\/www.web-rr.de\/GHS-Buecherei\/index.php\/wp-json\/wp\/v2\/comments?post=4306"}],"version-history":[{"count":0,"href":"https:\/\/www.web-rr.de\/GHS-Buecherei\/index.php\/wp-json\/wp\/v2\/pages\/4306\/revisions"}],"wp:attachment":[{"href":"https:\/\/www.web-rr.de\/GHS-Buecherei\/index.php\/wp-json\/wp\/v2\/media?parent=4306"}],"curies":[{"name":"wp","href":"https:\/\/api.w.org\/{rel}","templated":true}]}}