{"id":4305,"date":"2021-02-23T20:00:00","date_gmt":"2021-02-23T20:00:00","guid":{"rendered":"https:\/\/www.web-rr.de\/GHS-Buecherei\/?page_id=4305"},"modified":"2021-02-22T23:59:59","modified_gmt":"2021-02-22T23:59:59","slug":"p9783791519142","status":"publish","type":"page","link":"https:\/\/www.web-rr.de\/GHS-Buecherei\/index.php\/p9783791519142\/","title":{"rendered":"Funke 16"},"content":{"rendered":"<table><tbody><tr><td class='rDTitel' colspan='2'>Cornelia Funkes Die Wilden H\u00fchner und das Leben: Mit Filmbildern<\/td><\/tr><tr><td><span class='rDLabel1'>Status: <\/span><span class='rDText1Gruen'>vorhanden<\/span><\/td><td><span class='rDLabel1'>Antolin: <\/span><span class='rDText1Gruen'>ja, Empfehlung Klasse 7<\/span><\/td><\/tr><tr><td width=50%><img src='https:\/\/www.web-rr.de\/GHS-Buecherei\/wp-content\/uploads\/9783791519142.jpg' alt=''><\/td><td><p class='rDLabel2'>von <span class='rDText2'>Thomas Schmid<\/span><\/p><p class='rDLabel2'>Verlag: <span class='rDText2'>Dressler Verlag,  2008<\/span><\/p><p class='rDLabel2'>B\u00fccherei-Barcode: <span class='rDText2'>9783791519142<\/span><\/p><p class='rDLabel2'>In der B\u00fccherei erfasst am: <span class='rDText2'>01.05.2016<\/span><\/p><p class='rDLabel2'>Stichw\u00f6rter: <span class='rDText2'>Klassenfahrt, Freundin, M\u00e4dchenbande<\/span><\/p><p class='rDLabel2'>Lesealter ca. <span class='rDText2'>11<\/span><span class='rDLabel2'> Jahre<\/span><\/p><p class='rDLabel2'>Das Buch wurde <span class='rDText2'>2<\/span><span class='rDLabel2'> mal gelesen.<\/span><\/p><\/td><\/tr><tr><td colspan='2'><p class='rDLabel1'>Inhalt:<\/p><span class='rDText2'>Wirklich wahr: das neue H\u00fchner-Buch ist da! Sprotte versteht die Welt nicht mehr. Wieso hat Fred es pl\u00f6tzlich so eilig mit dem ersten Mal? Sie ist einfach noch nicht so weit! Aber muss er auf der Klassenfahrt deshalb gleich mit einer anderen flirten? Sprotte und ihre Freundinnen kommen einfach nicht dazu, ihr Bandenleben zu genie\u00dfen: Melanie bef\u00fcrchtet, schwanger zu sein, Frieda entdeckt, dass ihr Vater eine Freundin hat, Wilma m\u00f6chte die Schule aufgeben, um Schauspielerin zu werden. Und dann m\u00fcssen die f\u00fcnf sich auch noch mit der M\u00e4dchenbande \u201eDie wilden K\u00fcken\u201c herum\u00e4rgern! Waren die wilden H\u00fchner wirklich auch mal so frech? Das Buch zum Film \u2013 geschrieben von Thomas Schmid. Mit zahlreichen farbigen Filmfotos.<\/span><\/td><\/tr><tr><td colspan='2'><a href='#' onclick='history.back(); return false'>Zur\u00fcck<\/a><\/td><\/tr><\/tbody><\/table>\n","protected":false},"excerpt":{"rendered":"","protected":false},"author":1,"featured_media":0,"parent":0,"menu_order":0,"comment_status":"closed","ping_status":"closed","template":"","meta":[],"_links":{"self":[{"href":"https:\/\/www.web-rr.de\/GHS-Buecherei\/index.php\/wp-json\/wp\/v2\/pages\/4305"}],"collection":[{"href":"https:\/\/www.web-rr.de\/GHS-Buecherei\/index.php\/wp-json\/wp\/v2\/pages"}],"about":[{"href":"https:\/\/www.web-rr.de\/GHS-Buecherei\/index.php\/wp-json\/wp\/v2\/types\/page"}],"author":[{"embeddable":true,"href":"https:\/\/www.web-rr.de\/GHS-Buecherei\/index.php\/wp-json\/wp\/v2\/users\/1"}],"replies":[{"embeddable":true,"href":"https:\/\/www.web-rr.de\/GHS-Buecherei\/index.php\/wp-json\/wp\/v2\/comments?post=4305"}],"version-history":[{"count":0,"href":"https:\/\/www.web-rr.de\/GHS-Buecherei\/index.php\/wp-json\/wp\/v2\/pages\/4305\/revisions"}],"wp:attachment":[{"href":"https:\/\/www.web-rr.de\/GHS-Buecherei\/index.php\/wp-json\/wp\/v2\/media?parent=4305"}],"curies":[{"name":"wp","href":"https:\/\/api.w.org\/{rel}","templated":true}]}}