{"id":4298,"date":"2021-02-23T20:00:00","date_gmt":"2021-02-23T20:00:00","guid":{"rendered":"https:\/\/www.web-rr.de\/GHS-Buecherei\/?page_id=4298"},"modified":"2021-02-22T23:59:59","modified_gmt":"2021-02-22T23:59:59","slug":"p9783791504612","status":"publish","type":"page","link":"https:\/\/www.web-rr.de\/GHS-Buecherei\/index.php\/p9783791504612\/","title":{"rendered":"Funke 09"},"content":{"rendered":"<table><tbody><tr><td class='rDTitel' colspan='2'>Als der Weihnachtsmann vom Himmel fiel<\/td><\/tr><tr><td><span class='rDLabel1'>Status: <\/span><span class='rDText1Gruen'>vorhanden<\/span><\/td><td><span class='rDLabel1'>Antolin: <\/span><span class='rDText1Gruen'>ja, Empfehlung Klasse 3<\/span><\/td><\/tr><tr><td width=50%><img src='https:\/\/www.web-rr.de\/GHS-Buecherei\/wp-content\/uploads\/9783791504612.jpg' alt=''><\/td><td><p class='rDLabel2'>von <span class='rDText2'>Cornelia Funke<\/span><\/p><p class='rDLabel2'>Verlag: <span class='rDText2'>Dressler Verlag,  2001,  12.90 \u20ac<\/span><\/p><p class='rDLabel2'>B\u00fccherei-Barcode: <span class='rDText2'>9783791504612<\/span><\/p><p class='rDLabel2'>In der B\u00fccherei erfasst am: <span class='rDText2'>01.04.2013<\/span><\/p><p class='rDLabel2'>Stichw\u00f6rter: <span class='rDText2'>Weihnachten, Weihnachtsmann<\/span><\/p><p class='rDLabel2'>Lesealter ca. <span class='rDText2'>7<\/span><span class='rDLabel2'> Jahre<\/span><\/p><p class='rDLabel2'>Das Buch wurde <span class='rDText2'>4<\/span><span class='rDLabel2'> mal gelesen.<\/span><\/p><\/td><\/tr><tr><td colspan='2'><p class='rDLabel1'>Inhalt:<\/p><span class='rDText2'>Vom echten und vom falschen Weihnachtsmann. Wenn man nicht gerade in Finnland wohnt, hat man schlechte Karten: Bei uns ist Weihnachten oft grau und nass. Das sch\u00f6nste Weihnachtsgeschenk ist deshalb nat\u00fcrlich kein Computer oder ein meterhohes Puppenhaus - sondern Schnee! Kein Wunder also, dass Weihnachten oft langweilig ist. Kein Wunder, dass Ben dem gemieteten Weihnachtsmann im vergangenen Jahr den falschen Bart abgezogen hat. Kein Wunder. oder doch eben ein Wunder! Denn vielleicht war es gar nicht der Weihnachtsmann, der die W\u00fcnsche der Kinder entgegengenommen hat. Vielleicht war es Waldemar Wichteltod, der sich als Weihnachtsmann ausgegeben hat. Vielleicht hei\u00dft der echte Weihnachtsmann Niklas Julebukk, wohnt in einem Wohnwagen und hat ganz viele kleine Kobolde, die ihm helfen, die W\u00fcnsche der Kinder zu erf\u00fcllen. Die echten W\u00fcnsche. Cornelia Funkes spannende Weihnachtsabenteuergeschichte gibt es jetzt als Geschenkausgabe mit gro\u00dfformatigen farbigen Bildern von Regina Kehn. Und in diesen Bildern gibt es nat\u00fcrlich auch Schnee.<\/span><\/td><\/tr><tr><td colspan='2'><a href='#' onclick='history.back(); return false'>Zur\u00fcck<\/a><\/td><\/tr><\/tbody><\/table>\n","protected":false},"excerpt":{"rendered":"","protected":false},"author":1,"featured_media":0,"parent":0,"menu_order":0,"comment_status":"closed","ping_status":"closed","template":"","meta":[],"_links":{"self":[{"href":"https:\/\/www.web-rr.de\/GHS-Buecherei\/index.php\/wp-json\/wp\/v2\/pages\/4298"}],"collection":[{"href":"https:\/\/www.web-rr.de\/GHS-Buecherei\/index.php\/wp-json\/wp\/v2\/pages"}],"about":[{"href":"https:\/\/www.web-rr.de\/GHS-Buecherei\/index.php\/wp-json\/wp\/v2\/types\/page"}],"author":[{"embeddable":true,"href":"https:\/\/www.web-rr.de\/GHS-Buecherei\/index.php\/wp-json\/wp\/v2\/users\/1"}],"replies":[{"embeddable":true,"href":"https:\/\/www.web-rr.de\/GHS-Buecherei\/index.php\/wp-json\/wp\/v2\/comments?post=4298"}],"version-history":[{"count":0,"href":"https:\/\/www.web-rr.de\/GHS-Buecherei\/index.php\/wp-json\/wp\/v2\/pages\/4298\/revisions"}],"wp:attachment":[{"href":"https:\/\/www.web-rr.de\/GHS-Buecherei\/index.php\/wp-json\/wp\/v2\/media?parent=4298"}],"curies":[{"name":"wp","href":"https:\/\/api.w.org\/{rel}","templated":true}]}}