{"id":4295,"date":"2021-02-23T20:00:00","date_gmt":"2021-02-23T20:00:00","guid":{"rendered":"https:\/\/www.web-rr.de\/GHS-Buecherei\/?page_id=4295"},"modified":"2021-02-22T23:59:59","modified_gmt":"2021-02-22T23:59:59","slug":"p9783791504711","status":"publish","type":"page","link":"https:\/\/www.web-rr.de\/GHS-Buecherei\/index.php\/p9783791504711\/","title":{"rendered":"Funke 06"},"content":{"rendered":"<table><tbody><tr><td class='rDTitel' colspan='2'>Igraine Ohnefurcht. Von Funke, Cornelia<\/td><\/tr><tr><td><span class='rDLabel1'>Status: <\/span><span class='rDText1Gruen'>vorhanden<\/span><\/td><td><span class='rDLabel1'>Antolin: <\/span><span class='rDText1Gruen'>ja, Empfehlung Klasse 4<\/span><\/td><\/tr><tr><td width=50%><img src='https:\/\/www.web-rr.de\/GHS-Buecherei\/wp-content\/uploads\/9783791504711.jpg' alt=''><\/td><td><p class='rDLabel2'>von <span class='rDText2'>Cornelia Funke<\/span><\/p><p class='rDLabel2'>Verlag: <span class='rDText2'>Dressler Verlag,  2007,  12.00 \u20ac<\/span><\/p><p class='rDLabel2'>B\u00fccherei-Barcode: <span class='rDText2'>9783791504711<\/span><\/p><p class='rDLabel2'>In der B\u00fccherei erfasst am: <span class='rDText2'>01.04.2013<\/span><\/p><p class='rDLabel2'>Stichw\u00f6rter: <span class='rDText2'>Ritter, Mittelalter, starke Frauen<\/span><\/p><p class='rDLabel2'>Lesealter ca. <span class='rDText2'>8<\/span><span class='rDLabel2'> Jahre<\/span><\/p><p class='rDLabel2'>Das Buch wurde <span class='rDText2'>3<\/span><span class='rDLabel2'> mal gelesen.<\/span><\/p><\/td><\/tr><tr><td colspan='2'><p class='rDLabel1'>Inhalt:<\/p><span class='rDText2'>Nach dem gro\u00dfen Erfolg ihres M\u00e4rchenromans DRACHENREITER nun eine witzige Ritter- und Zaubergeschichte im unverwechselbaren, packenden Funke-Stil und mit stimmungsvollen Illustrationen der Autorin. Auf Burg Bibernell ist wirklich was los! Jeder Stein hat sein Geheimnis, und selbst der Burggraben birgt mehr als nur Wasser mit Entengr\u00fctze. Hier wohnt Igraine mit ihrem gro\u00dfen Bruder und ihren Eltern. Zu Igraines Leidwesen besch\u00e4ftigt sich ihre Familie lieber mit der Zauberei als mit den ritterlichen Pflichten. Igraine m\u00f6chte n\u00e4mlich nichts lieber als eine ber\u00fchmte Ritterin werden! Doch dazu muss sie erst einmal ein richtiges Abenteuer bestehen. Das l\u00e4sst auch nicht lange auf sich warten: Kurz nach Igraines Geburtstag wird die Burg von Feinden belagert! Ihre Eltern sind leider keine Hilfe, denn durch einen kleinen \"Zauber-Unfall\" haben sie sich ausgerechnet in Schweine verwandelt. Aber Igraine hat die rettende Idee ...<\/span><\/td><\/tr><tr><td colspan='2'><a href='#' onclick='history.back(); return false'>Zur\u00fcck<\/a><\/td><\/tr><\/tbody><\/table>\n","protected":false},"excerpt":{"rendered":"","protected":false},"author":1,"featured_media":0,"parent":0,"menu_order":0,"comment_status":"closed","ping_status":"closed","template":"","meta":[],"_links":{"self":[{"href":"https:\/\/www.web-rr.de\/GHS-Buecherei\/index.php\/wp-json\/wp\/v2\/pages\/4295"}],"collection":[{"href":"https:\/\/www.web-rr.de\/GHS-Buecherei\/index.php\/wp-json\/wp\/v2\/pages"}],"about":[{"href":"https:\/\/www.web-rr.de\/GHS-Buecherei\/index.php\/wp-json\/wp\/v2\/types\/page"}],"author":[{"embeddable":true,"href":"https:\/\/www.web-rr.de\/GHS-Buecherei\/index.php\/wp-json\/wp\/v2\/users\/1"}],"replies":[{"embeddable":true,"href":"https:\/\/www.web-rr.de\/GHS-Buecherei\/index.php\/wp-json\/wp\/v2\/comments?post=4295"}],"version-history":[{"count":0,"href":"https:\/\/www.web-rr.de\/GHS-Buecherei\/index.php\/wp-json\/wp\/v2\/pages\/4295\/revisions"}],"wp:attachment":[{"href":"https:\/\/www.web-rr.de\/GHS-Buecherei\/index.php\/wp-json\/wp\/v2\/media?parent=4295"}],"curies":[{"name":"wp","href":"https:\/\/api.w.org\/{rel}","templated":true}]}}