{"id":4291,"date":"2021-02-23T20:00:00","date_gmt":"2021-02-23T20:00:00","guid":{"rendered":"https:\/\/www.web-rr.de\/GHS-Buecherei\/?page_id=4291"},"modified":"2021-02-22T23:59:59","modified_gmt":"2021-02-22T23:59:59","slug":"p9783791504568","status":"publish","type":"page","link":"https:\/\/www.web-rr.de\/GHS-Buecherei\/index.php\/p9783791504568\/","title":{"rendered":"Funke 02"},"content":{"rendered":"<table><tbody><tr><td class='rDTitel' colspan='2'>Die Wilden H\u00fchner. Fuchsalarm: BD 3<\/td><\/tr><tr><td><span class='rDLabel1'>Status: <\/span><span class='rDText1Gruen'>vorhanden<\/span><\/td><td><span class='rDLabel1'>Antolin: <\/span><span class='rDText1Gruen'>ja, Empfehlung Klasse 5<\/span><\/td><\/tr><tr><td width=50%><img src='https:\/\/www.web-rr.de\/GHS-Buecherei\/wp-content\/uploads\/9783791504568.jpg' alt=''><\/td><td><p class='rDLabel2'>von <span class='rDText2'>Cornelia Funke<\/span><\/p><p class='rDLabel2'>Verlag: <span class='rDText2'>Dressler Verlag,  1998,  12.00 \u20ac<\/span><\/p><p class='rDLabel2'>B\u00fccherei-Barcode: <span class='rDText2'>9783791504568<\/span><\/p><p class='rDLabel2'>In der B\u00fccherei erfasst am: <span class='rDText2'>01.04.2013<\/span><\/p><p class='rDLabel2'>Stichw\u00f6rter: <span class='rDText2'>Freundschaft, Bande, M\u00e4dchen<\/span><\/p><p class='rDLabel2'>Lesealter ca. <span class='rDText2'>9<\/span><span class='rDLabel2'> Jahre<\/span><\/p><p class='rDLabel2'>Das Buch wurde <span class='rDText2'>11<\/span><span class='rDLabel2'> mal gelesen.<\/span><\/p><\/td><\/tr><tr><td colspan='2'><p class='rDLabel1'>Inhalt:<\/p><span class='rDText2'>Aller guten Dinge sind drei. Endlich wieder ein neuer Band der beliebten Bestseller-Reihe von Cornelia Funke; sehns\u00fcchtig erwartet von allen WILDE-H\u00dcHNER-Fans und genauso spannend und lustig wie die anderen zwei B\u00e4nde. DIE WILDEN H\u00dcHNER sind in heller Aufregung: Sprotte hat \"Fuchsalarm\" gegeben! In der Geheimsprache der M\u00e4dchenbande hei\u00dft das gr\u00f6\u00dfte Gefahr, Lebensgefahr. Und es geht auch wirklich um Leben und Tod: Sprottes Oma will n\u00e4mlich ihre Hennen schlachten! Das k\u00f6nnen die M\u00e4dchen nat\u00fcrlich nicht zulassen und beschlie\u00dfen, ihre hei\u00df geliebten Maskottchen zu entf\u00fchren. Doch wie sollen sie zu f\u00fcnft f\u00fcnfzehn laut gackernde H\u00fchner abtransportieren, ohne dass Oma Sl\u00e4ttberg es merkt? Und vor allem - wohin mit den Tieren? Schlie\u00dflich haben DIE WILDEN H\u00dcHNER immer noch kein eigenes Bandenquartier. Ob sie vielleicht ausnahmsweise ihre alten Feinde, die Jungs von den PYGM\u00c4EN, fragen sollen?<\/span><\/td><\/tr><tr><td colspan='2'><a href='#' onclick='history.back(); return false'>Zur\u00fcck<\/a><\/td><\/tr><\/tbody><\/table>\n","protected":false},"excerpt":{"rendered":"","protected":false},"author":1,"featured_media":0,"parent":0,"menu_order":0,"comment_status":"closed","ping_status":"closed","template":"","meta":[],"_links":{"self":[{"href":"https:\/\/www.web-rr.de\/GHS-Buecherei\/index.php\/wp-json\/wp\/v2\/pages\/4291"}],"collection":[{"href":"https:\/\/www.web-rr.de\/GHS-Buecherei\/index.php\/wp-json\/wp\/v2\/pages"}],"about":[{"href":"https:\/\/www.web-rr.de\/GHS-Buecherei\/index.php\/wp-json\/wp\/v2\/types\/page"}],"author":[{"embeddable":true,"href":"https:\/\/www.web-rr.de\/GHS-Buecherei\/index.php\/wp-json\/wp\/v2\/users\/1"}],"replies":[{"embeddable":true,"href":"https:\/\/www.web-rr.de\/GHS-Buecherei\/index.php\/wp-json\/wp\/v2\/comments?post=4291"}],"version-history":[{"count":0,"href":"https:\/\/www.web-rr.de\/GHS-Buecherei\/index.php\/wp-json\/wp\/v2\/pages\/4291\/revisions"}],"wp:attachment":[{"href":"https:\/\/www.web-rr.de\/GHS-Buecherei\/index.php\/wp-json\/wp\/v2\/media?parent=4291"}],"curies":[{"name":"wp","href":"https:\/\/api.w.org\/{rel}","templated":true}]}}