{"id":4289,"date":"2021-02-23T20:00:00","date_gmt":"2021-02-23T20:00:00","guid":{"rendered":"https:\/\/www.web-rr.de\/GHS-Buecherei\/?page_id=4289"},"modified":"2021-02-22T23:59:59","modified_gmt":"2021-02-22T23:59:59","slug":"p9783791373003","status":"publish","type":"page","link":"https:\/\/www.web-rr.de\/GHS-Buecherei\/index.php\/p9783791373003\/","title":{"rendered":"Fr\u00fcher + Heute 51"},"content":{"rendered":"<table><tbody><tr><td class='rDTitel' colspan='2'>Das gro\u00dfe Buch der Architektur - So haben die Menschen fr\u00fcher gebaut!<\/td><\/tr><tr><td><span class='rDLabel1'>Status: <\/span><span class='rDText1Gruen'>vorhanden<\/span><\/td><td><span class='rDLabel1'>Antolin: <\/span><span class='rDText1Gruen'>ja, Empfehlung Klasse 5<\/span><\/td><\/tr><tr><td width=50%><img src='https:\/\/www.web-rr.de\/GHS-Buecherei\/wp-content\/uploads\/9783791373003.jpg' alt=''><\/td><td><p class='rDLabel2'>von <span class='rDText2'>Susanne Rebscher, Annabelle von Sperber<\/span><\/p><p class='rDLabel2'>Verlag: <span class='rDText2'>Prestel Junior,  2018,  22.00 \u20ac<\/span><\/p><p class='rDLabel2'>B\u00fccherei-Barcode: <span class='rDText2'>9783791373003<\/span><\/p><p class='rDLabel2'>In der B\u00fccherei erfasst am: <span class='rDText2'>25.08.2020<\/span><\/p><p class='rDLabel2'>Stichw\u00f6rter: <span class='rDText2'>Pyramiden, Schl\u00f6sser, Wolkenkratzer, Bauwerke, Eiffelturms, Wolkenkratzer<\/span><\/p><p class='rDLabel2'>Lesealter ca. <span class='rDText2'>9<\/span><span class='rDLabel2'> Jahre<\/span><\/p><p class='rDLabel2'>Das Buch wurde <span class='rDText2'>0<\/span><span class='rDLabel2'> mal gelesen.<\/span><\/p><\/td><\/tr><tr><td colspan='2'><p class='rDLabel1'>Inhalt:<\/p><span class='rDText2'>\u00bbPyramiden, Schl\u00f6sser, Wolkenkratzer - bahnbrechende Bauwerke aus aller Welt \u00ab\r\nKomm mit auf eine Zeitreise zu den gro\u00dfartigsten Bauwerke der Welt! Mit fantastischen Wimmelbildern von Annabelle von Sperber und informativen Texten von Susanne Rebscher entdecken Kinder die Architektur. Pack deine Koffer und los geht es: Du siehst, wie in alten Zeiten in \u00c4gypten die Pyramiden gebaut wurden, bist dabei wenn der Tower im mittelalterlichen London entsteht, erlebst die Er\u00f6ffnung des Eiffelturms und die gro\u00dfe Zeit der Wolkenkratzer in New York ... Hast du schon einen Tempel in Japan besucht? Wie sehen die Geb\u00e4ude aus, wie wurden sie gebaut und warum sind sie bis heute so einzigartig? Eine Wimmelbilderbuch-Suchreise mit vielen Sachinformationen.<\/span><\/td><\/tr><tr><td colspan='2'><a href='#' onclick='history.back(); return false'>Zur\u00fcck<\/a><\/td><\/tr><\/tbody><\/table>\n","protected":false},"excerpt":{"rendered":"","protected":false},"author":1,"featured_media":0,"parent":0,"menu_order":0,"comment_status":"closed","ping_status":"closed","template":"","meta":[],"_links":{"self":[{"href":"https:\/\/www.web-rr.de\/GHS-Buecherei\/index.php\/wp-json\/wp\/v2\/pages\/4289"}],"collection":[{"href":"https:\/\/www.web-rr.de\/GHS-Buecherei\/index.php\/wp-json\/wp\/v2\/pages"}],"about":[{"href":"https:\/\/www.web-rr.de\/GHS-Buecherei\/index.php\/wp-json\/wp\/v2\/types\/page"}],"author":[{"embeddable":true,"href":"https:\/\/www.web-rr.de\/GHS-Buecherei\/index.php\/wp-json\/wp\/v2\/users\/1"}],"replies":[{"embeddable":true,"href":"https:\/\/www.web-rr.de\/GHS-Buecherei\/index.php\/wp-json\/wp\/v2\/comments?post=4289"}],"version-history":[{"count":0,"href":"https:\/\/www.web-rr.de\/GHS-Buecherei\/index.php\/wp-json\/wp\/v2\/pages\/4289\/revisions"}],"wp:attachment":[{"href":"https:\/\/www.web-rr.de\/GHS-Buecherei\/index.php\/wp-json\/wp\/v2\/media?parent=4289"}],"curies":[{"name":"wp","href":"https:\/\/api.w.org\/{rel}","templated":true}]}}