{"id":4288,"date":"2021-02-23T20:00:00","date_gmt":"2021-02-23T20:00:00","guid":{"rendered":"https:\/\/www.web-rr.de\/GHS-Buecherei\/?page_id=4288"},"modified":"2021-02-22T23:59:59","modified_gmt":"2021-02-22T23:59:59","slug":"p2000001021705","status":"publish","type":"page","link":"https:\/\/www.web-rr.de\/GHS-Buecherei\/index.php\/p2000001021705\/","title":{"rendered":"Fr\u00fcher + Heute 50"},"content":{"rendered":"<table><tbody><tr><td class='rDTitel' colspan='2'>100 Frauen, die die Welt ver\u00e4ndert haben<\/td><\/tr><tr><td><span class='rDLabel1'>Status: <\/span><span class='rDText1Gruen'>vorhanden<\/span><\/td><td><span class='rDLabel1'>Antolin: <\/span><span class='rDText1Rot'>Quiz nicht vorhanden.<\/span><\/td><\/tr><tr><td width=50%><img src='https:\/\/www.web-rr.de\/GHS-Buecherei\/wp-content\/uploads\/2000001021705.jpg' alt=''><\/td><td><p class='rDLabel2'>von <span class='rDText2'>Stella Cadwell, Clare Hibbert,  Andrea Mills, Rona Skene<\/span><\/p><p class='rDLabel2'>Verlag: <span class='rDText2'>Dorling Kindersley Deutschland GmbH,  2018,  14.95 \u20ac<\/span><\/p><p class='rDLabel2'>B\u00fccherei-Barcode: <span class='rDText2'>2000001021705<\/span><\/p><p class='rDLabel2'>In der B\u00fccherei erfasst am: <span class='rDText2'>25.08.2020<\/span><\/p><p class='rDLabel2'>Stichw\u00f6rter: <span class='rDText2'>Curie, Rowling, Merkel, Pers\u00f6nlichkeiten<\/span><\/p><p class='rDLabel2'>Lesealter ca. <span class='rDText2'>-<\/span><span class='rDLabel2'> Jahre<\/span><\/p><p class='rDLabel2'>Das Buch wurde <span class='rDText2'>0<\/span><span class='rDLabel2'> mal gelesen.<\/span><\/p><\/td><\/tr><tr><td colspan='2'><p class='rDLabel1'>Inhalt:<\/p><span class='rDText2'>Bereit f\u00fcr die geballte Frauenpower? In diesem au\u00dfergew\u00f6hnlichen Geschichtsbuch f\u00fcr Kinder stehen die 100 wichtigsten Frauen der Weltgeschichte im Rampenlicht. Portraits von bekannten, weiblichen Pers\u00f6nlichkeiten bieten einen unkonventionellen und unterhaltsamen Zugang zum Zeitgeschehen \u2013 originell illustriert und am\u00fcsant betextet.Weltgeschichte verstehen? Mit diesem innovativen Geschichtsbuch f\u00fcr Kinder kein Problem! Bei jedem Umbl\u00e4ttern gibt\u2019s Spannendes zu entdecken. Sprechblasen und Wissensk\u00e4sten enth\u00fcllen Erstaunliches und Kurioses. Die Rubrik Was davor\/danach geschah f\u00f6rdert obendrein das Verst\u00e4ndnis f\u00fcr Zusammenh\u00e4nge.Ob Physikerin Marie Curie, die preisgekr\u00f6nte Harry-Potter-Autorin J.?K. Rowling oder die erste deutsche Bundeskanzlerin Angela Merkel \u2013 alle Frauen in diesem Weltgeschichte-Buch haben Geschichte geschrieben. Sie entdeckten Bahnbrechendes, revolutionierten Denkweisen, ver\u00e4nderten mit Erfindungen und ihren Taten die Welt. Allerh\u00f6chste Zeit, sie jetzt einmal besser kennen zulernen!<\/span><\/td><\/tr><tr><td colspan='2'><a href='#' onclick='history.back(); return false'>Zur\u00fcck<\/a><\/td><\/tr><\/tbody><\/table>\n","protected":false},"excerpt":{"rendered":"","protected":false},"author":1,"featured_media":0,"parent":0,"menu_order":0,"comment_status":"closed","ping_status":"closed","template":"","meta":[],"_links":{"self":[{"href":"https:\/\/www.web-rr.de\/GHS-Buecherei\/index.php\/wp-json\/wp\/v2\/pages\/4288"}],"collection":[{"href":"https:\/\/www.web-rr.de\/GHS-Buecherei\/index.php\/wp-json\/wp\/v2\/pages"}],"about":[{"href":"https:\/\/www.web-rr.de\/GHS-Buecherei\/index.php\/wp-json\/wp\/v2\/types\/page"}],"author":[{"embeddable":true,"href":"https:\/\/www.web-rr.de\/GHS-Buecherei\/index.php\/wp-json\/wp\/v2\/users\/1"}],"replies":[{"embeddable":true,"href":"https:\/\/www.web-rr.de\/GHS-Buecherei\/index.php\/wp-json\/wp\/v2\/comments?post=4288"}],"version-history":[{"count":0,"href":"https:\/\/www.web-rr.de\/GHS-Buecherei\/index.php\/wp-json\/wp\/v2\/pages\/4288\/revisions"}],"wp:attachment":[{"href":"https:\/\/www.web-rr.de\/GHS-Buecherei\/index.php\/wp-json\/wp\/v2\/media?parent=4288"}],"curies":[{"name":"wp","href":"https:\/\/api.w.org\/{rel}","templated":true}]}}