{"id":4282,"date":"2021-02-23T20:00:00","date_gmt":"2021-02-23T20:00:00","guid":{"rendered":"https:\/\/www.web-rr.de\/GHS-Buecherei\/?page_id=4282"},"modified":"2021-02-22T23:59:59","modified_gmt":"2021-02-22T23:59:59","slug":"p9783619242283","status":"publish","type":"page","link":"https:\/\/www.web-rr.de\/GHS-Buecherei\/index.php\/p9783619242283\/","title":{"rendered":"Fr\u00fcher + Heute 44"},"content":{"rendered":"<table><tbody><tr><td class='rDTitel' colspan='2'>SuperStars - Sachtexte - Erik, der Rote<\/td><\/tr><tr><td><span class='rDLabel1'>Status: <\/span><span class='rDText1Gruen'>vorhanden<\/span><\/td><td><span class='rDLabel1'>Antolin: <\/span><span class='rDText1Gruen'>ja, Empfehlung Klasse 4<\/span><\/td><\/tr><tr><td width=50%><img src='https:\/\/www.web-rr.de\/GHS-Buecherei\/wp-content\/uploads\/9783619242283.jpg' alt=''><\/td><td><p class='rDLabel2'>von <span class='rDText2'>Paul Collins<\/span><\/p><p class='rDLabel2'>Verlag: <span class='rDText2'>Mildenberger Verlag GmbH,  2012,  6.50 \u20ac<\/span><\/p><p class='rDLabel2'>B\u00fccherei-Barcode: <span class='rDText2'>9783619242283<\/span><\/p><p class='rDLabel2'>In der B\u00fccherei erfasst am: <span class='rDText2'>26.01.2020<\/span><\/p><p class='rDLabel2'>Stichw\u00f6rter: <span class='rDText2'>Wikinger, Entdecker, Thor, K\u00f6nige<\/span><\/p><p class='rDLabel2'>Lesealter ca. <span class='rDText2'>8<\/span><span class='rDLabel2'> Jahre<\/span><\/p><p class='rDLabel2'>Das Buch wurde <span class='rDText2'>1<\/span><span class='rDLabel2'> mal gelesen.<\/span><\/p><\/td><\/tr><tr><td colspan='2'><p class='rDLabel1'>Inhalt:<\/p><span class='rDText2'>Die Reihe SuperStars bietet Sachtexte f\u00fcr Jedermann ausgestattet mit dem farbigen Silbentrenner. Egal, ob \u00f6kologische Themen oder technische Hintergr\u00fcnde die Texte sind immer spannend, kindgerecht und mit tollen Bildern erg\u00e4nzt. Die ansprechend aufbereiteten Sachthemen k\u00f6nnen f\u00fcr viele Kinder eine neue Motivation zum Lesen sein. Die Hefte unterscheiden sich in der Textmenge (erkennbar an verschiedenfarbigen Randstreifen der Titelseiten) und eignen sich somit zur Differenzierung. Das vorliegende Heft Eric der Rote hat eine Textmenge von 2500 W\u00f6rtern (violetter Randstreifen). Durch den farbigen Silbentrenner sind die B\u00fccher von Klasse 2 beginnend f\u00fcr leistungsstarke, bis zu Klasse 6 f\u00fcr leistungsschw\u00e4chere Kinder einsetzbar.\n\r\n\rDie Reihe SuperStars bietet Sachtexte f\u00fcr Jedermann - ausgestattet mit dem farbigen Silbentrenner. Egal, ob \u00f6kologische Themen oder technische Hintergr\u00fcnde - die Texte sind immer spannend, kindgerecht und mit tollen Bildern erg\u00e4nzt. Die ansprechend aufbereiteten Sachthemen k\u00f6nnen f\u00fcr viele Kinder eine neue Motivation zum Lesen sein. Die Hefte unterscheiden sich in der Textmenge (erkennbar an verschiedenfarbigen Randstreifen der Titelseiten) und eignen sich somit zur Differenzierung. Das vorliegende Heft \"Eric der Rote\" hat eine Textmenge von 2500 W\u00f6rtern (violetter Randstreifen). Durch den farbigen Silbentrenner sind die B\u00fccher von Klasse 2 beginnend f\u00fcr leistungsstarke, bis zu Klasse 6 f\u00fcr leistungsschw\u00e4chere Kinder einsetzbar.\n\r\n\r<\/span><\/td><\/tr><tr><td colspan='2'><a href='#' onclick='history.back(); return false'>Zur\u00fcck<\/a><\/td><\/tr><\/tbody><\/table>\n","protected":false},"excerpt":{"rendered":"","protected":false},"author":1,"featured_media":0,"parent":0,"menu_order":0,"comment_status":"closed","ping_status":"closed","template":"","meta":[],"_links":{"self":[{"href":"https:\/\/www.web-rr.de\/GHS-Buecherei\/index.php\/wp-json\/wp\/v2\/pages\/4282"}],"collection":[{"href":"https:\/\/www.web-rr.de\/GHS-Buecherei\/index.php\/wp-json\/wp\/v2\/pages"}],"about":[{"href":"https:\/\/www.web-rr.de\/GHS-Buecherei\/index.php\/wp-json\/wp\/v2\/types\/page"}],"author":[{"embeddable":true,"href":"https:\/\/www.web-rr.de\/GHS-Buecherei\/index.php\/wp-json\/wp\/v2\/users\/1"}],"replies":[{"embeddable":true,"href":"https:\/\/www.web-rr.de\/GHS-Buecherei\/index.php\/wp-json\/wp\/v2\/comments?post=4282"}],"version-history":[{"count":0,"href":"https:\/\/www.web-rr.de\/GHS-Buecherei\/index.php\/wp-json\/wp\/v2\/pages\/4282\/revisions"}],"wp:attachment":[{"href":"https:\/\/www.web-rr.de\/GHS-Buecherei\/index.php\/wp-json\/wp\/v2\/media?parent=4282"}],"curies":[{"name":"wp","href":"https:\/\/api.w.org\/{rel}","templated":true}]}}