{"id":4280,"date":"2021-02-23T20:00:00","date_gmt":"2021-02-23T20:00:00","guid":{"rendered":"https:\/\/www.web-rr.de\/GHS-Buecherei\/?page_id=4280"},"modified":"2021-02-22T23:59:59","modified_gmt":"2021-02-22T23:59:59","slug":"p9783866855458","status":"publish","type":"page","link":"https:\/\/www.web-rr.de\/GHS-Buecherei\/index.php\/p9783866855458\/","title":{"rendered":"Fr\u00fcher + Heute 42"},"content":{"rendered":"<table><tbody><tr><td class='rDTitel' colspan='2'>Heuerjunge Fiet: Ein Kinderleben in der Wesermarsch<\/td><\/tr><tr><td><span class='rDLabel1'>Status: <\/span><span class='rDText1Gruen'>vorhanden<\/span><\/td><td><span class='rDLabel1'>Antolin: <\/span><span class='rDText1Rot'>Quiz nicht vorhanden.<\/span><\/td><\/tr><tr><td width=50%><img src='https:\/\/www.web-rr.de\/GHS-Buecherei\/wp-content\/uploads\/9783866855458.jpg' alt=''><\/td><td><p class='rDLabel2'>von <span class='rDText2'>Alfred B\u00fcngen<\/span><\/p><p class='rDLabel2'>Verlag: <span class='rDText2'>Geest-Verlag,  2015,  10.00 \u20ac<\/span><\/p><p class='rDLabel2'>B\u00fccherei-Barcode: <span class='rDText2'>9783866855458<\/span><\/p><p class='rDLabel2'>In der B\u00fccherei erfasst am: <span class='rDText2'>11.01.2020<\/span><\/p><p class='rDLabel2'>Stichw\u00f6rter: <span class='rDText2'>Schule, Berne, Ganspe, 1950<\/span><\/p><p class='rDLabel2'>Lesealter ca. <span class='rDText2'>-<\/span><span class='rDLabel2'> Jahre<\/span><\/p><p class='rDLabel2'>Das Buch wurde <span class='rDText2'>0<\/span><span class='rDLabel2'> mal gelesen.<\/span><\/p><\/td><\/tr><tr><td colspan='2'><p class='rDLabel1'>Inhalt:<\/p><span class='rDText2'>Auch die 5. Berner B\u00fccherwochen hielten f\u00fcr die Grundsch\u00fcler ein besonderes Buchprojekt bereit.\r\nNachdem im vergangenen Jahr der Zauberer Begamotz mit den Kindern auf eine abenteuerliche Reise in vergangene Zeiten gegangen ist, entdeckten die Kinder der dritten Klassen der Grundschule Ganspe und der Comenius-Grundschule Berne in diesem Projekt das Leben von Heuerkindern in der Mitte des vergangenen Jahrhunderts. Zeitzeugen erz\u00e4hlten den teilnehmenden Kindern, wie sie damals gelebt haben. Fernseher und\r\nHandy kannte man noch nicht, ein eigenes Zimmer war nicht denkbar. F\u00fcr die Kinder besonders erschreckend, die heute kaum noch vorstellbare Armut und die damalige Gewalt gegen\u00fcber Kindern.\r\nIn fiktiven Rollen spielten die Kinder das Leben in jenen Jahren gedanklich durch und machten sich Notizen, schrieben eigene Abenteuer, die in diesem Buch zusammengefasst und mit einer durchgehenden Perspektive versehen worden sind.\r\nSo erlebt der Leser spannende Abenteuer und lernt zugleich eine Menge \u00fcber Kinderleben aus den 50er-Jahren.<\/span><\/td><\/tr><tr><td colspan='2'><a href='#' onclick='history.back(); return false'>Zur\u00fcck<\/a><\/td><\/tr><\/tbody><\/table>\n","protected":false},"excerpt":{"rendered":"","protected":false},"author":1,"featured_media":0,"parent":0,"menu_order":0,"comment_status":"closed","ping_status":"closed","template":"","meta":[],"_links":{"self":[{"href":"https:\/\/www.web-rr.de\/GHS-Buecherei\/index.php\/wp-json\/wp\/v2\/pages\/4280"}],"collection":[{"href":"https:\/\/www.web-rr.de\/GHS-Buecherei\/index.php\/wp-json\/wp\/v2\/pages"}],"about":[{"href":"https:\/\/www.web-rr.de\/GHS-Buecherei\/index.php\/wp-json\/wp\/v2\/types\/page"}],"author":[{"embeddable":true,"href":"https:\/\/www.web-rr.de\/GHS-Buecherei\/index.php\/wp-json\/wp\/v2\/users\/1"}],"replies":[{"embeddable":true,"href":"https:\/\/www.web-rr.de\/GHS-Buecherei\/index.php\/wp-json\/wp\/v2\/comments?post=4280"}],"version-history":[{"count":0,"href":"https:\/\/www.web-rr.de\/GHS-Buecherei\/index.php\/wp-json\/wp\/v2\/pages\/4280\/revisions"}],"wp:attachment":[{"href":"https:\/\/www.web-rr.de\/GHS-Buecherei\/index.php\/wp-json\/wp\/v2\/media?parent=4280"}],"curies":[{"name":"wp","href":"https:\/\/api.w.org\/{rel}","templated":true}]}}