{"id":4273,"date":"2021-02-23T20:00:00","date_gmt":"2021-02-23T20:00:00","guid":{"rendered":"https:\/\/www.web-rr.de\/GHS-Buecherei\/?page_id=4273"},"modified":"2021-02-22T23:59:59","modified_gmt":"2021-02-22T23:59:59","slug":"p9783788620998","status":"publish","type":"page","link":"https:\/\/www.web-rr.de\/GHS-Buecherei\/index.php\/p9783788620998\/","title":{"rendered":"Fr\u00fcher + Heute 35"},"content":{"rendered":"<table><tbody><tr><td class='rDTitel' colspan='2'>WAS IST WAS Band 58 Wikinger. Nordm\u00e4nner zur See<\/td><\/tr><tr><td><span class='rDLabel1'>Status: <\/span><span class='rDText1Gruen'>vorhanden<\/span><\/td><td><span class='rDLabel1'>Antolin: <\/span><span class='rDText1Gruen'>ja, Empfehlung Klasse 5<\/span><\/td><\/tr><tr><td width=50%><img src='https:\/\/www.web-rr.de\/GHS-Buecherei\/wp-content\/uploads\/9783788620998.jpg' alt=''><\/td><td><p class='rDLabel2'>von <span class='rDText2'>Andrea Schaller<\/span><\/p><p class='rDLabel2'>Verlag: <span class='rDText2'>Tessloff Verlag Ragnar Tessloff GmbH & Co. KG,  2016,  9.95 \u20ac<\/span><\/p><p class='rDLabel2'>B\u00fccherei-Barcode: <span class='rDText2'>9783788620998<\/span><\/p><p class='rDLabel2'>In der B\u00fccherei erfasst am: <span class='rDText2'>25.09.2019<\/span><\/p><p class='rDLabel2'>Stichw\u00f6rter: <span class='rDText2'>Schiffsbauer, Seefahrer, Gr\u00f6nland, Nordamerika, Krieger, G\u00f6tterwelt<\/span><\/p><p class='rDLabel2'>Lesealter ca. <span class='rDText2'>9<\/span><span class='rDLabel2'> Jahre<\/span><\/p><p class='rDLabel2'>Das Buch wurde <span class='rDText2'>6<\/span><span class='rDLabel2'> mal gelesen.<\/span><\/p><\/td><\/tr><tr><td colspan='2'><p class='rDLabel1'>Inhalt:<\/p><span class='rDText2'>Sie waren geniale Schiffsbauer und Seefahrer, sie fuhren bis nach Gr\u00f6nland und Nordamerika. Bekannt sind die Wikinger als brutale Krieger und Pl\u00fcnderer. Jedoch hatte das Leben der Nordm\u00e4nner sehr verschiedene Seiten: Die Wikinger handelten bis nach Russland und Vorderasien. Sie siedelten und tauschten sich mit anderen aus. Unter ihnen waren begabte Politiker, Dichter, Handwerker und Bauern. Ihre G\u00f6tterwelt und ihre Runenschrift faszinieren bis heute.<\/span><\/td><\/tr><tr><td colspan='2'><a href='#' onclick='history.back(); return false'>Zur\u00fcck<\/a><\/td><\/tr><\/tbody><\/table>\n","protected":false},"excerpt":{"rendered":"","protected":false},"author":1,"featured_media":0,"parent":0,"menu_order":0,"comment_status":"closed","ping_status":"closed","template":"","meta":[],"_links":{"self":[{"href":"https:\/\/www.web-rr.de\/GHS-Buecherei\/index.php\/wp-json\/wp\/v2\/pages\/4273"}],"collection":[{"href":"https:\/\/www.web-rr.de\/GHS-Buecherei\/index.php\/wp-json\/wp\/v2\/pages"}],"about":[{"href":"https:\/\/www.web-rr.de\/GHS-Buecherei\/index.php\/wp-json\/wp\/v2\/types\/page"}],"author":[{"embeddable":true,"href":"https:\/\/www.web-rr.de\/GHS-Buecherei\/index.php\/wp-json\/wp\/v2\/users\/1"}],"replies":[{"embeddable":true,"href":"https:\/\/www.web-rr.de\/GHS-Buecherei\/index.php\/wp-json\/wp\/v2\/comments?post=4273"}],"version-history":[{"count":0,"href":"https:\/\/www.web-rr.de\/GHS-Buecherei\/index.php\/wp-json\/wp\/v2\/pages\/4273\/revisions"}],"wp:attachment":[{"href":"https:\/\/www.web-rr.de\/GHS-Buecherei\/index.php\/wp-json\/wp\/v2\/media?parent=4273"}],"curies":[{"name":"wp","href":"https:\/\/api.w.org\/{rel}","templated":true}]}}