{"id":4267,"date":"2021-02-23T20:00:00","date_gmt":"2021-02-23T20:00:00","guid":{"rendered":"https:\/\/www.web-rr.de\/GHS-Buecherei\/?page_id=4267"},"modified":"2021-02-22T23:59:59","modified_gmt":"2021-02-22T23:59:59","slug":"p9783867400145","status":"publish","type":"page","link":"https:\/\/www.web-rr.de\/GHS-Buecherei\/index.php\/p9783867400145\/","title":{"rendered":"Fr\u00fcher + Heute 29"},"content":{"rendered":"<table><tbody><tr><td class='rDTitel' colspan='2'>Abenteuer Weltwissen - Ritter (inkl. CD)<\/td><\/tr><tr><td><span class='rDLabel1'>Status: <\/span><span class='rDText1Gruen'>vorhanden<\/span><\/td><td><span class='rDLabel1'>Antolin: <\/span><span class='rDText1Gruen'>ja, Empfehlung Klasse 4<\/span><\/td><\/tr><tr><td width=50%><img src='https:\/\/www.web-rr.de\/GHS-Buecherei\/wp-content\/uploads\/9783867400145.jpg' alt=''><\/td><td><p class='rDLabel2'>von <span class='rDText2'>Hans-J\u00fcrgen van der Gieth<\/span><\/p><p class='rDLabel2'>Verlag: <span class='rDText2'>BVK Buch Verlag Kempen GmbH,  2010,  13.90 \u20ac<\/span><\/p><p class='rDLabel2'>B\u00fccherei-Barcode: <span class='rDText2'>9783867400145<\/span><\/p><p class='rDLabel2'>In der B\u00fccherei erfasst am: <span class='rDText2'>30.10.2018<\/span><\/p><p class='rDLabel2'>Stichw\u00f6rter: <span class='rDText2'>Waffenkunde, Turniere, Kriegsf\u00fchrung, Ritterburg, Ritterfest<\/span><\/p><p class='rDLabel2'>Lesealter ca. <span class='rDText2'>8<\/span><span class='rDLabel2'> Jahre<\/span><\/p><p class='rDLabel2'>Das Buch wurde <span class='rDText2'>1<\/span><span class='rDLabel2'> mal gelesen.<\/span><\/p><\/td><\/tr><tr><td colspan='2'><p class='rDLabel1'>Inhalt:<\/p><span class='rDText2'>Aus dem Inhalt: Vom Pagen zum Ritter Das Leben auf einer Burg Waffenkunde, Turniere, Kriegsf\u00fchrung Von der besonderen Stellung der Ritter: Ritterlichkeit, Mut und Gottesfurcht Wappen basteln, eine Ritterburg bauen, ein Ritterfest feiern ... Zum H\u00f6rspiel: Tom und Tina wissen nicht mehr weiter: Sie m\u00fcssen bis zur n\u00e4chsten Woche ein Referat \u00fcber das Leben auf einer mittelalterlichen Burg schreiben. Und sie haben doch keine Ahnung ... Da kann nur noch Professor Kniffelogus helfen. Tats\u00e4chlich: Der kluge Professor wei\u00df wie immer Rat. Mit einer Zeitrakete schickt er die beiden Kinder ins Mittelalter auf eine Burg. Tom und Tina landen im Burghof und werden Zeugen eines Streites: Wer hat den Brunnen vergiftet? Schon sind die beiden mitten drin in einem spannenden und gef\u00e4hrlichen Abenteuer. Dabei erfahren sie so nebenbei eine ganze Menge \u00fcber das Leben auf einer mittelalterlichen Burg. Wie praktisch! ab 8 Jahren<\/span><\/td><\/tr><tr><td colspan='2'><a href='#' onclick='history.back(); return false'>Zur\u00fcck<\/a><\/td><\/tr><\/tbody><\/table>\n","protected":false},"excerpt":{"rendered":"","protected":false},"author":1,"featured_media":0,"parent":0,"menu_order":0,"comment_status":"closed","ping_status":"closed","template":"","meta":[],"_links":{"self":[{"href":"https:\/\/www.web-rr.de\/GHS-Buecherei\/index.php\/wp-json\/wp\/v2\/pages\/4267"}],"collection":[{"href":"https:\/\/www.web-rr.de\/GHS-Buecherei\/index.php\/wp-json\/wp\/v2\/pages"}],"about":[{"href":"https:\/\/www.web-rr.de\/GHS-Buecherei\/index.php\/wp-json\/wp\/v2\/types\/page"}],"author":[{"embeddable":true,"href":"https:\/\/www.web-rr.de\/GHS-Buecherei\/index.php\/wp-json\/wp\/v2\/users\/1"}],"replies":[{"embeddable":true,"href":"https:\/\/www.web-rr.de\/GHS-Buecherei\/index.php\/wp-json\/wp\/v2\/comments?post=4267"}],"version-history":[{"count":0,"href":"https:\/\/www.web-rr.de\/GHS-Buecherei\/index.php\/wp-json\/wp\/v2\/pages\/4267\/revisions"}],"wp:attachment":[{"href":"https:\/\/www.web-rr.de\/GHS-Buecherei\/index.php\/wp-json\/wp\/v2\/media?parent=4267"}],"curies":[{"name":"wp","href":"https:\/\/api.w.org\/{rel}","templated":true}]}}