{"id":4266,"date":"2021-02-23T20:00:00","date_gmt":"2021-02-23T20:00:00","guid":{"rendered":"https:\/\/www.web-rr.de\/GHS-Buecherei\/?page_id=4266"},"modified":"2021-02-22T23:59:59","modified_gmt":"2021-02-22T23:59:59","slug":"p9783867403436","status":"publish","type":"page","link":"https:\/\/www.web-rr.de\/GHS-Buecherei\/index.php\/p9783867403436\/","title":{"rendered":"Fr\u00fcher + Heute 28"},"content":{"rendered":"<table><tbody><tr><td class='rDTitel' colspan='2'>Abenteuer Weltwissen - Mittelalter (inkl. CD)<\/td><\/tr><tr><td><span class='rDLabel1'>Status: <\/span><span class='rDText1Gruen'>vorhanden<\/span><\/td><td><span class='rDLabel1'>Antolin: <\/span><span class='rDText1Gruen'>ja, Empfehlung Klasse 5<\/span><\/td><\/tr><tr><td width=50%><img src='https:\/\/www.web-rr.de\/GHS-Buecherei\/wp-content\/uploads\/9783867403436.jpg' alt=''><\/td><td><p class='rDLabel2'>von <span class='rDText2'>Anne Scheller<\/span><\/p><p class='rDLabel2'>Verlag: <span class='rDText2'>BVK Buch Verlag Kempen GmbH,  2014,  13.90 \u20ac<\/span><\/p><p class='rDLabel2'>B\u00fccherei-Barcode: <span class='rDText2'>9783867403436<\/span><\/p><p class='rDLabel2'>In der B\u00fccherei erfasst am: <span class='rDText2'>30.10.2018<\/span><\/p><p class='rDLabel2'>Stichw\u00f6rter: <span class='rDText2'>Ritter, Armut, Not, Pest, Burgen, Kirchen, Stadtmauern<\/span><\/p><p class='rDLabel2'>Lesealter ca. <span class='rDText2'>9<\/span><span class='rDLabel2'> Jahre<\/span><\/p><p class='rDLabel2'>Das Buch wurde <span class='rDText2'>0<\/span><span class='rDLabel2'> mal gelesen.<\/span><\/p><\/td><\/tr><tr><td colspan='2'><p class='rDLabel1'>Inhalt:<\/p><span class='rDText2'>Wenn wir das Wort Mittelalter h\u00f6ren, denken wir an Burgen mit mutigen und kampfeslustigen Rittern, pr\u00e4chtige Kirchen, m\u00e4chtige St\u00e4dte und reiche H\u00e4ndler. Doch auch Armut und Not, harte Arbeit, Folter und Seuchen geh\u00f6rten zu dieser Zeit. Das Mittelalter umfasst ungef\u00e4hr die Zeit zwischen 500 und 1500 n. Chr. Gerade f\u00fcr das Leben in Mitteleuropa war dies eine sehr pr\u00e4gende Zeit. Heute noch sind Burgen, Kirchen, Stadtmauern etc. aus dem Mittelalter erhalten.Auf Kinder und Jugendliche \u00fcbt diese Epoche eine gro\u00dfe Faszination aus. Nicht ohne Grund spielen etliche Kinder- und Jugendromane, viele Werke der Fantasyliteratur oder auch Rollen- und Computerspiele in dieser Zeit. Offenbar verf\u00fcgt das Mittelalter \u00fcber eine Magie, der wir Menschen uns auch heute nicht entziehen k\u00f6nnen.In diesem Buch werden sowohl die historischen Fakten und Ereignisse, aber auch verst\u00e4rkt die Lebensbedingungen der Menschen, ihr Leben und ihr Alltag, in verst\u00e4ndlichen Texten und anschaulichen Abbildungen dargestellt.Aus dem Inhalt:Reichsgr\u00fcndung der Langobarden Christianisierung in England Das Frankenreich Karl der Gro\u00dfe Rittertum Kreuzz\u00fcge Gr\u00fcndung der Hanse Friedrich Barbarossa Pestepidemie ...<\/span><\/td><\/tr><tr><td colspan='2'><a href='#' onclick='history.back(); return false'>Zur\u00fcck<\/a><\/td><\/tr><\/tbody><\/table>\n","protected":false},"excerpt":{"rendered":"","protected":false},"author":1,"featured_media":0,"parent":0,"menu_order":0,"comment_status":"closed","ping_status":"closed","template":"","meta":[],"_links":{"self":[{"href":"https:\/\/www.web-rr.de\/GHS-Buecherei\/index.php\/wp-json\/wp\/v2\/pages\/4266"}],"collection":[{"href":"https:\/\/www.web-rr.de\/GHS-Buecherei\/index.php\/wp-json\/wp\/v2\/pages"}],"about":[{"href":"https:\/\/www.web-rr.de\/GHS-Buecherei\/index.php\/wp-json\/wp\/v2\/types\/page"}],"author":[{"embeddable":true,"href":"https:\/\/www.web-rr.de\/GHS-Buecherei\/index.php\/wp-json\/wp\/v2\/users\/1"}],"replies":[{"embeddable":true,"href":"https:\/\/www.web-rr.de\/GHS-Buecherei\/index.php\/wp-json\/wp\/v2\/comments?post=4266"}],"version-history":[{"count":0,"href":"https:\/\/www.web-rr.de\/GHS-Buecherei\/index.php\/wp-json\/wp\/v2\/pages\/4266\/revisions"}],"wp:attachment":[{"href":"https:\/\/www.web-rr.de\/GHS-Buecherei\/index.php\/wp-json\/wp\/v2\/media?parent=4266"}],"curies":[{"name":"wp","href":"https:\/\/api.w.org\/{rel}","templated":true}]}}