{"id":4262,"date":"2021-02-23T20:00:00","date_gmt":"2021-02-23T20:00:00","guid":{"rendered":"https:\/\/www.web-rr.de\/GHS-Buecherei\/?page_id=4262"},"modified":"2021-02-22T23:59:59","modified_gmt":"2021-02-22T23:59:59","slug":"p9783831025015","status":"publish","type":"page","link":"https:\/\/www.web-rr.de\/GHS-Buecherei\/index.php\/p9783831025015\/","title":{"rendered":"Fr\u00fcher + Heute 24"},"content":{"rendered":"<table><tbody><tr><td class='rDTitel' colspan='2'>Eine Stadt im Lauf der Zeit: Von der antiken Siedlung zur heutigen Metropole<\/td><\/tr><tr><td><span class='rDLabel1'>Status: <\/span><span class='rDText1Gruen'>vorhanden<\/span><\/td><td><span class='rDLabel1'>Antolin: <\/span><span class='rDText1Rot'>Quiz nicht vorhanden.<\/span><\/td><\/tr><tr><td width=50%><img src='https:\/\/www.web-rr.de\/GHS-Buecherei\/wp-content\/uploads\/9783831025015.jpg' alt=''><\/td><td><p class='rDLabel2'>von <span class='rDText2'>Steve Noon<\/span><\/p><p class='rDLabel2'>Verlag: <span class='rDText2'>Dorling Kindersley,  2014,  12.95 \u20ac<\/span><\/p><p class='rDLabel2'>B\u00fccherei-Barcode: <span class='rDText2'>9783831025015<\/span><\/p><p class='rDLabel2'>In der B\u00fccherei erfasst am: <span class='rDText2'>29.10.2018<\/span><\/p><p class='rDLabel2'>Stichw\u00f6rter: <span class='rDText2'>Epochen, Stadtgr\u00fcndung, Siedler, Panoramazeichnungen<\/span><\/p><p class='rDLabel2'>Lesealter ca. <span class='rDText2'>-<\/span><span class='rDLabel2'> Jahre<\/span><\/p><p class='rDLabel2'>Das Buch wurde <span class='rDText2'>0<\/span><span class='rDLabel2'> mal gelesen.<\/span><\/p><\/td><\/tr><tr><td colspan='2'><p class='rDLabel1'>Inhalt:<\/p><span class='rDText2'>Unglaublich, wie sich das Gesicht einer Stadt im Laufe der Jahrhunderte wandelt! Dieses eindrucksvolle Sachbilderbuch nimmt Kinder mit auf eine spannende Entdeckungsreise zu den wichtigsten historischen Epochen und ihren Besonderheiten. Hier gibt es unendlich viel zu sehen: So ist man bei der Stadtgr\u00fcndung durch griechische Siedler dabei, wundert sich, warum man sich w\u00e4hrend der r\u00f6mischen Epoche gerne in \u00f6ffentlichen B\u00e4dern traf, blickt auf die mittelalterliche Burg oder erf\u00e4hrt, warum w\u00e4hrend der Industriellen Revolution der Bahnhof zum Zentrum der Stadt wurde. 12 gro\u00dfe, szenische Panoramazeichnungen dokumentieren eindrucksvoll das Leben in einer Stadt und zeigen das gesch\u00e4ftige Treiben. Kurze Texte informieren \u00fcber die Bewohner der jeweiligen Epoche und ihren Alltag. Ein wunderbares Buch, in dem kleine Leser immer wieder Neues entdecken k\u00f6nnen.<\/span><\/td><\/tr><tr><td colspan='2'><a href='#' onclick='history.back(); return false'>Zur\u00fcck<\/a><\/td><\/tr><\/tbody><\/table>\n","protected":false},"excerpt":{"rendered":"","protected":false},"author":1,"featured_media":0,"parent":0,"menu_order":0,"comment_status":"closed","ping_status":"closed","template":"","meta":[],"_links":{"self":[{"href":"https:\/\/www.web-rr.de\/GHS-Buecherei\/index.php\/wp-json\/wp\/v2\/pages\/4262"}],"collection":[{"href":"https:\/\/www.web-rr.de\/GHS-Buecherei\/index.php\/wp-json\/wp\/v2\/pages"}],"about":[{"href":"https:\/\/www.web-rr.de\/GHS-Buecherei\/index.php\/wp-json\/wp\/v2\/types\/page"}],"author":[{"embeddable":true,"href":"https:\/\/www.web-rr.de\/GHS-Buecherei\/index.php\/wp-json\/wp\/v2\/users\/1"}],"replies":[{"embeddable":true,"href":"https:\/\/www.web-rr.de\/GHS-Buecherei\/index.php\/wp-json\/wp\/v2\/comments?post=4262"}],"version-history":[{"count":0,"href":"https:\/\/www.web-rr.de\/GHS-Buecherei\/index.php\/wp-json\/wp\/v2\/pages\/4262\/revisions"}],"wp:attachment":[{"href":"https:\/\/www.web-rr.de\/GHS-Buecherei\/index.php\/wp-json\/wp\/v2\/media?parent=4262"}],"curies":[{"name":"wp","href":"https:\/\/api.w.org\/{rel}","templated":true}]}}