{"id":4261,"date":"2021-02-23T20:00:00","date_gmt":"2021-02-23T20:00:00","guid":{"rendered":"https:\/\/www.web-rr.de\/GHS-Buecherei\/?page_id=4261"},"modified":"2021-02-22T23:59:59","modified_gmt":"2021-02-22T23:59:59","slug":"p9783791372372","status":"publish","type":"page","link":"https:\/\/www.web-rr.de\/GHS-Buecherei\/index.php\/p9783791372372\/","title":{"rendered":"Fr\u00fcher + Heute 23"},"content":{"rendered":"<table><tbody><tr><td class='rDTitel' colspan='2'>Das Museum der Weltkulturen: Eintritt frei!<\/td><\/tr><tr><td><span class='rDLabel1'>Status: <\/span><span class='rDText1Gruen'>vorhanden<\/span><\/td><td><span class='rDLabel1'>Antolin: <\/span><span class='rDText1Gruen'>ja, Empfehlung Klasse 7<\/span><\/td><\/tr><tr><td width=50%><img src='https:\/\/www.web-rr.de\/GHS-Buecherei\/wp-content\/uploads\/9783791372372.jpg' alt=''><\/td><td><p class='rDLabel2'>von <span class='rDText2'>Jo Nelson<\/span><\/p><p class='rDLabel2'>Verlag: <span class='rDText2'>Prestel Verlag,  2015,  24.99 \u20ac<\/span><\/p><p class='rDLabel2'>B\u00fccherei-Barcode: <span class='rDText2'>9783791372372<\/span><\/p><p class='rDLabel2'>In der B\u00fccherei erfasst am: <span class='rDText2'>29.10.2018<\/span><\/p><p class='rDLabel2'>Stichw\u00f6rter: <span class='rDText2'>Kunstsch\u00e4tze, Kulturen,Exponate, Chinesen, R\u00f6mer, Mayas, Kelten<\/span><\/p><p class='rDLabel2'>Lesealter ca. <span class='rDText2'>11<\/span><span class='rDLabel2'> Jahre<\/span><\/p><p class='rDLabel2'>Das Buch wurde <span class='rDText2'>2<\/span><span class='rDLabel2'> mal gelesen.<\/span><\/p><\/td><\/tr><tr><td colspan='2'><p class='rDLabel1'>Inhalt:<\/p><span class='rDText2'>Die wichtigsten Kunstsch\u00e4tze alter KulturenDie sch\u00f6nsten Exponate aus den ber\u00fchmtesten Museen der Welt: Das \"Museum der Weltkulturen\" vereint mehr als 160 Kunstwerke in akribisch detaillierten Illustrationen.Ein Rundgang durch das Museum, von dem alle nur tr\u00e4umen k\u00f6nnen: Es vereinigt die sch\u00f6nsten Exponate, die in Wirklichkeit rund um den Globus verstreut sind. Sie erz\u00e4hlen vom Alltag, der Religion und der Kunst alter Zivilisationen und geben uns unsch\u00e4tzbare Einblicke in das Entstehen unserer eigenen Kultur. Schmuck, Waffen, Alltagsgegenst\u00e4nde und Kunstwerke \u2013 mehr als 140 Gegenst\u00e4nde aus den vergangenen Kulturen der Chinesen, R\u00f6mer, Mayas, Kelten u. v. m. zeichnen in detailgetreuen Illustrationen ein eindrucksvolles Bild lang vergangener Zeiten.<\/span><\/td><\/tr><tr><td colspan='2'><a href='#' onclick='history.back(); return false'>Zur\u00fcck<\/a><\/td><\/tr><\/tbody><\/table>\n","protected":false},"excerpt":{"rendered":"","protected":false},"author":1,"featured_media":0,"parent":0,"menu_order":0,"comment_status":"closed","ping_status":"closed","template":"","meta":[],"_links":{"self":[{"href":"https:\/\/www.web-rr.de\/GHS-Buecherei\/index.php\/wp-json\/wp\/v2\/pages\/4261"}],"collection":[{"href":"https:\/\/www.web-rr.de\/GHS-Buecherei\/index.php\/wp-json\/wp\/v2\/pages"}],"about":[{"href":"https:\/\/www.web-rr.de\/GHS-Buecherei\/index.php\/wp-json\/wp\/v2\/types\/page"}],"author":[{"embeddable":true,"href":"https:\/\/www.web-rr.de\/GHS-Buecherei\/index.php\/wp-json\/wp\/v2\/users\/1"}],"replies":[{"embeddable":true,"href":"https:\/\/www.web-rr.de\/GHS-Buecherei\/index.php\/wp-json\/wp\/v2\/comments?post=4261"}],"version-history":[{"count":0,"href":"https:\/\/www.web-rr.de\/GHS-Buecherei\/index.php\/wp-json\/wp\/v2\/pages\/4261\/revisions"}],"wp:attachment":[{"href":"https:\/\/www.web-rr.de\/GHS-Buecherei\/index.php\/wp-json\/wp\/v2\/media?parent=4261"}],"curies":[{"name":"wp","href":"https:\/\/api.w.org\/{rel}","templated":true}]}}