{"id":4260,"date":"2021-02-23T20:00:00","date_gmt":"2021-02-23T20:00:00","guid":{"rendered":"https:\/\/www.web-rr.de\/GHS-Buecherei\/?page_id=4260"},"modified":"2021-02-22T23:59:59","modified_gmt":"2021-02-22T23:59:59","slug":"p9783831002122","status":"publish","type":"page","link":"https:\/\/www.web-rr.de\/GHS-Buecherei\/index.php\/p9783831002122\/","title":{"rendered":"Fr\u00fcher + Heute 22"},"content":{"rendered":"<table><tbody><tr><td class='rDTitel' colspan='2'>Die Geschichte eines Bauernhofs. Vom Mittelalter bis heute<\/td><\/tr><tr><td><span class='rDLabel1'>Status: <\/span><span class='rDText1Gruen'>vorhanden<\/span><\/td><td><span class='rDLabel1'>Antolin: <\/span><span class='rDText1Gruen'>ja, Empfehlung Klasse 4<\/span><\/td><\/tr><tr><td width=50%><img src='https:\/\/www.web-rr.de\/GHS-Buecherei\/wp-content\/uploads\/9783831002122.jpg' alt=''><\/td><td><p class='rDLabel2'>von <span class='rDText2'>Angela Wilkes<\/span><\/p><p class='rDLabel2'>Verlag: <span class='rDText2'>Dorling Kindersley Verlag GmbH,  2011,  14.95 \u20ac<\/span><\/p><p class='rDLabel2'>B\u00fccherei-Barcode: <span class='rDText2'>9783831002122<\/span><\/p><p class='rDLabel2'>In der B\u00fccherei erfasst am: <span class='rDText2'>29.10.2018<\/span><\/p><p class='rDLabel2'>Stichw\u00f6rter: <span class='rDText2'>Mittelalter, Bauernhof, Pfl\u00fcgen, Melken, Schafschur, S\u00e4en, Ernten, Heumachen<\/span><\/p><p class='rDLabel2'>Lesealter ca. <span class='rDText2'>8<\/span><span class='rDLabel2'> Jahre<\/span><\/p><p class='rDLabel2'>Das Buch wurde <span class='rDText2'>0<\/span><span class='rDLabel2'> mal gelesen.<\/span><\/p><\/td><\/tr><tr><td colspan='2'><p class='rDLabel1'>Inhalt:<\/p><span class='rDText2'>Unglaublich, wie sich ein Bauernhof im Lauf der Zeit ver\u00e4ndern kann! Dieses eindrucksvolle Sachbilderbuch im einzigartigen Illustrationsstil nimmt die Kinder auf eine Reise mit, die anschaulich die Entwicklung eines b\u00e4uerlichen Hofes pr\u00e4sentiert: von einer einfachen Behausung im fr\u00fchen Mittelalter \u00fcber ein stattliches Anwesen im 18. Jahrhundert bis hin zum modernen Hof im 21. Jahrhundert. 14 doppelseitige Zeichnungen im Querformat zeigen wundersch\u00f6ne Szenerien mit einer F\u00fclle von Details, die es zu entdecken gilt. Die Geschichte, die dem Rhythmus der Jahreszeiten folgt, begleitet verschiedene Generationen von Bauern bei der Arbeit und zeigt sie beim Pfl\u00fcgen, beim Melken, bei der Schafschur, beim S\u00e4en, Ernten und Heumachen. Erz\u00e4hlende Kurztexte leiten jede Epoche ein, w\u00e4hrend Fragen und kleine Suchspiele dazu animieren, sich genauer mit dem Geschehen zu besch\u00e4ftigen. Ein schier \u00fcberbordender Bilderbogen, der Kindern Spa\u00df auf Geschichte macht<\/span><\/td><\/tr><tr><td colspan='2'><a href='#' onclick='history.back(); return false'>Zur\u00fcck<\/a><\/td><\/tr><\/tbody><\/table>\n","protected":false},"excerpt":{"rendered":"","protected":false},"author":1,"featured_media":0,"parent":0,"menu_order":0,"comment_status":"closed","ping_status":"closed","template":"","meta":[],"_links":{"self":[{"href":"https:\/\/www.web-rr.de\/GHS-Buecherei\/index.php\/wp-json\/wp\/v2\/pages\/4260"}],"collection":[{"href":"https:\/\/www.web-rr.de\/GHS-Buecherei\/index.php\/wp-json\/wp\/v2\/pages"}],"about":[{"href":"https:\/\/www.web-rr.de\/GHS-Buecherei\/index.php\/wp-json\/wp\/v2\/types\/page"}],"author":[{"embeddable":true,"href":"https:\/\/www.web-rr.de\/GHS-Buecherei\/index.php\/wp-json\/wp\/v2\/users\/1"}],"replies":[{"embeddable":true,"href":"https:\/\/www.web-rr.de\/GHS-Buecherei\/index.php\/wp-json\/wp\/v2\/comments?post=4260"}],"version-history":[{"count":0,"href":"https:\/\/www.web-rr.de\/GHS-Buecherei\/index.php\/wp-json\/wp\/v2\/pages\/4260\/revisions"}],"wp:attachment":[{"href":"https:\/\/www.web-rr.de\/GHS-Buecherei\/index.php\/wp-json\/wp\/v2\/media?parent=4260"}],"curies":[{"name":"wp","href":"https:\/\/api.w.org\/{rel}","templated":true}]}}