{"id":4252,"date":"2021-02-23T20:00:00","date_gmt":"2021-02-23T20:00:00","guid":{"rendered":"https:\/\/www.web-rr.de\/GHS-Buecherei\/?page_id=4252"},"modified":"2021-02-22T23:59:59","modified_gmt":"2021-02-22T23:59:59","slug":"p9783942428736","status":"publish","type":"page","link":"https:\/\/www.web-rr.de\/GHS-Buecherei\/index.php\/p9783942428736\/","title":{"rendered":"Fr\u00fcher + Heute 14"},"content":{"rendered":"<table><tbody><tr><td class='rDTitel' colspan='2'>Abenteuer auf der Schw\u00e4bischen Alb: Lilly, Nikolas und das Geheimnis der Schnupftabakdose<\/td><\/tr><tr><td><span class='rDLabel1'>Status: <\/span><span class='rDText1Gruen'>vorhanden<\/span><\/td><td><span class='rDLabel1'>Antolin: <\/span><span class='rDText1Gruen'>ja, Empfehlung Klasse 4<\/span><\/td><\/tr><tr><td width=50%><img src='https:\/\/www.web-rr.de\/GHS-Buecherei\/wp-content\/uploads\/9783942428736.jpg' alt=''><\/td><td><p class='rDLabel2'>von <span class='rDText2'>Ira Lenz und Claudia Meinicke<\/span><\/p><p class='rDLabel2'>Verlag: <span class='rDText2'>Biber & Butzemann,  2017,  14.50 \u20ac<\/span><\/p><p class='rDLabel2'>B\u00fccherei-Barcode: <span class='rDText2'>9783942428736<\/span><\/p><p class='rDLabel2'>In der B\u00fccherei erfasst am: <span class='rDText2'>04.08.2018<\/span><\/p><p class='rDLabel2'>Stichw\u00f6rter: <span class='rDText2'>Ferien, Freunde, Steinzeit, H\u00f6hlen, Geheimnis<\/span><\/p><p class='rDLabel2'>Lesealter ca. <span class='rDText2'>8<\/span><span class='rDLabel2'> Jahre<\/span><\/p><p class='rDLabel2'>Das Buch wurde <span class='rDText2'>0<\/span><span class='rDLabel2'> mal gelesen.<\/span><\/p><\/td><\/tr><tr><td colspan='2'><p class='rDLabel1'>Inhalt:<\/p><span class='rDText2'>Lilly und Nikolas k\u00f6nnen die Ferien auf der Schw\u00e4bischen Alb kaum erwarten: Endlich sehen sie ihre Freunde Sophie und Jonas wieder. Doch zwischen T\u00fcbingen und Ulm warten noch viele weitere \u00dcberraschungen auf die Geschwister: Sie \u00fcbernachten in einer Jurte, besuchen einen echten schw\u00e4bischen Cowboy, besichtigen ein traumhaftes Schloss, baden im Fluss und erkunden Bergwerke und H\u00f6hlen. Vor allem aber geht Lilly und Nikolas das Geheimnis, das Sophie und Jonas ihnen anvertraut haben, nicht mehr aus dem Kopf. Was hat es mit der alten, silbernen Schnupftabakdose auf sich, die Sophie in der Scheune gefunden hat? In der H\u00f6hle Rulamans, einem H\u00e4uptlingssohn aus der Steinzeit, und auf Burg Hohenzollern sto\u00dfen die Kinder auf Hinweise. Gemeinsam schmieden sie einen Plan. K\u00f6nnen sie das Geheimnis der Schnupftabakdose l\u00fcften?<\/span><\/td><\/tr><tr><td colspan='2'><a href='#' onclick='history.back(); return false'>Zur\u00fcck<\/a><\/td><\/tr><\/tbody><\/table>\n","protected":false},"excerpt":{"rendered":"","protected":false},"author":1,"featured_media":0,"parent":0,"menu_order":0,"comment_status":"closed","ping_status":"closed","template":"","meta":[],"_links":{"self":[{"href":"https:\/\/www.web-rr.de\/GHS-Buecherei\/index.php\/wp-json\/wp\/v2\/pages\/4252"}],"collection":[{"href":"https:\/\/www.web-rr.de\/GHS-Buecherei\/index.php\/wp-json\/wp\/v2\/pages"}],"about":[{"href":"https:\/\/www.web-rr.de\/GHS-Buecherei\/index.php\/wp-json\/wp\/v2\/types\/page"}],"author":[{"embeddable":true,"href":"https:\/\/www.web-rr.de\/GHS-Buecherei\/index.php\/wp-json\/wp\/v2\/users\/1"}],"replies":[{"embeddable":true,"href":"https:\/\/www.web-rr.de\/GHS-Buecherei\/index.php\/wp-json\/wp\/v2\/comments?post=4252"}],"version-history":[{"count":0,"href":"https:\/\/www.web-rr.de\/GHS-Buecherei\/index.php\/wp-json\/wp\/v2\/pages\/4252\/revisions"}],"wp:attachment":[{"href":"https:\/\/www.web-rr.de\/GHS-Buecherei\/index.php\/wp-json\/wp\/v2\/media?parent=4252"}],"curies":[{"name":"wp","href":"https:\/\/api.w.org\/{rel}","templated":true}]}}