{"id":4251,"date":"2021-02-23T20:00:00","date_gmt":"2021-02-23T20:00:00","guid":{"rendered":"https:\/\/www.web-rr.de\/GHS-Buecherei\/?page_id=4251"},"modified":"2021-02-22T23:59:59","modified_gmt":"2021-02-22T23:59:59","slug":"p9783492060974","status":"publish","type":"page","link":"https:\/\/www.web-rr.de\/GHS-Buecherei\/index.php\/p9783492060974\/","title":{"rendered":"Fr\u00fcher + Heute 13"},"content":{"rendered":"<table><tbody><tr><td class='rDTitel' colspan='2'>Ich versteh die Welt nicht mehr: Die wichtigsten Nachrichten verst\u00e4ndlich erkl\u00e4rt<\/td><\/tr><tr><td><span class='rDLabel1'>Status: <\/span><span class='rDText1Gruen'>vorhanden<\/span><\/td><td><span class='rDLabel1'>Antolin: <\/span><span class='rDText1Rot'>Quiz nicht vorhanden.<\/span><\/td><\/tr><tr><td width=50%><img src='https:\/\/www.web-rr.de\/GHS-Buecherei\/wp-content\/uploads\/9783492060974.jpg' alt=''><\/td><td><p class='rDLabel2'>von <span class='rDText2'>Jennifer Sieglar und Tim Schreder<\/span><\/p><p class='rDLabel2'>Verlag: <span class='rDText2'>Piper Paperback,  2017,  15.00 \u20ac<\/span><\/p><p class='rDLabel2'>B\u00fccherei-Barcode: <span class='rDText2'>9783492060974<\/span><\/p><p class='rDLabel2'>In der B\u00fccherei erfasst am: <span class='rDText2'>04.08.2018<\/span><\/p><p class='rDLabel2'>Stichw\u00f6rter: <span class='rDText2'>Islamische Staat, Erdogan, AfD,<\/span><\/p><p class='rDLabel2'>Lesealter ca. <span class='rDText2'>-<\/span><span class='rDLabel2'> Jahre<\/span><\/p><p class='rDLabel2'>Das Buch wurde <span class='rDText2'>0<\/span><span class='rDLabel2'> mal gelesen.<\/span><\/p><\/td><\/tr><tr><td colspan='2'><p class='rDLabel1'>Inhalt:<\/p><span class='rDText2'>Der Islamische Staat verbreitet weltweit Angst und Terror, in den USA wird ein Au\u00dfenseiter zum Pr\u00e4sident gew\u00e4hlt, aus der T\u00fcrkei vernimmt man st\u00e4ndig neue Schreckensmeldungen \u00fcber Pr\u00e4sident Erdogan und die AfD gewinnt dauernd W\u00e4hlerstimmen hinzu \u2013 die Welt der Nachrichten dreht sich immer schneller, dabei sind viele Themen ohne fundiertes Hintergrundwissen kaum zu verstehen. Zugleich konsumieren viele Menschen diese Meldungen vor allem bruchst\u00fcckhaft \u00fcber die sozialen Medien. Hier setzt \u00bbIch versteh die Welt nicht mehr\u00ab an und bietet auf verst\u00e4ndliche und unterhaltsame Art Hintergr\u00fcnde zu den 24 wichtigsten Nachrichtenthemen unserer Zeit.<\/span><\/td><\/tr><tr><td colspan='2'><a href='#' onclick='history.back(); return false'>Zur\u00fcck<\/a><\/td><\/tr><\/tbody><\/table>\n","protected":false},"excerpt":{"rendered":"","protected":false},"author":1,"featured_media":0,"parent":0,"menu_order":0,"comment_status":"closed","ping_status":"closed","template":"","meta":[],"_links":{"self":[{"href":"https:\/\/www.web-rr.de\/GHS-Buecherei\/index.php\/wp-json\/wp\/v2\/pages\/4251"}],"collection":[{"href":"https:\/\/www.web-rr.de\/GHS-Buecherei\/index.php\/wp-json\/wp\/v2\/pages"}],"about":[{"href":"https:\/\/www.web-rr.de\/GHS-Buecherei\/index.php\/wp-json\/wp\/v2\/types\/page"}],"author":[{"embeddable":true,"href":"https:\/\/www.web-rr.de\/GHS-Buecherei\/index.php\/wp-json\/wp\/v2\/users\/1"}],"replies":[{"embeddable":true,"href":"https:\/\/www.web-rr.de\/GHS-Buecherei\/index.php\/wp-json\/wp\/v2\/comments?post=4251"}],"version-history":[{"count":0,"href":"https:\/\/www.web-rr.de\/GHS-Buecherei\/index.php\/wp-json\/wp\/v2\/pages\/4251\/revisions"}],"wp:attachment":[{"href":"https:\/\/www.web-rr.de\/GHS-Buecherei\/index.php\/wp-json\/wp\/v2\/media?parent=4251"}],"curies":[{"name":"wp","href":"https:\/\/api.w.org\/{rel}","templated":true}]}}